{"id":37022,"date":"2026-01-23T15:39:52","date_gmt":"2026-01-23T14:39:52","guid":{"rendered":"https:\/\/azure-crane-105192.hostingersite.com\/?page_id=37022"},"modified":"2026-02-09T12:28:07","modified_gmt":"2026-02-09T11:28:07","slug":"formations-presentielles","status":"publish","type":"page","link":"https:\/\/takumifinch.com\/fr\/our-classroom-courses\/","title":{"rendered":"Nos formations pr\u00e9sentielles"},"content":{"rendered":"<div data-elementor-type=\"wp-page\" data-elementor-id=\"37022\" class=\"elementor elementor-37022\" data-elementor-post-type=\"page\">\n\t\t\t\t<section class=\"elementor-element elementor-element-529e4ef e-flex e-con-boxed e-con e-parent\" data-id=\"529e4ef\" data-element_type=\"container\" data-e-type=\"container\" data-settings=\"{&quot;background_background&quot;:&quot;video&quot;,&quot;background_video_link&quot;:&quot;https:\\\/\\\/takumifinch.com\\\/wp-content\\\/uploads\\\/2026\\\/01\\\/catalogue_formation_takumi.mp4&quot;,&quot;background_play_on_mobile&quot;:&quot;yes&quot;}\">\n\t\t\t\t\t<div class=\"e-con-inner\">\n\t\t<div class=\"elementor-background-video-container\">\n\t\t\t\t\t\t\t<video class=\"elementor-background-video-hosted\" role=\"presentation\" autoplay muted playsinline loop><\/video>\n\t\t\t\t\t<\/div>\t\t<div class=\"elementor-element elementor-element-7c30821 elementor-widget elementor-widget-hfe-breadcrumbs-widget\" data-id=\"7c30821\" data-element_type=\"widget\" data-e-type=\"widget\" data-widget_type=\"hfe-breadcrumbs-widget.default\">\n\t\t\t\t<div class=\"elementor-widget-container\">\n\t\t\t\t\t<nav aria-label=\"Breadcrumb\"><ul class=\"hfe-breadcrumbs hfe-breadcrumbs-show-home\"><li class=\"hfe-breadcrumbs-item hfe-breadcrumbs-first\"><span class=\"hfe-breadcrumbs-home-icon\"><\/span><a href=\"https:\/\/takumifinch.com\/fr\"><span class=\"hfe-breadcrumbs-text\">Accueil<\/span><\/a><\/li><\/ul><\/nav>\t\t\t\t<\/div>\n\t\t\t\t<\/div>\n\t\t\t\t<div class=\"elementor-element elementor-element-5de5949 elementor-widget elementor-widget-heading\" data-id=\"5de5949\" data-element_type=\"widget\" data-e-type=\"widget\" data-widget_type=\"heading.default\">\n\t\t\t\t\t<h1 class=\"elementor-heading-title elementor-size-default\">Nos formations pr\u00e9sentielles<\/h1>\t\t\t\t<\/div>\n\t\t\t\t<div class=\"elementor-element elementor-element-8cdab70 elementor-widget__width-initial elementor-widget elementor-widget-text-editor\" data-id=\"8cdab70\" data-element_type=\"widget\" data-e-type=\"widget\" data-widget_type=\"text-editor.default\">\n\t\t\t\t\t\t\t\t\t<p>Vous trouverez sur cette page la liste de toutes nos sessions de formation en pr\u00e9sentiel disponibles<\/p>\t\t\t\t\t\t\t\t<\/div>\n\t\t\t\t\t<\/div>\n\t\t\t\t<\/section>\n\t\t<section class=\"elementor-element elementor-element-f1e9f42 e-flex e-con-boxed e-con e-parent\" data-id=\"f1e9f42\" data-element_type=\"container\" data-e-type=\"container\" data-settings=\"{&quot;background_background&quot;:&quot;classic&quot;}\">\n\t\t\t\t\t<div class=\"e-con-inner\">\n\t\t\t\t<div class=\"elementor-element elementor-element-4eef512 elementor-widget elementor-widget-heading\" data-id=\"4eef512\" data-element_type=\"widget\" data-e-type=\"widget\" data-widget_type=\"heading.default\">\n\t\t\t\t\t<h2 class=\"elementor-heading-title elementor-size-default\">Pause des formations en 2026<\/h2>\t\t\t\t<\/div>\n\t\t\t\t<div class=\"elementor-element elementor-element-e5a67dc elementor-widget elementor-widget-text-editor\" data-id=\"e5a67dc\" data-element_type=\"widget\" data-e-type=\"widget\" data-widget_type=\"text-editor.default\">\n\t\t\t\t\t\t\t\t\t<p style=\"text-align: center;\" data-path-to-node=\"2,1\">Apr\u00e8s plus de dix ans d\u2019activit\u00e9, l\u2019Institut suspend ses formations pour l\u2019ann\u00e9e 2026.<br \/>Nous consacrons cette p\u00e9riode de transition au soin ainsi qu\u2019\u00e0 la recherche scientifique.<\/p><p style=\"text-align: center;\" data-path-to-node=\"2,2\">Nous vous tiendrons inform\u00e9s de la reprise de nos activit\u00e9s sur ce site.<\/p><p style=\"text-align: center;\" data-path-to-node=\"2,2\">Toute l\u2019\u00e9quipe vous souhaite une belle continuation.<\/p>\t\t\t\t\t\t\t\t<\/div>\n\t\t\t\t\t<\/div>\n\t\t\t\t<\/section>\n\t\t<div class=\"elementor-element elementor-element-cd60294 e-flex e-con-boxed e-con e-parent\" data-id=\"cd60294\" data-element_type=\"container\" data-e-type=\"container\" data-settings=\"{&quot;background_background&quot;:&quot;classic&quot;}\">\n\t\t\t\t\t<div class=\"e-con-inner\">\n\t\t\t\t<div class=\"elementor-element elementor-element-f270865 e-n-tabs-mobile elementor-widget elementor-widget-n-tabs\" data-id=\"f270865\" data-element_type=\"widget\" data-e-type=\"widget\" data-settings=\"{&quot;horizontal_scroll&quot;:&quot;disable&quot;}\" data-widget_type=\"nested-tabs.default\">\n\t\t\t\t\t\t\t<div class=\"e-n-tabs\" data-widget-number=\"254216293\" aria-label=\"Tabs. Open items with Enter or Space, close with Escape and navigate using the Arrow keys.\">\n\t\t\t<div class=\"e-n-tabs-heading\" role=\"tablist\">\n\t\t\t\t\t<button id=\"e-n-tab-title-2542162931\" data-tab-title-id=\"e-n-tab-title-2542162931\" class=\"e-n-tab-title\" aria-selected=\"true\" data-tab-index=\"1\" role=\"tab\" tabindex=\"0\" aria-controls=\"e-n-tab-content-2542162931\" style=\"--n-tabs-title-order: 1;\">\n\t\t\t\t\t\t<span class=\"e-n-tab-title-text\">\n\t\t\t\tMassage Kyokut\u0113\t\t\t<\/span>\n\t\t<\/button>\n\t\t\t\t<button id=\"e-n-tab-title-2542162932\" data-tab-title-id=\"e-n-tab-title-2542162932\" class=\"e-n-tab-title\" aria-selected=\"false\" data-tab-index=\"2\" role=\"tab\" tabindex=\"-1\" aria-controls=\"e-n-tab-content-2542162932\" style=\"--n-tabs-title-order: 2;\">\n\t\t\t\t\t\t<span class=\"e-n-tab-title-text\">\n\t\t\t\tLa fasciath\u00e9rapie\t\t\t<\/span>\n\t\t<\/button>\n\t\t\t\t\t<\/div>\n\t\t\t<div class=\"e-n-tabs-content\">\n\t\t\t\t<div id=\"e-n-tab-content-2542162931\" role=\"tabpanel\" aria-labelledby=\"e-n-tab-title-2542162931\" data-tab-index=\"1\" style=\"--n-tabs-title-order: 1;\" class=\"e-active elementor-element elementor-element-4424aaf e-con-full e-flex e-con e-child\" data-id=\"4424aaf\" data-element_type=\"container\" data-e-type=\"container\">\n\t\t<div class=\"elementor-element elementor-element-ba2ae7c e-flex e-con-boxed e-con e-child\" data-id=\"ba2ae7c\" data-element_type=\"container\" data-e-type=\"container\">\n\t\t\t\t\t<div class=\"e-con-inner\">\n\t\t<div class=\"elementor-element elementor-element-b30e6d3 e-con-full e-flex e-con e-child\" data-id=\"b30e6d3\" data-element_type=\"container\" data-e-type=\"container\">\n\t\t\t\t<div class=\"elementor-element elementor-element-578b3bb elementor-widget elementor-widget-text-editor\" data-id=\"578b3bb\" data-element_type=\"widget\" data-e-type=\"widget\" data-widget_type=\"text-editor.default\">\n\t\t\t\t\t\t\t\t\t<p><b>Niveau Praticien : apprendre un massage complet en techniques ancestrale japonaise du Kyokut\u0113<\/b><\/p><p>\u00c9tablir une relaxation profonde et un \u00e9clat de la peau et un lifting naturel du visage avec 6 protocoles Kyokut\u0113.<\/p><p>Ma\u00eetriser un atlas des 50 techniques fondamentales du Kyokut\u0113, afin d\u2019avoir une vue d\u2019ensemble de toutes les gestuelles.<\/p><p>Adopter une posture du corps ancr\u00e9e et souple<\/p><p><b>Niveau Sp\u00e9cialiste : Perfectionnement des Techniques<\/b><\/p><p>Notre objectif est de vous amener progressivement \u00e0 sentir et \u00e0 percevoir les tissus.<\/p><p>60% du temps est consacr\u00e9 au d\u00e9veloppement de votre perception sensorielle du Kyokut\u0113, \u00e0 l\u2019acquisition de la vitesse, de la fluidit\u00e9 et de la dext\u00e9rit\u00e9.<\/p><p>30% sont consacr\u00e9s \u00e0 la compr\u00e9hension de l\u2019efficacit\u00e9 du geste et de son intention.<\/p><p>Et 10% \u00e0 travailler la posture, la sensibilit\u00e9 et l\u2019\u00e9coute du praticien.<\/p><p><b>Masterclass de perfectionnement en Art Japonais<\/b><\/p><p><span style=\"font-weight: 400;\">Journ\u00e9es de perfectionnement pour devenir expert en Art Japonais du massage du visage, ax\u00e9e sur la fluidit\u00e9 gestuelle et la m\u00e9ditation.<\/span><\/p>\t\t\t\t\t\t\t\t<\/div>\n\t\t\t\t<div class=\"elementor-element elementor-element-d66c17b elementor-align-center elementor-widget elementor-widget-button\" data-id=\"d66c17b\" data-element_type=\"widget\" data-e-type=\"widget\" data-widget_type=\"button.default\">\n\t\t\t\t\t\t\t\t\t\t<a class=\"elementor-button elementor-button-link elementor-size-sm\" href=\"https:\/\/takumifinch.com\/fr\/formations-presentielles\/decouvrez-le-massage-kyokute\/\">\n\t\t\t\t\t\t<span class=\"elementor-button-content-wrapper\">\n\t\t\t\t\t\t\t\t\t<span class=\"elementor-button-text\">En savoir plus sur ces formations<\/span>\n\t\t\t\t\t<\/span>\n\t\t\t\t\t<\/a>\n\t\t\t\t\t\t\t\t<\/div>\n\t\t\t\t<\/div>\n\t\t\t\t<div class=\"elementor-element elementor-element-6140711 elementor-widget elementor-widget-image\" data-id=\"6140711\" data-element_type=\"widget\" data-e-type=\"widget\" data-widget_type=\"image.default\">\n\t\t\t\t\t\t\t\t\t\t\t\t\t\t\t<picture><source srcset=\"https:\/\/takumifinch.com\/wp-content\/webp-express\/webp-images\/uploads\/2026\/01\/Formation-Kobido-Takumi-Finch-2-1200x800-1.jpg.webp 1200w, https:\/\/takumifinch.com\/wp-content\/webp-express\/webp-images\/uploads\/2026\/01\/Formation-Kobido-Takumi-Finch-2-1200x800-1-300x200.jpg.webp 300w, https:\/\/takumifinch.com\/wp-content\/webp-express\/webp-images\/uploads\/2026\/01\/Formation-Kobido-Takumi-Finch-2-1200x800-1-1024x683.jpg.webp 1024w, https:\/\/takumifinch.com\/wp-content\/webp-express\/webp-images\/uploads\/2026\/01\/Formation-Kobido-Takumi-Finch-2-1200x800-1-768x512.jpg.webp 768w, https:\/\/takumifinch.com\/wp-content\/webp-express\/webp-images\/uploads\/2026\/01\/Formation-Kobido-Takumi-Finch-2-1200x800-1-100x67.jpg.webp 100w, https:\/\/takumifinch.com\/wp-content\/webp-express\/webp-images\/uploads\/2026\/01\/Formation-Kobido-Takumi-Finch-2-1200x800-1-18x12.jpg.webp 18w\" sizes=\"(max-width: 1200px) 100vw, 1200px\" type=\"image\/webp\"><img fetchpriority=\"high\" decoding=\"async\" width=\"1200\" height=\"800\" src=\"https:\/\/takumifinch.com\/wp-content\/uploads\/2026\/01\/Formation-Kobido-Takumi-Finch-2-1200x800-1.jpg\" class=\"attachment-full size-full wp-image-37016 webpexpress-processed\" alt=\"\" srcset=\"https:\/\/takumifinch.com\/wp-content\/uploads\/2026\/01\/Formation-Kobido-Takumi-Finch-2-1200x800-1.jpg 1200w, https:\/\/takumifinch.com\/wp-content\/uploads\/2026\/01\/Formation-Kobido-Takumi-Finch-2-1200x800-1-300x200.jpg 300w, https:\/\/takumifinch.com\/wp-content\/uploads\/2026\/01\/Formation-Kobido-Takumi-Finch-2-1200x800-1-1024x683.jpg 1024w, https:\/\/takumifinch.com\/wp-content\/uploads\/2026\/01\/Formation-Kobido-Takumi-Finch-2-1200x800-1-768x512.jpg 768w, https:\/\/takumifinch.com\/wp-content\/uploads\/2026\/01\/Formation-Kobido-Takumi-Finch-2-1200x800-1-100x67.jpg 100w, https:\/\/takumifinch.com\/wp-content\/uploads\/2026\/01\/Formation-Kobido-Takumi-Finch-2-1200x800-1-18x12.jpg 18w\" sizes=\"(max-width: 1200px) 100vw, 1200px\"><\/picture>\t\t\t\t\t\t\t\t\t\t\t\t\t\t\t<\/div>\n\t\t\t\t\t<\/div>\n\t\t\t\t<\/div>\n\t\t\t\t<\/div>\n\t\t<div id=\"e-n-tab-content-2542162932\" role=\"tabpanel\" aria-labelledby=\"e-n-tab-title-2542162932\" data-tab-index=\"2\" style=\"--n-tabs-title-order: 2;\" class=\"elementor-element elementor-element-35c80f0 e-con-full e-flex e-con e-child\" data-id=\"35c80f0\" data-element_type=\"container\" data-e-type=\"container\">\n\t\t<div class=\"elementor-element elementor-element-31c880f e-flex e-con-boxed e-con e-child\" data-id=\"31c880f\" data-element_type=\"container\" data-e-type=\"container\">\n\t\t\t\t\t<div class=\"e-con-inner\">\n\t\t<div class=\"elementor-element elementor-element-cde8a04 e-con-full e-flex e-con e-child\" data-id=\"cde8a04\" data-element_type=\"container\" data-e-type=\"container\">\n\t\t\t\t<div class=\"elementor-element elementor-element-02cdf50 elementor-widget elementor-widget-text-editor\" data-id=\"02cdf50\" data-element_type=\"widget\" data-e-type=\"widget\" data-widget_type=\"text-editor.default\">\n\t\t\t\t\t\t\t\t\t<p>Pour les personnes qui ne recherchent pas forc\u00e9ment l\u2019angle des th\u00e9rapies japonaises, mais une m\u00e9thode myo-fasciale bas\u00e9e<\/p><ul><li>5 Masterclasses sont propos\u00e9es : lymphatique, rides, yeux, cr\u00e2ne, buccale.<\/li><li>Formation manipulation des fascias du dos, des \u00e9paules et de la nuque<\/li><\/ul><p>\u00a0<\/p><p>Ces cours ne sont pas des formations de reconversion, mais un perfectionnement exigeant pour les praticiens souhaitant affiner leur \u00e9coute tissulaire et ma\u00eetriser des techniques avanc\u00e9es. Elles demandent une dext\u00e9rit\u00e9 experte, une capacit\u00e9 \u00e0 ressentir et \u00e0 ajuster chaque mouvement avec une finesse extr\u00eame.<\/p><p>Nous voulons \u00e9veiller votre curiosit\u00e9, stimuler votre envie de pr\u00e9cision, et vous donner des outils concrets pour enrichir votre pratique. Chaque session est une exploration sensorielle et anatomique qui vous am\u00e8nera \u00e0 repenser votre approche du soin.<\/p>\t\t\t\t\t\t\t\t<\/div>\n\t\t\t\t<div class=\"elementor-element elementor-element-7f8b13c elementor-align-center elementor-widget elementor-widget-button\" data-id=\"7f8b13c\" data-element_type=\"widget\" data-e-type=\"widget\" data-widget_type=\"button.default\">\n\t\t\t\t\t\t\t\t\t\t<a class=\"elementor-button elementor-button-link elementor-size-sm\" href=\"https:\/\/takumifinch.com\/fr\/formations-presentielles\/formations-myo-fasciale\/\">\n\t\t\t\t\t\t<span class=\"elementor-button-content-wrapper\">\n\t\t\t\t\t\t\t\t\t<span class=\"elementor-button-text\">En savoir plus sur ces formations<\/span>\n\t\t\t\t\t<\/span>\n\t\t\t\t\t<\/a>\n\t\t\t\t\t\t\t\t<\/div>\n\t\t\t\t<\/div>\n\t\t\t\t<div class=\"elementor-element elementor-element-9b73702 elementor-widget elementor-widget-image\" data-id=\"9b73702\" data-element_type=\"widget\" data-e-type=\"widget\" data-widget_type=\"image.default\">\n\t\t\t\t\t\t\t\t\t\t\t\t\t\t\t<picture><source srcset=\"https:\/\/takumifinch.com\/wp-content\/webp-express\/webp-images\/uploads\/2026\/01\/Formation-Kobido-Takumi-Finch-10.jpg.webp 1270w, https:\/\/takumifinch.com\/wp-content\/webp-express\/webp-images\/uploads\/2026\/01\/Formation-Kobido-Takumi-Finch-10-300x200.jpg.webp 300w, https:\/\/takumifinch.com\/wp-content\/webp-express\/webp-images\/uploads\/2026\/01\/Formation-Kobido-Takumi-Finch-10-1024x683.jpg.webp 1024w, https:\/\/takumifinch.com\/wp-content\/webp-express\/webp-images\/uploads\/2026\/01\/Formation-Kobido-Takumi-Finch-10-768x512.jpg.webp 768w, https:\/\/takumifinch.com\/wp-content\/webp-express\/webp-images\/uploads\/2026\/01\/Formation-Kobido-Takumi-Finch-10-100x67.jpg.webp 100w, https:\/\/takumifinch.com\/wp-content\/webp-express\/webp-images\/uploads\/2026\/01\/Formation-Kobido-Takumi-Finch-10-18x12.jpg.webp 18w\" sizes=\"(max-width: 1270px) 100vw, 1270px\" type=\"image\/webp\"><img decoding=\"async\" width=\"1270\" height=\"847\" src=\"https:\/\/takumifinch.com\/wp-content\/uploads\/2026\/01\/Formation-Kobido-Takumi-Finch-10.jpg\" class=\"attachment-full size-full wp-image-37017 webpexpress-processed\" alt=\"\" srcset=\"https:\/\/takumifinch.com\/wp-content\/uploads\/2026\/01\/Formation-Kobido-Takumi-Finch-10.jpg 1270w, https:\/\/takumifinch.com\/wp-content\/uploads\/2026\/01\/Formation-Kobido-Takumi-Finch-10-300x200.jpg 300w, https:\/\/takumifinch.com\/wp-content\/uploads\/2026\/01\/Formation-Kobido-Takumi-Finch-10-1024x683.jpg 1024w, https:\/\/takumifinch.com\/wp-content\/uploads\/2026\/01\/Formation-Kobido-Takumi-Finch-10-768x512.jpg 768w, https:\/\/takumifinch.com\/wp-content\/uploads\/2026\/01\/Formation-Kobido-Takumi-Finch-10-100x67.jpg 100w, https:\/\/takumifinch.com\/wp-content\/uploads\/2026\/01\/Formation-Kobido-Takumi-Finch-10-18x12.jpg 18w\" sizes=\"(max-width: 1270px) 100vw, 1270px\"><\/picture>\t\t\t\t\t\t\t\t\t\t\t\t\t\t\t<\/div>\n\t\t\t\t\t<\/div>\n\t\t\t\t<\/div>\n\t\t\t\t<\/div>\n\t\t\t\t\t<\/div>\n\t\t<\/div>\n\t\t\t\t\t\t<\/div>\n\t\t\t\t\t<\/div>\n\t\t\t\t<\/div>\n\t\t\t\t<\/div>","protected":false},"excerpt":{"rendered":"<p>Home On this page, you will find a list of all our available classroom training sessions. Training suspended in 2026 After more than ten years of activity, the Institute will be suspending its training programs for the year 2026.We are dedicating this transitional period to clinical care and scientific research. We will keep you updated [&hellip;]<\/p>\n","protected":false},"author":1,"featured_media":0,"parent":0,"menu_order":0,"comment_status":"closed","ping_status":"closed","template":"","meta":{"inline_featured_image":false,"iawp_total_views":590,"footnotes":""},"class_list":["post-37022","page","type-page","status-publish","hentry"],"yoast_head":"<!-- This site is optimized with the Yoast SEO plugin v27.1.1 - https:\/\/yoast.com\/product\/yoast-seo-wordpress\/ -->\n<title>Our classroom courses - Institut Takumi Finch<\/title>\n<meta name=\"robots\" content=\"index, follow, max-snippet:-1, max-image-preview:large, max-video-preview:-1\" \/>\n<link rel=\"canonical\" href=\"https:\/\/takumifinch.com\/fr\/formations-presentielles\/\" \/>\n<meta property=\"og:locale\" content=\"fr_FR\" \/>\n<meta property=\"og:type\" content=\"article\" \/>\n<meta property=\"og:title\" content=\"Our classroom courses - Institut Takumi Finch\" \/>\n<meta property=\"og:description\" content=\"Home On this page, you will find a list of all our available classroom training sessions. Training suspended in 2026 After more than ten years of activity, the Institute will be suspending its training programs for the year 2026.We are dedicating this transitional period to clinical care and scientific research. We will keep you updated [&hellip;]\" \/>\n<meta property=\"og:url\" content=\"https:\/\/takumifinch.com\/fr\/formations-presentielles\/\" \/>\n<meta property=\"og:site_name\" content=\"Institut Takumi Finch\" \/>\n<meta property=\"article:modified_time\" content=\"2026-02-09T11:28:07+00:00\" \/>\n<meta property=\"og:image\" content=\"https:\/\/takumifinch.com\/wp-content\/uploads\/2026\/01\/Formation-Kobido-Takumi-Finch-2-1200x800-1.jpg\" \/>\n\t<meta property=\"og:image:width\" content=\"1200\" \/>\n\t<meta property=\"og:image:height\" content=\"800\" \/>\n\t<meta property=\"og:image:type\" content=\"image\/jpeg\" \/>\n<meta name=\"twitter:card\" content=\"summary_large_image\" \/>\n<meta name=\"twitter:label1\" content=\"Dur\u00e9e de lecture estim\u00e9e\" \/>\n\t<meta name=\"twitter:data1\" content=\"1 minute\" \/>\n<script type=\"application\/ld+json\" class=\"yoast-schema-graph\">{\"@context\":\"https:\/\/schema.org\",\"@graph\":[{\"@type\":\"WebPage\",\"@id\":\"https:\/\/takumifinch.com\/our-classroom-courses\/\",\"url\":\"https:\/\/takumifinch.com\/our-classroom-courses\/\",\"name\":\"Our classroom courses - Institut Takumi Finch\",\"isPartOf\":{\"@id\":\"https:\/\/takumifinch.com\/#website\"},\"primaryImageOfPage\":{\"@id\":\"https:\/\/takumifinch.com\/our-classroom-courses\/#primaryimage\"},\"image\":{\"@id\":\"https:\/\/takumifinch.com\/our-classroom-courses\/#primaryimage\"},\"thumbnailUrl\":\"https:\/\/takumifinch.com\/wp-content\/uploads\/2026\/01\/Formation-Kobido-Takumi-Finch-2-1200x800-1.jpg\",\"datePublished\":\"2026-01-23T14:39:52+00:00\",\"dateModified\":\"2026-02-09T11:28:07+00:00\",\"breadcrumb\":{\"@id\":\"https:\/\/takumifinch.com\/our-classroom-courses\/#breadcrumb\"},\"inLanguage\":\"fr-FR\",\"potentialAction\":[{\"@type\":\"ReadAction\",\"target\":[\"https:\/\/takumifinch.com\/our-classroom-courses\/\"]}]},{\"@type\":\"ImageObject\",\"inLanguage\":\"fr-FR\",\"@id\":\"https:\/\/takumifinch.com\/our-classroom-courses\/#primaryimage\",\"url\":\"https:\/\/takumifinch.com\/wp-content\/uploads\/2026\/01\/Formation-Kobido-Takumi-Finch-2-1200x800-1.jpg\",\"contentUrl\":\"https:\/\/takumifinch.com\/wp-content\/uploads\/2026\/01\/Formation-Kobido-Takumi-Finch-2-1200x800-1.jpg\"},{\"@type\":\"BreadcrumbList\",\"@id\":\"https:\/\/takumifinch.com\/our-classroom-courses\/#breadcrumb\",\"itemListElement\":[{\"@type\":\"ListItem\",\"position\":1,\"name\":\"Home\",\"item\":\"https:\/\/takumifinch.com\/\"},{\"@type\":\"ListItem\",\"position\":2,\"name\":\"Our classroom courses\"}]},{\"@type\":\"WebSite\",\"@id\":\"https:\/\/takumifinch.com\/#website\",\"url\":\"https:\/\/takumifinch.com\/\",\"name\":\"Institut Takumi Finch\",\"description\":\"Formations en bien-\u00eatre th\u00e9rapeutique\",\"publisher\":{\"@id\":\"https:\/\/takumifinch.com\/#organization\"},\"alternateName\":\"Takumi Finch\",\"potentialAction\":[{\"@type\":\"SearchAction\",\"target\":{\"@type\":\"EntryPoint\",\"urlTemplate\":\"https:\/\/takumifinch.com\/?s={search_term_string}\"},\"query-input\":{\"@type\":\"PropertyValueSpecification\",\"valueRequired\":true,\"valueName\":\"search_term_string\"}}],\"inLanguage\":\"fr-FR\"},{\"@type\":\"Organization\",\"@id\":\"https:\/\/takumifinch.com\/#organization\",\"name\":\"Institut Takumi Finch\",\"alternateName\":\"Takumi Finch\",\"url\":\"https:\/\/takumifinch.com\/\",\"logo\":{\"@type\":\"ImageObject\",\"inLanguage\":\"fr-FR\",\"@id\":\"https:\/\/takumifinch.com\/#\/schema\/logo\/image\/\",\"url\":\"https:\/\/takumifinch.com\/wp-content\/uploads\/2025\/10\/logo.svg\",\"contentUrl\":\"https:\/\/takumifinch.com\/wp-content\/uploads\/2025\/10\/logo.svg\",\"caption\":\"Institut Takumi Finch\"},\"image\":{\"@id\":\"https:\/\/takumifinch.com\/#\/schema\/logo\/image\/\"},\"sameAs\":[\"https:\/\/www.instagram.com\/institut_takumifinch\/\",\"https:\/\/www.linkedin.com\/company\/takumi-finch\/\",\"https:\/\/www.youtube.com\/channel\/UCFfkd6KPoJNy-gTVvA_u4mw\"]}]}<\/script>\n<!-- \/ Yoast SEO plugin. -->","yoast_head_json":{"title":"Nos formations pr\u00e9sentielles - Institut Takumi Finch","robots":{"index":"index","follow":"follow","max-snippet":"max-snippet:-1","max-image-preview":"max-image-preview:large","max-video-preview":"max-video-preview:-1"},"canonical":"https:\/\/takumifinch.com\/fr\/formations-presentielles\/","og_locale":"fr_FR","og_type":"article","og_title":"Our classroom courses - Institut Takumi Finch","og_description":"Home On this page, you will find a list of all our available classroom training sessions. Training suspended in 2026 After more than ten years of activity, the Institute will be suspending its training programs for the year 2026.We are dedicating this transitional period to clinical care and scientific research. We will keep you updated [&hellip;]","og_url":"https:\/\/takumifinch.com\/fr\/formations-presentielles\/","og_site_name":"Institut Takumi Finch","article_modified_time":"2026-02-09T11:28:07+00:00","og_image":[{"width":1200,"height":800,"url":"https:\/\/takumifinch.com\/wp-content\/uploads\/2026\/01\/Formation-Kobido-Takumi-Finch-2-1200x800-1.jpg","type":"image\/jpeg"}],"twitter_card":"summary_large_image","twitter_misc":{"Dur\u00e9e de lecture estim\u00e9e":"1 minute"},"schema":{"@context":"https:\/\/schema.org","@graph":[{"@type":"WebPage","@id":"https:\/\/takumifinch.com\/our-classroom-courses\/","url":"https:\/\/takumifinch.com\/our-classroom-courses\/","name":"Nos formations pr\u00e9sentielles - Institut Takumi Finch","isPartOf":{"@id":"https:\/\/takumifinch.com\/#website"},"primaryImageOfPage":{"@id":"https:\/\/takumifinch.com\/our-classroom-courses\/#primaryimage"},"image":{"@id":"https:\/\/takumifinch.com\/our-classroom-courses\/#primaryimage"},"thumbnailUrl":"https:\/\/takumifinch.com\/wp-content\/uploads\/2026\/01\/Formation-Kobido-Takumi-Finch-2-1200x800-1.jpg","datePublished":"2026-01-23T14:39:52+00:00","dateModified":"2026-02-09T11:28:07+00:00","breadcrumb":{"@id":"https:\/\/takumifinch.com\/our-classroom-courses\/#breadcrumb"},"inLanguage":"fr-FR","potentialAction":[{"@type":"ReadAction","target":["https:\/\/takumifinch.com\/our-classroom-courses\/"]}]},{"@type":"ImageObject","inLanguage":"fr-FR","@id":"https:\/\/takumifinch.com\/our-classroom-courses\/#primaryimage","url":"https:\/\/takumifinch.com\/wp-content\/uploads\/2026\/01\/Formation-Kobido-Takumi-Finch-2-1200x800-1.jpg","contentUrl":"https:\/\/takumifinch.com\/wp-content\/uploads\/2026\/01\/Formation-Kobido-Takumi-Finch-2-1200x800-1.jpg"},{"@type":"BreadcrumbList","@id":"https:\/\/takumifinch.com\/our-classroom-courses\/#breadcrumb","itemListElement":[{"@type":"ListItem","position":1,"name":"Home","item":"https:\/\/takumifinch.com\/"},{"@type":"ListItem","position":2,"name":"Our classroom courses"}]},{"@type":"WebSite","@id":"https:\/\/takumifinch.com\/#website","url":"https:\/\/takumifinch.com\/","name":"Institut Takumi Finch","description":"Formations en bien-\u00eatre th\u00e9rapeutique","publisher":{"@id":"https:\/\/takumifinch.com\/#organization"},"alternateName":"Takumi Finch","potentialAction":[{"@type":"SearchAction","target":{"@type":"EntryPoint","urlTemplate":"https:\/\/takumifinch.com\/?s={search_term_string}"},"query-input":{"@type":"PropertyValueSpecification","valueRequired":true,"valueName":"search_term_string"}}],"inLanguage":"fr-FR"},{"@type":"Organization","@id":"https:\/\/takumifinch.com\/#organization","name":"Institut Takumi Finch","alternateName":"Takumi Finch","url":"https:\/\/takumifinch.com\/","logo":{"@type":"ImageObject","inLanguage":"fr-FR","@id":"https:\/\/takumifinch.com\/#\/schema\/logo\/image\/","url":"https:\/\/takumifinch.com\/wp-content\/uploads\/2025\/10\/logo.svg","contentUrl":"https:\/\/takumifinch.com\/wp-content\/uploads\/2025\/10\/logo.svg","caption":"Institut Takumi Finch"},"image":{"@id":"https:\/\/takumifinch.com\/#\/schema\/logo\/image\/"},"sameAs":["https:\/\/www.instagram.com\/institut_takumifinch\/","https:\/\/www.linkedin.com\/company\/takumi-finch\/","https:\/\/www.youtube.com\/channel\/UCFfkd6KPoJNy-gTVvA_u4mw"]}]}},"_links":{"self":[{"href":"https:\/\/takumifinch.com\/fr\/wp-json\/wp\/v2\/pages\/37022","targetHints":{"allow":["GET"]}}],"collection":[{"href":"https:\/\/takumifinch.com\/fr\/wp-json\/wp\/v2\/pages"}],"about":[{"href":"https:\/\/takumifinch.com\/fr\/wp-json\/wp\/v2\/types\/page"}],"author":[{"embeddable":true,"href":"https:\/\/takumifinch.com\/fr\/wp-json\/wp\/v2\/users\/1"}],"replies":[{"embeddable":true,"href":"https:\/\/takumifinch.com\/fr\/wp-json\/wp\/v2\/comments?post=37022"}],"version-history":[{"count":3,"href":"https:\/\/takumifinch.com\/fr\/wp-json\/wp\/v2\/pages\/37022\/revisions"}],"predecessor-version":[{"id":38196,"href":"https:\/\/takumifinch.com\/fr\/wp-json\/wp\/v2\/pages\/37022\/revisions\/38196"}],"wp:attachment":[{"href":"https:\/\/takumifinch.com\/fr\/wp-json\/wp\/v2\/media?parent=37022"}],"curies":[{"name":"wp","href":"https:\/\/api.w.org\/{rel}","templated":true}]}}