{"id":37193,"date":"2026-01-23T17:14:01","date_gmt":"2026-01-23T16:14:01","guid":{"rendered":"https:\/\/azure-crane-105192.hostingersite.com\/?page_id=37193"},"modified":"2026-02-02T12:56:15","modified_gmt":"2026-02-02T11:56:15","slug":"masterclass-buccal","status":"publish","type":"page","link":"https:\/\/takumifinch.com\/fr\/our-classroom-courses\/myo-fascial-training\/buccal-masterclass\/","title":{"rendered":"Masterclass Buccal"},"content":{"rendered":"<div data-elementor-type=\"wp-page\" data-elementor-id=\"37193\" class=\"elementor elementor-37193\" data-elementor-post-type=\"page\">\n\t\t\t\t<section class=\"elementor-element elementor-element-cb27f09 e-flex e-con-boxed e-con e-parent\" data-id=\"cb27f09\" data-element_type=\"container\" data-e-type=\"container\" data-settings=\"{&quot;background_background&quot;:&quot;classic&quot;}\">\n\t\t\t\t\t<div class=\"e-con-inner\">\n\t\t<div class=\"elementor-element elementor-element-ad95943 e-con-full e-flex e-con e-child\" data-id=\"ad95943\" data-element_type=\"container\" data-e-type=\"container\">\n\t\t\t\t<div class=\"elementor-element elementor-element-d496657 elementor-widget elementor-widget-hfe-breadcrumbs-widget\" data-id=\"d496657\" data-element_type=\"widget\" data-e-type=\"widget\" data-widget_type=\"hfe-breadcrumbs-widget.default\">\n\t\t\t\t<div class=\"elementor-widget-container\">\n\t\t\t\t\t<nav aria-label=\"Breadcrumb\"><ul class=\"hfe-breadcrumbs hfe-breadcrumbs-show-home\"><li class=\"hfe-breadcrumbs-item hfe-breadcrumbs-first\"><span class=\"hfe-breadcrumbs-home-icon\"><\/span><a href=\"https:\/\/takumifinch.com\/fr\"><span class=\"hfe-breadcrumbs-text\">Accueil<\/span><\/a><\/li><\/ul><\/nav>\t\t\t\t<\/div>\n\t\t\t\t<\/div>\n\t\t\t\t<div class=\"elementor-element elementor-element-c42a3d4 elementor-widget elementor-widget-heading\" data-id=\"c42a3d4\" data-element_type=\"widget\" data-e-type=\"widget\" data-widget_type=\"heading.default\">\n\t\t\t\t\t<h1 class=\"elementor-heading-title elementor-size-default\">Masterclass Buccal<\/h1>\t\t\t\t<\/div>\n\t\t\t\t<\/div>\n\t\t<div class=\"elementor-element elementor-element-4841914 e-con-full e-flex e-con e-child\" data-id=\"4841914\" data-element_type=\"container\" data-e-type=\"container\">\n\t\t\t\t<div class=\"elementor-element elementor-element-6792be0 elementor-widget elementor-widget-image\" data-id=\"6792be0\" data-element_type=\"widget\" data-e-type=\"widget\" data-widget_type=\"image.default\">\n\t\t\t\t\t\t\t\t\t\t\t\t\t\t\t<picture><source srcset=\"https:\/\/takumifinch.com\/wp-content\/webp-express\/webp-images\/uploads\/2026\/01\/Buccal-1024x576.jpg.webp 1024w, https:\/\/takumifinch.com\/wp-content\/webp-express\/webp-images\/uploads\/2026\/01\/Buccal-300x169.jpg.webp 300w, https:\/\/takumifinch.com\/wp-content\/webp-express\/webp-images\/uploads\/2026\/01\/Buccal-768x432.jpg.webp 768w, https:\/\/takumifinch.com\/wp-content\/webp-express\/webp-images\/uploads\/2026\/01\/Buccal-100x56.jpg.webp 100w, https:\/\/takumifinch.com\/wp-content\/webp-express\/webp-images\/uploads\/2026\/01\/Buccal-18x10.jpg.webp 18w, https:\/\/takumifinch.com\/wp-content\/webp-express\/webp-images\/uploads\/2026\/01\/Buccal.jpg.webp 1280w\" sizes=\"(max-width: 800px) 100vw, 800px\" type=\"image\/webp\"><img fetchpriority=\"high\" decoding=\"async\" width=\"800\" height=\"450\" src=\"https:\/\/takumifinch.com\/wp-content\/uploads\/2026\/01\/Buccal-1024x576.jpg\" class=\"attachment-large size-large wp-image-37195 webpexpress-processed\" alt=\"\" srcset=\"https:\/\/takumifinch.com\/wp-content\/uploads\/2026\/01\/Buccal-1024x576.jpg 1024w, https:\/\/takumifinch.com\/wp-content\/uploads\/2026\/01\/Buccal-300x169.jpg 300w, https:\/\/takumifinch.com\/wp-content\/uploads\/2026\/01\/Buccal-768x432.jpg 768w, https:\/\/takumifinch.com\/wp-content\/uploads\/2026\/01\/Buccal-100x56.jpg 100w, https:\/\/takumifinch.com\/wp-content\/uploads\/2026\/01\/Buccal-18x10.jpg 18w, https:\/\/takumifinch.com\/wp-content\/uploads\/2026\/01\/Buccal.jpg 1280w\" sizes=\"(max-width: 800px) 100vw, 800px\"><\/picture>\t\t\t\t\t\t\t\t\t\t\t\t\t\t\t<\/div>\n\t\t\t\t<\/div>\n\t\t\t\t\t<\/div>\n\t\t\t\t<\/section>\n\t\t<div class=\"elementor-element elementor-element-49f7c4d e-flex e-con-boxed e-con e-parent\" data-id=\"49f7c4d\" data-element_type=\"container\" data-e-type=\"container\" data-settings=\"{&quot;background_background&quot;:&quot;classic&quot;}\">\n\t\t\t\t\t<div class=\"e-con-inner\">\n\t\t\t\t<div class=\"elementor-element elementor-element-a037c6e elementor-widget elementor-widget-heading\" data-id=\"a037c6e\" data-element_type=\"widget\" data-e-type=\"widget\" data-widget_type=\"heading.default\">\n\t\t\t\t\t<h2 class=\"elementor-heading-title elementor-size-default\">Pr\u00e9sentation<\/h2>\t\t\t\t<\/div>\n\t\t\t\t<div class=\"elementor-element elementor-element-41ecc07 elementor-widget elementor-widget-text-editor\" data-id=\"41ecc07\" data-element_type=\"widget\" data-e-type=\"widget\" data-widget_type=\"text-editor.default\">\n\t\t\t\t\t\t\t\t\t<p>Lib\u00e9rez les tensions profondes de la sph\u00e8re buccale avec une technique douce r\u00e9alis\u00e9e avec des gants. Les patients-clients adorent ! Habituez-vous \u00e0 ce geste qui peut sembler atypique, mais dont l\u2019efficacit\u00e9 est incroyable pour soulager la douleur\u2026 et en bonus, offrir un travail esth\u00e9tique liftant tr\u00e8s appr\u00e9ci\u00e9.  <\/p>\n<p>We assume that all the components of the facial bones are interdependent. Like a gear, flexion, extension and rotation affect the sensation of opening and closing the oral cavity. <\/p>\n<p>This course will enable you to deepen your work as a masseur, fascialist, reflexologist or esthetician, therapist in traditional medicine. Experience of facial touch and\/or subtle touch is highly desirable for this course. <\/p>\n\t\t\t\t\t\t\t\t<\/div>\n\t\t\t\t<div class=\"elementor-element elementor-element-84d4080 elementor-widget elementor-widget-text-editor\" data-id=\"84d4080\" data-element_type=\"widget\" data-e-type=\"widget\" data-widget_type=\"text-editor.default\">\n\t\t\t\t\t\t\t\t\t<h3>Objectifs<\/h3>\n<ul>\n<li>Relaxation oscillations and \u2018Still point<\/li>\n<li>Discovering the intentions of compression and decompression work<\/li>\n<li>How to identify and release tension in the arch and floor of the mouth<\/li>\n<li>10-step protocol<\/li>\n<\/ul>\n\t\t\t\t\t\t\t\t<\/div>\n\t\t\t\t<div class=\"elementor-element elementor-element-015ff68 elementor-widget elementor-widget-text-editor\" data-id=\"015ff68\" data-element_type=\"widget\" data-e-type=\"widget\" data-widget_type=\"text-editor.default\">\n\t\t\t\t\t\t\t\t\t<h3>Profile des apprenants<\/h3>\n<ul>\n<li>Estheticians<\/li>\n<li>Wellness practitioners and therapists<\/li>\n<li>Reflexologists<\/li>\n<li>Naturopaths<\/li>\n<\/ul>\n\t\t\t\t\t\t\t\t<\/div>\n\t\t\t\t<div class=\"elementor-element elementor-element-467b646 elementor-widget elementor-widget-text-editor\" data-id=\"467b646\" data-element_type=\"widget\" data-e-type=\"widget\" data-widget_type=\"text-editor.default\">\n\t\t\t\t\t\t\t\t\t<h3>Pr\u00e9requis<\/h3>\n<p>Our masterclasses are aimed at practitioners with at least 6 months&#8217; experience in the massage field, preferably in facial massage techniques.<\/p>\n<p>If you would like to take part in this course and your experience does not match these prerequisites, please <a href=\"https:\/\/www.takumifinch.com\/en\/contact\/\">contact<\/a> the Institute before enrolling.<\/p>\n\t\t\t\t\t\t\t\t<\/div>\n\t\t\t\t<div class=\"elementor-element elementor-element-30835e1 elementor-widget elementor-widget-text-editor\" data-id=\"30835e1\" data-element_type=\"widget\" data-e-type=\"widget\" data-widget_type=\"text-editor.default\">\n\t\t\t\t\t\t\t\t\t<h3>Moyens techniques<\/h3>\n<p>Nous mettons \u00e0 votre disposition tous les moyens p\u00e9dagogiques et techniques modernes pour vous garantir un apprentissage progressif et serein.<\/p>\n<p>Nos cours sont con\u00e7us de mani\u00e8re structur\u00e9e et r\u00e9fl\u00e9chie afin de s\u2019adapter \u00e0 tous les niveaux de comp\u00e9tences. Nous am\u00e9liorons continuellement nos contenus p\u00e9dagogiques, en les mettant \u00e0 jour r\u00e9guli\u00e8rement pour vous offrir une formation toujours plus pertinente. <\/p>\n<p>1. Une plateforme de formation en ligne d\u00e9di\u00e9e<br \/>2. Un accompagnement p\u00e9dagogique continu<br \/>3. Des supports de formation complets<br \/>4. Table de massage, chaises de formation<\/p>\n\t\t\t\t\t\t\t\t<\/div>\n\t\t\t\t<div class=\"elementor-element elementor-element-a4cf7ac elementor-widget elementor-widget-text-editor\" data-id=\"a4cf7ac\" data-element_type=\"widget\" data-e-type=\"widget\" data-widget_type=\"text-editor.default\">\n\t\t\t\t\t\t\t\t\t<h3>Accessibilit\u00e9<\/h3><p>Nous essayons dans la mesure du possible de mettre en place des solutions et des moyens organisationnels, techniques et humains pour permettre \u00e0 toute personne en situation de handicap de b\u00e9n\u00e9ficier pleinement de nos formations.<\/p>\t\t\t\t\t\t\t\t<\/div>\n\t\t\t\t<div class=\"elementor-element elementor-element-cd1e69e elementor-widget elementor-widget-text-editor\" data-id=\"cd1e69e\" data-element_type=\"widget\" data-e-type=\"widget\" data-widget_type=\"text-editor.default\">\n\t\t\t\t\t\t\t\t\t<h3>Engagement et certification<\/h3><p>Masterclass Buccal certification will be awarded.<\/p>\t\t\t\t\t\t\t\t<\/div>\n\t\t\t\t\t<\/div>\n\t\t\t\t<\/div>\n\t\t<div class=\"elementor-element elementor-element-3926e24 e-flex e-con-boxed e-con e-parent\" data-id=\"3926e24\" data-element_type=\"container\" data-e-type=\"container\" data-settings=\"{&quot;background_background&quot;:&quot;classic&quot;}\">\n\t\t\t\t\t<div class=\"e-con-inner\">\n\t\t\t\t<div class=\"elementor-element elementor-element-2d6313a elementor-widget elementor-widget-heading\" data-id=\"2d6313a\" data-element_type=\"widget\" data-e-type=\"widget\" data-widget_type=\"heading.default\">\n\t\t\t\t\t<h2 class=\"elementor-heading-title elementor-size-default\">Dur\u00e9e et tarifs<\/h2>\t\t\t\t<\/div>\n\t\t\t\t<div class=\"elementor-element elementor-element-0caa1bd elementor-widget elementor-widget-text-editor\" data-id=\"0caa1bd\" data-element_type=\"widget\" data-e-type=\"widget\" data-widget_type=\"text-editor.default\">\n\t\t\t\t\t\t\t\t\t<p>This course comprises 8 hours of training, including 1 classroom day.<\/p>\t\t\t\t\t\t\t\t<\/div>\n\t\t\t\t<div class=\"elementor-element elementor-element-5aac07f elementor-widget elementor-widget-text-editor\" data-id=\"5aac07f\" data-element_type=\"widget\" data-e-type=\"widget\" data-widget_type=\"text-editor.default\">\n\t\t\t\t\t\t\t\t\t<h3>Course fee: <b>\u20ac350<\/b><\/h3>\n<ul>\n<li>Dans les pays qui n\u2019utilisent pas l\u2019euro, le prix \u00e9quivalent en monnaie locale peut \u00eatre propos\u00e9.<\/li>\n<li><span style=\"background-color: transparent; text-align: var(--text-align);\">Pour les r\u00e9sidents fran\u00e7ais : une prise en charge (OPCO, France Travail) est possible si la formation est organis\u00e9e par l\u2019Institut ou par certains de nos formateurs partenaires. <\/span><strong style=\"background-color: transparent; text-align: var(--text-align);\">Formation non \u00e9ligible CPF.<\/strong><\/li>\n<li>Veuillez consulter les pages d\u2019inscription pour chaque session de formation pour plus de d\u00e9tails sur les prises en charges et modalit\u00e9s de paiement.<\/li>\n<\/ul>\n\t\t\t\t\t\t\t\t<\/div>\n\t\t\t\t\t<\/div>\n\t\t\t\t<\/div>\n\t\t<section class=\"elementor-element elementor-element-cabbd8a e-flex e-con-boxed e-con e-parent\" data-id=\"cabbd8a\" data-element_type=\"container\" data-e-type=\"container\" data-settings=\"{&quot;background_background&quot;:&quot;classic&quot;}\">\n\t\t\t\t\t<div class=\"e-con-inner\">\n\t\t\t\t<div class=\"elementor-element elementor-element-50aa240 elementor-widget elementor-widget-heading\" data-id=\"50aa240\" data-element_type=\"widget\" data-e-type=\"widget\" data-widget_type=\"heading.default\">\n\t\t\t\t\t<h2 class=\"elementor-heading-title elementor-size-default\">Pause des formations en 2026<\/h2>\t\t\t\t<\/div>\n\t\t\t\t<div class=\"elementor-element elementor-element-4d0d81a elementor-widget elementor-widget-text-editor\" data-id=\"4d0d81a\" data-element_type=\"widget\" data-e-type=\"widget\" data-widget_type=\"text-editor.default\">\n\t\t\t\t\t\t\t\t\t<p style=\"text-align: center;\" data-path-to-node=\"2,1\">Apr\u00e8s plus de dix ans d\u2019activit\u00e9, l\u2019Institut suspend ses formations pour l\u2019ann\u00e9e 2026.<br \/>Nous consacrons cette p\u00e9riode de transition au soin ainsi qu\u2019\u00e0 la recherche scientifique.<\/p><p style=\"text-align: center;\" data-path-to-node=\"2,2\">Nous vous tiendrons inform\u00e9s de la reprise de nos activit\u00e9s sur ce site.<\/p><p style=\"text-align: center;\" data-path-to-node=\"2,2\">Toute l\u2019\u00e9quipe vous souhaite une belle continuation.<\/p>\t\t\t\t\t\t\t\t<\/div>\n\t\t\t\t\t<\/div>\n\t\t\t\t<\/section>\n\t\t\t\t<\/div>","protected":false},"excerpt":{"rendered":"<p>Home Buccal Masterclass Presentation Release deep tensions in the oral sphere with a gentle glove technique. Patient-clients love it! Get used to this gesture, which may seem atypical, but is incredibly effective at relieving pain&#8230; and, as a bonus, offers a much-appreciated aesthetic lift. We assume that all the components of the facial bones are [&hellip;]<\/p>\n","protected":false},"author":1,"featured_media":0,"parent":37089,"menu_order":0,"comment_status":"closed","ping_status":"closed","template":"","meta":{"inline_featured_image":false,"iawp_total_views":49,"footnotes":""},"class_list":["post-37193","page","type-page","status-publish","hentry"],"yoast_head":"<!-- This site is optimized with the Yoast SEO plugin v27.1.1 - https:\/\/yoast.com\/product\/yoast-seo-wordpress\/ -->\n<title>Buccal Masterclass - Institut Takumi Finch<\/title>\n<meta name=\"robots\" content=\"index, follow, max-snippet:-1, max-image-preview:large, max-video-preview:-1\" \/>\n<link rel=\"canonical\" href=\"https:\/\/takumifinch.com\/fr\/formations-presentielles\/formations-myo-fasciale\/masterclass-buccal\/\" \/>\n<meta property=\"og:locale\" content=\"fr_FR\" \/>\n<meta property=\"og:type\" content=\"article\" \/>\n<meta property=\"og:title\" content=\"Buccal Masterclass - Institut Takumi Finch\" \/>\n<meta property=\"og:description\" content=\"Home Buccal Masterclass Presentation Release deep tensions in the oral sphere with a gentle glove technique. Patient-clients love it! Get used to this gesture, which may seem atypical, but is incredibly effective at relieving pain&#8230; and, as a bonus, offers a much-appreciated aesthetic lift. We assume that all the components of the facial bones are [&hellip;]\" \/>\n<meta property=\"og:url\" content=\"https:\/\/takumifinch.com\/fr\/formations-presentielles\/formations-myo-fasciale\/masterclass-buccal\/\" \/>\n<meta property=\"og:site_name\" content=\"Institut Takumi Finch\" \/>\n<meta property=\"article:modified_time\" content=\"2026-02-02T11:56:15+00:00\" \/>\n<meta property=\"og:image\" content=\"https:\/\/azure-crane-105192.hostingersite.com\/wp-content\/uploads\/2026\/01\/Buccal-1024x576.jpg\" \/>\n<meta name=\"twitter:card\" content=\"summary_large_image\" \/>\n<meta name=\"twitter:label1\" content=\"Dur\u00e9e de lecture estim\u00e9e\" \/>\n\t<meta name=\"twitter:data1\" content=\"1 minute\" \/>\n<script type=\"application\/ld+json\" class=\"yoast-schema-graph\">{\"@context\":\"https:\/\/schema.org\",\"@graph\":[{\"@type\":\"WebPage\",\"@id\":\"https:\/\/takumifinch.com\/our-classroom-courses\/myo-fascial-training\/buccal-masterclass\/\",\"url\":\"https:\/\/takumifinch.com\/our-classroom-courses\/myo-fascial-training\/buccal-masterclass\/\",\"name\":\"Buccal Masterclass - Institut Takumi Finch\",\"isPartOf\":{\"@id\":\"https:\/\/takumifinch.com\/#website\"},\"primaryImageOfPage\":{\"@id\":\"https:\/\/takumifinch.com\/our-classroom-courses\/myo-fascial-training\/buccal-masterclass\/#primaryimage\"},\"image\":{\"@id\":\"https:\/\/takumifinch.com\/our-classroom-courses\/myo-fascial-training\/buccal-masterclass\/#primaryimage\"},\"thumbnailUrl\":\"https:\/\/azure-crane-105192.hostingersite.com\/wp-content\/uploads\/2026\/01\/Buccal-1024x576.jpg\",\"datePublished\":\"2026-01-23T16:14:01+00:00\",\"dateModified\":\"2026-02-02T11:56:15+00:00\",\"breadcrumb\":{\"@id\":\"https:\/\/takumifinch.com\/our-classroom-courses\/myo-fascial-training\/buccal-masterclass\/#breadcrumb\"},\"inLanguage\":\"fr-FR\",\"potentialAction\":[{\"@type\":\"ReadAction\",\"target\":[\"https:\/\/takumifinch.com\/our-classroom-courses\/myo-fascial-training\/buccal-masterclass\/\"]}]},{\"@type\":\"ImageObject\",\"inLanguage\":\"fr-FR\",\"@id\":\"https:\/\/takumifinch.com\/our-classroom-courses\/myo-fascial-training\/buccal-masterclass\/#primaryimage\",\"url\":\"https:\/\/azure-crane-105192.hostingersite.com\/wp-content\/uploads\/2026\/01\/Buccal-1024x576.jpg\",\"contentUrl\":\"https:\/\/azure-crane-105192.hostingersite.com\/wp-content\/uploads\/2026\/01\/Buccal-1024x576.jpg\"},{\"@type\":\"BreadcrumbList\",\"@id\":\"https:\/\/takumifinch.com\/our-classroom-courses\/myo-fascial-training\/buccal-masterclass\/#breadcrumb\",\"itemListElement\":[{\"@type\":\"ListItem\",\"position\":1,\"name\":\"Home\",\"item\":\"https:\/\/takumifinch.com\/\"},{\"@type\":\"ListItem\",\"position\":2,\"name\":\"Our classroom courses\",\"item\":\"https:\/\/takumifinch.com\/our-classroom-courses\/\"},{\"@type\":\"ListItem\",\"position\":3,\"name\":\"Myo-fascial training\",\"item\":\"https:\/\/takumifinch.com\/our-classroom-courses\/myo-fascial-training\/\"},{\"@type\":\"ListItem\",\"position\":4,\"name\":\"Buccal Masterclass\"}]},{\"@type\":\"WebSite\",\"@id\":\"https:\/\/takumifinch.com\/#website\",\"url\":\"https:\/\/takumifinch.com\/\",\"name\":\"Institut Takumi Finch\",\"description\":\"Formations en bien-\u00eatre th\u00e9rapeutique\",\"publisher\":{\"@id\":\"https:\/\/takumifinch.com\/#organization\"},\"alternateName\":\"Takumi Finch\",\"potentialAction\":[{\"@type\":\"SearchAction\",\"target\":{\"@type\":\"EntryPoint\",\"urlTemplate\":\"https:\/\/takumifinch.com\/?s={search_term_string}\"},\"query-input\":{\"@type\":\"PropertyValueSpecification\",\"valueRequired\":true,\"valueName\":\"search_term_string\"}}],\"inLanguage\":\"fr-FR\"},{\"@type\":\"Organization\",\"@id\":\"https:\/\/takumifinch.com\/#organization\",\"name\":\"Institut Takumi Finch\",\"alternateName\":\"Takumi Finch\",\"url\":\"https:\/\/takumifinch.com\/\",\"logo\":{\"@type\":\"ImageObject\",\"inLanguage\":\"fr-FR\",\"@id\":\"https:\/\/takumifinch.com\/#\/schema\/logo\/image\/\",\"url\":\"https:\/\/takumifinch.com\/wp-content\/uploads\/2025\/10\/logo.svg\",\"contentUrl\":\"https:\/\/takumifinch.com\/wp-content\/uploads\/2025\/10\/logo.svg\",\"caption\":\"Institut Takumi Finch\"},\"image\":{\"@id\":\"https:\/\/takumifinch.com\/#\/schema\/logo\/image\/\"},\"sameAs\":[\"https:\/\/www.instagram.com\/institut_takumifinch\/\",\"https:\/\/www.linkedin.com\/company\/takumi-finch\/\",\"https:\/\/www.youtube.com\/channel\/UCFfkd6KPoJNy-gTVvA_u4mw\"]}]}<\/script>\n<!-- \/ Yoast SEO plugin. -->","yoast_head_json":{"title":"Masterclass Buccal - Institut Takumi Finch","robots":{"index":"index","follow":"follow","max-snippet":"max-snippet:-1","max-image-preview":"max-image-preview:large","max-video-preview":"max-video-preview:-1"},"canonical":"https:\/\/takumifinch.com\/fr\/formations-presentielles\/formations-myo-fasciale\/masterclass-buccal\/","og_locale":"fr_FR","og_type":"article","og_title":"Buccal Masterclass - Institut Takumi Finch","og_description":"Home Buccal Masterclass Presentation Release deep tensions in the oral sphere with a gentle glove technique. Patient-clients love it! Get used to this gesture, which may seem atypical, but is incredibly effective at relieving pain&#8230; and, as a bonus, offers a much-appreciated aesthetic lift. We assume that all the components of the facial bones are [&hellip;]","og_url":"https:\/\/takumifinch.com\/fr\/formations-presentielles\/formations-myo-fasciale\/masterclass-buccal\/","og_site_name":"Institut Takumi Finch","article_modified_time":"2026-02-02T11:56:15+00:00","og_image":[{"url":"https:\/\/azure-crane-105192.hostingersite.com\/wp-content\/uploads\/2026\/01\/Buccal-1024x576.jpg","type":"","width":"","height":""}],"twitter_card":"summary_large_image","twitter_misc":{"Dur\u00e9e de lecture estim\u00e9e":"1 minute"},"schema":{"@context":"https:\/\/schema.org","@graph":[{"@type":"WebPage","@id":"https:\/\/takumifinch.com\/our-classroom-courses\/myo-fascial-training\/buccal-masterclass\/","url":"https:\/\/takumifinch.com\/our-classroom-courses\/myo-fascial-training\/buccal-masterclass\/","name":"Masterclass Buccal - Institut Takumi Finch","isPartOf":{"@id":"https:\/\/takumifinch.com\/#website"},"primaryImageOfPage":{"@id":"https:\/\/takumifinch.com\/our-classroom-courses\/myo-fascial-training\/buccal-masterclass\/#primaryimage"},"image":{"@id":"https:\/\/takumifinch.com\/our-classroom-courses\/myo-fascial-training\/buccal-masterclass\/#primaryimage"},"thumbnailUrl":"https:\/\/azure-crane-105192.hostingersite.com\/wp-content\/uploads\/2026\/01\/Buccal-1024x576.jpg","datePublished":"2026-01-23T16:14:01+00:00","dateModified":"2026-02-02T11:56:15+00:00","breadcrumb":{"@id":"https:\/\/takumifinch.com\/our-classroom-courses\/myo-fascial-training\/buccal-masterclass\/#breadcrumb"},"inLanguage":"fr-FR","potentialAction":[{"@type":"ReadAction","target":["https:\/\/takumifinch.com\/our-classroom-courses\/myo-fascial-training\/buccal-masterclass\/"]}]},{"@type":"ImageObject","inLanguage":"fr-FR","@id":"https:\/\/takumifinch.com\/our-classroom-courses\/myo-fascial-training\/buccal-masterclass\/#primaryimage","url":"https:\/\/azure-crane-105192.hostingersite.com\/wp-content\/uploads\/2026\/01\/Buccal-1024x576.jpg","contentUrl":"https:\/\/azure-crane-105192.hostingersite.com\/wp-content\/uploads\/2026\/01\/Buccal-1024x576.jpg"},{"@type":"BreadcrumbList","@id":"https:\/\/takumifinch.com\/our-classroom-courses\/myo-fascial-training\/buccal-masterclass\/#breadcrumb","itemListElement":[{"@type":"ListItem","position":1,"name":"Home","item":"https:\/\/takumifinch.com\/"},{"@type":"ListItem","position":2,"name":"Our classroom courses","item":"https:\/\/takumifinch.com\/our-classroom-courses\/"},{"@type":"ListItem","position":3,"name":"Myo-fascial training","item":"https:\/\/takumifinch.com\/our-classroom-courses\/myo-fascial-training\/"},{"@type":"ListItem","position":4,"name":"Buccal Masterclass"}]},{"@type":"WebSite","@id":"https:\/\/takumifinch.com\/#website","url":"https:\/\/takumifinch.com\/","name":"Institut Takumi Finch","description":"Formations en bien-\u00eatre th\u00e9rapeutique","publisher":{"@id":"https:\/\/takumifinch.com\/#organization"},"alternateName":"Takumi Finch","potentialAction":[{"@type":"SearchAction","target":{"@type":"EntryPoint","urlTemplate":"https:\/\/takumifinch.com\/?s={search_term_string}"},"query-input":{"@type":"PropertyValueSpecification","valueRequired":true,"valueName":"search_term_string"}}],"inLanguage":"fr-FR"},{"@type":"Organization","@id":"https:\/\/takumifinch.com\/#organization","name":"Institut Takumi Finch","alternateName":"Takumi Finch","url":"https:\/\/takumifinch.com\/","logo":{"@type":"ImageObject","inLanguage":"fr-FR","@id":"https:\/\/takumifinch.com\/#\/schema\/logo\/image\/","url":"https:\/\/takumifinch.com\/wp-content\/uploads\/2025\/10\/logo.svg","contentUrl":"https:\/\/takumifinch.com\/wp-content\/uploads\/2025\/10\/logo.svg","caption":"Institut Takumi Finch"},"image":{"@id":"https:\/\/takumifinch.com\/#\/schema\/logo\/image\/"},"sameAs":["https:\/\/www.instagram.com\/institut_takumifinch\/","https:\/\/www.linkedin.com\/company\/takumi-finch\/","https:\/\/www.youtube.com\/channel\/UCFfkd6KPoJNy-gTVvA_u4mw"]}]}},"_links":{"self":[{"href":"https:\/\/takumifinch.com\/fr\/wp-json\/wp\/v2\/pages\/37193","targetHints":{"allow":["GET"]}}],"collection":[{"href":"https:\/\/takumifinch.com\/fr\/wp-json\/wp\/v2\/pages"}],"about":[{"href":"https:\/\/takumifinch.com\/fr\/wp-json\/wp\/v2\/types\/page"}],"author":[{"embeddable":true,"href":"https:\/\/takumifinch.com\/fr\/wp-json\/wp\/v2\/users\/1"}],"replies":[{"embeddable":true,"href":"https:\/\/takumifinch.com\/fr\/wp-json\/wp\/v2\/comments?post=37193"}],"version-history":[{"count":3,"href":"https:\/\/takumifinch.com\/fr\/wp-json\/wp\/v2\/pages\/37193\/revisions"}],"predecessor-version":[{"id":38156,"href":"https:\/\/takumifinch.com\/fr\/wp-json\/wp\/v2\/pages\/37193\/revisions\/38156"}],"up":[{"embeddable":true,"href":"https:\/\/takumifinch.com\/fr\/wp-json\/wp\/v2\/pages\/37089"}],"wp:attachment":[{"href":"https:\/\/takumifinch.com\/fr\/wp-json\/wp\/v2\/media?parent=37193"}],"curies":[{"name":"wp","href":"https:\/\/api.w.org\/{rel}","templated":true}]}}