{"id":37360,"date":"2026-01-25T18:32:57","date_gmt":"2026-01-25T17:32:57","guid":{"rendered":"https:\/\/azure-crane-105192.hostingersite.com\/?page_id=37360"},"modified":"2026-01-27T13:16:31","modified_gmt":"2026-01-27T12:16:31","slug":"le-kobido-ou-lifting-de-takumi-finch","status":"publish","type":"page","link":"https:\/\/takumifinch.com\/fr\/our-treatments\/kobido-or-facelift-by-takumi-finch\/","title":{"rendered":"Le Kobido ou Lifting de Takumi Finch"},"content":{"rendered":"<div data-elementor-type=\"wp-page\" data-elementor-id=\"37360\" class=\"elementor elementor-37360\" data-elementor-post-type=\"page\">\n\t\t\t\t<section class=\"elementor-element elementor-element-529e4ef e-flex e-con-boxed e-con e-parent\" data-id=\"529e4ef\" data-element_type=\"container\" data-e-type=\"container\" data-settings=\"{&quot;background_background&quot;:&quot;video&quot;,&quot;background_video_link&quot;:&quot;https:\\\/\\\/takumifinch.com\\\/wp-content\\\/uploads\\\/2026\\\/01\\\/nos_soins.mp4&quot;,&quot;background_play_on_mobile&quot;:&quot;yes&quot;}\">\n\t\t\t\t\t<div class=\"e-con-inner\">\n\t\t<div class=\"elementor-background-video-container\">\n\t\t\t\t\t\t\t<video class=\"elementor-background-video-hosted\" role=\"presentation\" autoplay muted playsinline loop><\/video>\n\t\t\t\t\t<\/div>\t\t<div class=\"elementor-element elementor-element-7c30821 elementor-widget elementor-widget-hfe-breadcrumbs-widget\" data-id=\"7c30821\" data-element_type=\"widget\" data-e-type=\"widget\" data-widget_type=\"hfe-breadcrumbs-widget.default\">\n\t\t\t\t<div class=\"elementor-widget-container\">\n\t\t\t\t\t<nav aria-label=\"Breadcrumb\"><ul class=\"hfe-breadcrumbs hfe-breadcrumbs-show-home\"><li class=\"hfe-breadcrumbs-item hfe-breadcrumbs-first\"><span class=\"hfe-breadcrumbs-home-icon\"><\/span><a href=\"https:\/\/takumifinch.com\/fr\"><span class=\"hfe-breadcrumbs-text\">Accueil<\/span><\/a><\/li><\/ul><\/nav>\t\t\t\t<\/div>\n\t\t\t\t<\/div>\n\t\t\t\t<div class=\"elementor-element elementor-element-5de5949 elementor-widget elementor-widget-heading\" data-id=\"5de5949\" data-element_type=\"widget\" data-e-type=\"widget\" data-widget_type=\"heading.default\">\n\t\t\t\t\t<h1 class=\"elementor-heading-title elementor-size-default\">Le Lifting Takumi Finch<\/h1>\t\t\t\t<\/div>\n\t\t\t\t<div class=\"elementor-element elementor-element-8cdab70 elementor-widget__width-initial elementor-widget elementor-widget-text-editor\" data-id=\"8cdab70\" data-element_type=\"widget\" data-e-type=\"widget\" data-widget_type=\"text-editor.default\">\n\t\t\t\t\t\t\t\t\t<h3>Recevoir un lifting naturel Japonais.<br \/>Un visage est une carte vivante, chaque tension raconte une histoire<\/h3>\t\t\t\t\t\t\t\t<\/div>\n\t\t\t\t\t<\/div>\n\t\t\t\t<\/section>\n\t\t<section class=\"elementor-element elementor-element-c0161b4 e-flex e-con-boxed e-con e-parent\" data-id=\"c0161b4\" data-element_type=\"container\" data-e-type=\"container\" data-settings=\"{&quot;background_background&quot;:&quot;classic&quot;}\">\n\t\t\t\t\t<div class=\"e-con-inner\">\n\t\t<div class=\"elementor-element elementor-element-41432e2 e-flex e-con-boxed e-con e-child\" data-id=\"41432e2\" data-element_type=\"container\" data-e-type=\"container\">\n\t\t\t\t\t<div class=\"e-con-inner\">\n\t\t\t\t<div class=\"elementor-element elementor-element-5f334bb elementor-widget elementor-widget-heading\" data-id=\"5f334bb\" data-element_type=\"widget\" data-e-type=\"widget\" data-widget_type=\"heading.default\">\n\t\t\t\t\t<h2 class=\"elementor-heading-title elementor-size-default\">Un voyage au c\u0153ur de votre visage<\/h2>\t\t\t\t<\/div>\n\t\t\t\t<div class=\"elementor-element elementor-element-8456133 elementor-widget__width-inherit elementor-widget elementor-widget-text-editor\" data-id=\"8456133\" data-element_type=\"widget\" data-e-type=\"widget\" data-widget_type=\"text-editor.default\">\n\t\t\t\t\t\t\t\t\t<p data-start=\"215\" data-end=\"459\">Chaque visage est un \u00e9cosyst\u00e8me, o\u00f9 peau, tissus, et \u00e9motions dialoguent en permanence. Ce dialogue r\u00e9v\u00e8le beaucoup de ce que nous sommes, de nos moments de joie et de nos tensions accumul\u00e9es. Le visage ne ment pas : il est la carte de nos expressions.<\/p><p data-start=\"461\" data-end=\"680\">Le Lifting Takumi Finch agit sur l\u2019ensemble de cet \u00e9cosyst\u00e8me. Il cible non seulement le lifting naturel du visage, r\u00e9duisant les rides, perte de volume et de tonicit\u00e9, mais aussi les facteurs invisibles comme l\u2019\u00e9nergie interne, le stress et l\u2019\u00e9quilibre \u00e9motionnel.<\/p><p data-start=\"682\" data-end=\"898\">Le soin allie m\u00e9thodologie, efficience et philosophie, en int\u00e9grant l\u2019authenticit\u00e9 de la gestuelle japonaise \u00e0 la fasciath\u00e9rapie, honorant ainsi notre approche depuis 10 ans.<\/p><p data-start=\"900\" data-end=\"952\">Un visage est une carte vivante, chaque tension raconte une histoire<\/p>\t\t\t\t\t\t\t\t<\/div>\n\t\t\t\t\t<\/div>\n\t\t\t\t<\/div>\n\t\t\t\t\t<\/div>\n\t\t\t\t<\/section>\n\t\t<section class=\"elementor-element elementor-element-6c584bb e-flex e-con-boxed e-con e-parent\" data-id=\"6c584bb\" data-element_type=\"container\" data-e-type=\"container\" data-settings=\"{&quot;background_background&quot;:&quot;classic&quot;}\">\n\t\t\t\t\t<div class=\"e-con-inner\">\n\t\t\t\t<div class=\"elementor-element elementor-element-f2fa17b elementor-widget elementor-widget-heading\" data-id=\"f2fa17b\" data-element_type=\"widget\" data-e-type=\"widget\" data-widget_type=\"heading.default\">\n\t\t\t\t\t<h2 class=\"elementor-heading-title elementor-size-default\">Un soin visible et ressenti<\/h2>\t\t\t\t<\/div>\n\t\t\t\t<div class=\"elementor-element elementor-element-be79a44 elementor-widget__width-initial elementor-widget elementor-widget-text-editor\" data-id=\"be79a44\" data-element_type=\"widget\" data-e-type=\"widget\" data-widget_type=\"text-editor.default\">\n\t\t\t\t\t\t\t\t\t<p>Une m\u00e9thode qui \u00e9volue avec la personne, pour un r\u00e9sultat visible et durable.<\/p><p>\u2714 Un visage sculpt\u00e9 et vivant<br \/>\u2714 Un regard ouvert et lumineux<br \/>\u2714 Une expression lib\u00e9r\u00e9e du stress<\/p><p>Un visage en bonne sant\u00e9 rayonne de beaut\u00e9.<\/p>\t\t\t\t\t\t\t\t<\/div>\n\t\t\t\t\t<\/div>\n\t\t\t\t<\/section>\n\t\t<section class=\"elementor-element elementor-element-c16d3e8 e-flex e-con-boxed e-con e-parent\" data-id=\"c16d3e8\" data-element_type=\"container\" data-e-type=\"container\" data-settings=\"{&quot;background_background&quot;:&quot;classic&quot;}\">\n\t\t\t\t\t<div class=\"e-con-inner\">\n\t\t\t\t<div class=\"elementor-element elementor-element-c7a48f5 elementor-widget__width-initial elementor-widget elementor-widget-heading\" data-id=\"c7a48f5\" data-element_type=\"widget\" data-e-type=\"widget\" data-widget_type=\"heading.default\">\n\t\t\t\t\t<h2 class=\"elementor-heading-title elementor-size-default\">Praticiens certifi\u00e9s<\/h2>\t\t\t\t<\/div>\n\t\t\t\t<div class=\"elementor-element elementor-element-610320c elementor-widget__width-initial elementor-widget elementor-widget-text-editor\" data-id=\"610320c\" data-element_type=\"widget\" data-e-type=\"widget\" data-widget_type=\"text-editor.default\">\n\t\t\t\t\t\t\t\t\t<p>Les sp\u00e9cialistes Takumi Finch cultivent leur sens du toucher. Un toucher fin et intelligent, qui respecte l\u2019expression naturelle du visage.<\/p>\n<ul>\n<li>6 mois de formation intensive<\/li>\n<li>2 examens pratiques<\/li>\n<li>1 examen \u00e9crit<\/li>\n<\/ul>\n<p>More than a technique\u2014this is the art of presence, precision, and care.<br><br><\/p>\n<h3 class=\"\" data-start=\"1208\" data-end=\"1242\"><strong data-start=\"1212\" data-end=\"1242\">Si vous ne connaissez pas encore notre travail<\/strong><\/h3>\n<p data-start=\"1244\" data-end=\"1412\">le Lifting Takumi Finch est une m\u00e9thode exclusive qui allie tradition japonaise et approche moderne, pour un lifting naturel qui va au-del\u00e0 de l\u2019esth\u00e9tique.<br><br><\/p>\n<h3 class=\"\" data-start=\"1419\" data-end=\"1456\"><strong data-start=\"1423\" data-end=\"1456\">Pour ceux qui nous connaissent d\u00e9j\u00e0<\/strong><\/h3>\n<p data-start=\"1458\" data-end=\"1754\">Vous retrouverez ce soin chez nos praticiens certifi\u00e9s, comme \u00e0 l\u2019habitude. Rien ne change pour vous. Nous avons simplement regroup\u00e9 tous nos Sp\u00e9cialistes sous le m\u00eame titre de Sp\u00e9cialiste Takumi Finch. Ce changement nous permet de mieux r\u00e9pondre \u00e0 vos besoins et d\u2019amplifier l\u2019impact sur votre bien-\u00eatre.<\/p>\n<p data-start=\"1756\" data-end=\"1903\">Il nous permet aussi de mieux refl\u00e9ter notre \u00e9volution et notre engagement envers l\u2019excellence, sans que cela n\u2019affecte la qualit\u00e9 du soin que vous recevrez.<\/p>\t\t\t\t\t\t\t\t<\/div>\n\t\t\t\t\t<\/div>\n\t\t\t\t<\/section>\n\t\t<section class=\"elementor-element elementor-element-39c182a e-flex e-con-boxed e-con e-parent\" data-id=\"39c182a\" data-element_type=\"container\" data-e-type=\"container\" data-settings=\"{&quot;background_background&quot;:&quot;classic&quot;}\">\n\t\t\t\t\t<div class=\"e-con-inner\">\n\t\t<div class=\"elementor-element elementor-element-05c02dc e-con-full e-flex e-con e-child\" data-id=\"05c02dc\" data-element_type=\"container\" data-e-type=\"container\">\n\t\t\t\t<div class=\"elementor-element elementor-element-c4bcf7f elementor-widget elementor-widget-heading\" data-id=\"c4bcf7f\" data-element_type=\"widget\" data-e-type=\"widget\" data-widget_type=\"heading.default\">\n\t\t\t\t\t<h3 class=\"elementor-heading-title elementor-size-default\">Une M\u00e9thode fond\u00e9e sur la Science<\/h3>\t\t\t\t<\/div>\n\t\t\t\t<div class=\"elementor-element elementor-element-8a86049 elementor-widget__width-inherit elementor-widget elementor-widget-text-editor\" data-id=\"8a86049\" data-element_type=\"widget\" data-e-type=\"widget\" data-widget_type=\"text-editor.default\">\n\t\t\t\t\t\t\t\t\t<p data-start=\"1960\" data-end=\"2262\">Le Lifting Takumi Finch repose sur une m\u00e9thode int\u00e9grative, en particulier des concepts de la fasciath\u00e9rapie et les gestuelles du visage japonaises kobido et kyokut\u0113\u00a0<\/p><p data-start=\"1960\" data-end=\"2262\"><strong>Sandrine Takumi Finch, fasciath\u00e9rapeute et psychoth\u00e9rapeute, biochimiste g\u00e9n\u00e9tique d\u2019origine, explore l\u2019impact du toucher sur la r\u00e9g\u00e9n\u00e9ration des tissus et le bien-\u00eatre neurov\u00e9g\u00e9tatif.<\/strong><\/p>\t\t\t\t\t\t\t\t<\/div>\n\t\t\t\t<\/div>\n\t\t\t\t<div class=\"elementor-element elementor-element-5e71fa2 elementor-widget__width-inherit elementor-widget elementor-widget-image\" data-id=\"5e71fa2\" data-element_type=\"widget\" data-e-type=\"widget\" data-widget_type=\"image.default\">\n\t\t\t\t\t\t\t\t\t\t\t\t\t\t\t<picture><source srcset=\"https:\/\/takumifinch.com\/wp-content\/webp-express\/webp-images\/uploads\/2026\/01\/LOGO_MBW.png.webp 1500w, https:\/\/takumifinch.com\/wp-content\/webp-express\/webp-images\/uploads\/2026\/01\/LOGO_MBW-300x300.png.webp 300w, https:\/\/takumifinch.com\/wp-content\/webp-express\/webp-images\/uploads\/2026\/01\/LOGO_MBW-1024x1024.png.webp 1024w, https:\/\/takumifinch.com\/wp-content\/webp-express\/webp-images\/uploads\/2026\/01\/LOGO_MBW-150x150.png.webp 150w, https:\/\/takumifinch.com\/wp-content\/webp-express\/webp-images\/uploads\/2026\/01\/LOGO_MBW-768x768.png.webp 768w, https:\/\/takumifinch.com\/wp-content\/webp-express\/webp-images\/uploads\/2026\/01\/LOGO_MBW-100x100.png.webp 100w, https:\/\/takumifinch.com\/wp-content\/webp-express\/webp-images\/uploads\/2026\/01\/LOGO_MBW-12x12.png.webp 12w\" sizes=\"(max-width: 1500px) 100vw, 1500px\" type=\"image\/webp\"><img fetchpriority=\"high\" decoding=\"async\" width=\"1500\" height=\"1500\" src=\"https:\/\/takumifinch.com\/wp-content\/uploads\/2026\/01\/LOGO_MBW.png\" class=\"attachment-full size-full wp-image-37355 webpexpress-processed\" alt=\"\" srcset=\"https:\/\/takumifinch.com\/wp-content\/uploads\/2026\/01\/LOGO_MBW.png 1500w, https:\/\/takumifinch.com\/wp-content\/uploads\/2026\/01\/LOGO_MBW-300x300.png 300w, https:\/\/takumifinch.com\/wp-content\/uploads\/2026\/01\/LOGO_MBW-1024x1024.png 1024w, https:\/\/takumifinch.com\/wp-content\/uploads\/2026\/01\/LOGO_MBW-150x150.png 150w, https:\/\/takumifinch.com\/wp-content\/uploads\/2026\/01\/LOGO_MBW-768x768.png 768w, https:\/\/takumifinch.com\/wp-content\/uploads\/2026\/01\/LOGO_MBW-100x100.png 100w, https:\/\/takumifinch.com\/wp-content\/uploads\/2026\/01\/LOGO_MBW-12x12.png 12w\" sizes=\"(max-width: 1500px) 100vw, 1500px\"><\/picture>\t\t\t\t\t\t\t\t\t\t\t\t\t\t\t<\/div>\n\t\t\t\t\t<\/div>\n\t\t\t\t<\/section>\n\t\t<section class=\"elementor-element elementor-element-88f61c7 e-flex e-con-boxed e-con e-parent\" data-id=\"88f61c7\" data-element_type=\"container\" data-e-type=\"container\" data-settings=\"{&quot;background_background&quot;:&quot;classic&quot;}\">\n\t\t\t\t\t<div class=\"e-con-inner\">\n\t\t<div class=\"elementor-element elementor-element-2d5284a e-con-full e-flex e-con e-child\" data-id=\"2d5284a\" data-element_type=\"container\" data-e-type=\"container\" data-settings=\"{&quot;background_background&quot;:&quot;classic&quot;}\">\n\t\t\t\t<\/div>\n\t\t<div class=\"elementor-element elementor-element-1b456b7 e-con-full e-flex e-con e-child\" data-id=\"1b456b7\" data-element_type=\"container\" data-e-type=\"container\">\n\t\t\t\t<div class=\"elementor-element elementor-element-b30e890 elementor-widget elementor-widget-heading\" data-id=\"b30e890\" data-element_type=\"widget\" data-e-type=\"widget\" data-widget_type=\"heading.default\">\n\t\t\t\t\t<h2 class=\"elementor-heading-title elementor-size-default\">Comment nous trouver ?<\/h2>\t\t\t\t<\/div>\n\t\t\t\t<div class=\"elementor-element elementor-element-8f14e44 elementor-widget elementor-widget-text-editor\" data-id=\"8f14e44\" data-element_type=\"widget\" data-e-type=\"widget\" data-widget_type=\"text-editor.default\">\n\t\t\t\t\t\t\t\t\t<p>Pour pr\u00e9server notre savoir-faire et assurer une reconnaissance internationale, nous avons d\u00e9velopp\u00e9 une signature universelle.<\/p><p><strong>Rechercher Takumi Finch.<\/strong><\/p>\t\t\t\t\t\t\t\t<\/div>\n\t\t\t\t<\/div>\n\t\t\t\t\t<\/div>\n\t\t\t\t<\/section>\n\t\t<div class=\"elementor-element elementor-element-3e21ed8 e-flex e-con-boxed e-con e-parent\" data-id=\"3e21ed8\" data-element_type=\"container\" data-e-type=\"container\" data-settings=\"{&quot;background_background&quot;:&quot;classic&quot;}\">\n\t\t\t\t\t<div class=\"e-con-inner\">\n\t\t\t\t<div class=\"elementor-element elementor-element-b3099df elementor-widget elementor-widget-heading\" data-id=\"b3099df\" data-element_type=\"widget\" data-e-type=\"widget\" data-widget_type=\"heading.default\">\n\t\t\t\t\t<h2 class=\"elementor-heading-title elementor-size-default\">O\u00f9 nous trouver ?<\/h2>\t\t\t\t<\/div>\n\t\t\t\t<div class=\"elementor-element elementor-element-b5d2d47 elementor-align-center elementor-widget elementor-widget-button\" data-id=\"b5d2d47\" data-element_type=\"widget\" data-e-type=\"widget\" data-widget_type=\"button.default\">\n\t\t\t\t\t\t\t\t\t\t<a class=\"elementor-button elementor-button-link elementor-size-sm\" href=\"https:\/\/takumifinch.com\/fr\/trouver-specialiste\/\">\n\t\t\t\t\t\t<span class=\"elementor-button-content-wrapper\">\n\t\t\t\t\t\t\t\t\t<span class=\"elementor-button-text\">Trouver un Sp\u00e9cialiste<\/span>\n\t\t\t\t\t<\/span>\n\t\t\t\t\t<\/a>\n\t\t\t\t\t\t\t\t<\/div>\n\t\t\t\t\t<\/div>\n\t\t\t\t<\/div>\n\t\t\t\t<\/div>","protected":false},"excerpt":{"rendered":"<p>Home The Takumi Finch facelift\u200b Receive a Japanese natural facelift.A face is a living map. Every tension tells a story. A journey deep into the heart of your face Each face is an ecosystem, where skin, tissues, and emotions are in constant dialogue. This conversation reveals much about who we are, our moments of joy, [&hellip;]<\/p>\n","protected":false},"author":1,"featured_media":0,"parent":37346,"menu_order":0,"comment_status":"closed","ping_status":"closed","template":"","meta":{"inline_featured_image":false,"iawp_total_views":434,"footnotes":""},"class_list":["post-37360","page","type-page","status-publish","hentry"],"yoast_head":"<!-- This site is optimized with the Yoast SEO plugin v27.1.1 - https:\/\/yoast.com\/product\/yoast-seo-wordpress\/ -->\n<title>Kobido or Facelift by Takumi Finch - Institut Takumi Finch<\/title>\n<meta name=\"robots\" content=\"index, follow, max-snippet:-1, max-image-preview:large, max-video-preview:-1\" \/>\n<link rel=\"canonical\" href=\"https:\/\/takumifinch.com\/fr\/nos-soins\/le-kobido-ou-lifting-de-takumi-finch\/\" \/>\n<meta property=\"og:locale\" content=\"fr_FR\" \/>\n<meta property=\"og:type\" content=\"article\" \/>\n<meta property=\"og:title\" content=\"Kobido or Facelift by Takumi Finch - Institut Takumi Finch\" \/>\n<meta property=\"og:description\" content=\"Home The Takumi Finch facelift\u200b Receive a Japanese natural facelift.A face is a living map. Every tension tells a story. A journey deep into the heart of your face Each face is an ecosystem, where skin, tissues, and emotions are in constant dialogue. This conversation reveals much about who we are, our moments of joy, [&hellip;]\" \/>\n<meta property=\"og:url\" content=\"https:\/\/takumifinch.com\/fr\/nos-soins\/le-kobido-ou-lifting-de-takumi-finch\/\" \/>\n<meta property=\"og:site_name\" content=\"Institut Takumi Finch\" \/>\n<meta property=\"article:modified_time\" content=\"2026-01-27T12:16:31+00:00\" \/>\n<meta property=\"og:image\" content=\"https:\/\/azure-crane-105192.hostingersite.com\/wp-content\/uploads\/2026\/01\/LOGO_MBW.png\" \/>\n<meta name=\"twitter:card\" content=\"summary_large_image\" \/>\n<meta name=\"twitter:label1\" content=\"Dur\u00e9e de lecture estim\u00e9e\" \/>\n\t<meta name=\"twitter:data1\" content=\"1 minute\" \/>\n<script type=\"application\/ld+json\" class=\"yoast-schema-graph\">{\"@context\":\"https:\/\/schema.org\",\"@graph\":[{\"@type\":\"WebPage\",\"@id\":\"https:\/\/takumifinch.com\/our-treatments\/kobido-or-facelift-by-takumi-finch\/\",\"url\":\"https:\/\/takumifinch.com\/our-treatments\/kobido-or-facelift-by-takumi-finch\/\",\"name\":\"Kobido or Facelift by Takumi Finch - Institut Takumi Finch\",\"isPartOf\":{\"@id\":\"https:\/\/takumifinch.com\/#website\"},\"primaryImageOfPage\":{\"@id\":\"https:\/\/takumifinch.com\/our-treatments\/kobido-or-facelift-by-takumi-finch\/#primaryimage\"},\"image\":{\"@id\":\"https:\/\/takumifinch.com\/our-treatments\/kobido-or-facelift-by-takumi-finch\/#primaryimage\"},\"thumbnailUrl\":\"https:\/\/azure-crane-105192.hostingersite.com\/wp-content\/uploads\/2026\/01\/LOGO_MBW.png\",\"datePublished\":\"2026-01-25T17:32:57+00:00\",\"dateModified\":\"2026-01-27T12:16:31+00:00\",\"breadcrumb\":{\"@id\":\"https:\/\/takumifinch.com\/our-treatments\/kobido-or-facelift-by-takumi-finch\/#breadcrumb\"},\"inLanguage\":\"fr-FR\",\"potentialAction\":[{\"@type\":\"ReadAction\",\"target\":[\"https:\/\/takumifinch.com\/our-treatments\/kobido-or-facelift-by-takumi-finch\/\"]}]},{\"@type\":\"ImageObject\",\"inLanguage\":\"fr-FR\",\"@id\":\"https:\/\/takumifinch.com\/our-treatments\/kobido-or-facelift-by-takumi-finch\/#primaryimage\",\"url\":\"https:\/\/azure-crane-105192.hostingersite.com\/wp-content\/uploads\/2026\/01\/LOGO_MBW.png\",\"contentUrl\":\"https:\/\/azure-crane-105192.hostingersite.com\/wp-content\/uploads\/2026\/01\/LOGO_MBW.png\"},{\"@type\":\"BreadcrumbList\",\"@id\":\"https:\/\/takumifinch.com\/our-treatments\/kobido-or-facelift-by-takumi-finch\/#breadcrumb\",\"itemListElement\":[{\"@type\":\"ListItem\",\"position\":1,\"name\":\"Home\",\"item\":\"https:\/\/takumifinch.com\/\"},{\"@type\":\"ListItem\",\"position\":2,\"name\":\"Our treatments\",\"item\":\"https:\/\/takumifinch.com\/our-treatments\/\"},{\"@type\":\"ListItem\",\"position\":3,\"name\":\"Kobido or Facelift by Takumi Finch\"}]},{\"@type\":\"WebSite\",\"@id\":\"https:\/\/takumifinch.com\/#website\",\"url\":\"https:\/\/takumifinch.com\/\",\"name\":\"Institut Takumi Finch\",\"description\":\"Formations en bien-\u00eatre th\u00e9rapeutique\",\"publisher\":{\"@id\":\"https:\/\/takumifinch.com\/#organization\"},\"alternateName\":\"Takumi Finch\",\"potentialAction\":[{\"@type\":\"SearchAction\",\"target\":{\"@type\":\"EntryPoint\",\"urlTemplate\":\"https:\/\/takumifinch.com\/?s={search_term_string}\"},\"query-input\":{\"@type\":\"PropertyValueSpecification\",\"valueRequired\":true,\"valueName\":\"search_term_string\"}}],\"inLanguage\":\"fr-FR\"},{\"@type\":\"Organization\",\"@id\":\"https:\/\/takumifinch.com\/#organization\",\"name\":\"Institut Takumi Finch\",\"alternateName\":\"Takumi Finch\",\"url\":\"https:\/\/takumifinch.com\/\",\"logo\":{\"@type\":\"ImageObject\",\"inLanguage\":\"fr-FR\",\"@id\":\"https:\/\/takumifinch.com\/#\/schema\/logo\/image\/\",\"url\":\"https:\/\/takumifinch.com\/wp-content\/uploads\/2025\/10\/logo.svg\",\"contentUrl\":\"https:\/\/takumifinch.com\/wp-content\/uploads\/2025\/10\/logo.svg\",\"caption\":\"Institut Takumi Finch\"},\"image\":{\"@id\":\"https:\/\/takumifinch.com\/#\/schema\/logo\/image\/\"},\"sameAs\":[\"https:\/\/www.instagram.com\/institut_takumifinch\/\",\"https:\/\/www.linkedin.com\/company\/takumi-finch\/\",\"https:\/\/www.youtube.com\/channel\/UCFfkd6KPoJNy-gTVvA_u4mw\"]}]}<\/script>\n<!-- \/ Yoast SEO plugin. -->","yoast_head_json":{"title":"Le Kobido ou Lifting de Takumi Finch - Institut Takumi Finch","robots":{"index":"index","follow":"follow","max-snippet":"max-snippet:-1","max-image-preview":"max-image-preview:large","max-video-preview":"max-video-preview:-1"},"canonical":"https:\/\/takumifinch.com\/fr\/nos-soins\/le-kobido-ou-lifting-de-takumi-finch\/","og_locale":"fr_FR","og_type":"article","og_title":"Kobido or Facelift by Takumi Finch - Institut Takumi Finch","og_description":"Home The Takumi Finch facelift\u200b Receive a Japanese natural facelift.A face is a living map. Every tension tells a story. A journey deep into the heart of your face Each face is an ecosystem, where skin, tissues, and emotions are in constant dialogue. This conversation reveals much about who we are, our moments of joy, [&hellip;]","og_url":"https:\/\/takumifinch.com\/fr\/nos-soins\/le-kobido-ou-lifting-de-takumi-finch\/","og_site_name":"Institut Takumi Finch","article_modified_time":"2026-01-27T12:16:31+00:00","og_image":[{"url":"https:\/\/azure-crane-105192.hostingersite.com\/wp-content\/uploads\/2026\/01\/LOGO_MBW.png","type":"","width":"","height":""}],"twitter_card":"summary_large_image","twitter_misc":{"Dur\u00e9e de lecture estim\u00e9e":"1 minute"},"schema":{"@context":"https:\/\/schema.org","@graph":[{"@type":"WebPage","@id":"https:\/\/takumifinch.com\/our-treatments\/kobido-or-facelift-by-takumi-finch\/","url":"https:\/\/takumifinch.com\/our-treatments\/kobido-or-facelift-by-takumi-finch\/","name":"Le Kobido ou Lifting de Takumi Finch - Institut Takumi Finch","isPartOf":{"@id":"https:\/\/takumifinch.com\/#website"},"primaryImageOfPage":{"@id":"https:\/\/takumifinch.com\/our-treatments\/kobido-or-facelift-by-takumi-finch\/#primaryimage"},"image":{"@id":"https:\/\/takumifinch.com\/our-treatments\/kobido-or-facelift-by-takumi-finch\/#primaryimage"},"thumbnailUrl":"https:\/\/azure-crane-105192.hostingersite.com\/wp-content\/uploads\/2026\/01\/LOGO_MBW.png","datePublished":"2026-01-25T17:32:57+00:00","dateModified":"2026-01-27T12:16:31+00:00","breadcrumb":{"@id":"https:\/\/takumifinch.com\/our-treatments\/kobido-or-facelift-by-takumi-finch\/#breadcrumb"},"inLanguage":"fr-FR","potentialAction":[{"@type":"ReadAction","target":["https:\/\/takumifinch.com\/our-treatments\/kobido-or-facelift-by-takumi-finch\/"]}]},{"@type":"ImageObject","inLanguage":"fr-FR","@id":"https:\/\/takumifinch.com\/our-treatments\/kobido-or-facelift-by-takumi-finch\/#primaryimage","url":"https:\/\/azure-crane-105192.hostingersite.com\/wp-content\/uploads\/2026\/01\/LOGO_MBW.png","contentUrl":"https:\/\/azure-crane-105192.hostingersite.com\/wp-content\/uploads\/2026\/01\/LOGO_MBW.png"},{"@type":"BreadcrumbList","@id":"https:\/\/takumifinch.com\/our-treatments\/kobido-or-facelift-by-takumi-finch\/#breadcrumb","itemListElement":[{"@type":"ListItem","position":1,"name":"Home","item":"https:\/\/takumifinch.com\/"},{"@type":"ListItem","position":2,"name":"Our treatments","item":"https:\/\/takumifinch.com\/our-treatments\/"},{"@type":"ListItem","position":3,"name":"Kobido or Facelift by Takumi Finch"}]},{"@type":"WebSite","@id":"https:\/\/takumifinch.com\/#website","url":"https:\/\/takumifinch.com\/","name":"Institut Takumi Finch","description":"Formations en bien-\u00eatre th\u00e9rapeutique","publisher":{"@id":"https:\/\/takumifinch.com\/#organization"},"alternateName":"Takumi Finch","potentialAction":[{"@type":"SearchAction","target":{"@type":"EntryPoint","urlTemplate":"https:\/\/takumifinch.com\/?s={search_term_string}"},"query-input":{"@type":"PropertyValueSpecification","valueRequired":true,"valueName":"search_term_string"}}],"inLanguage":"fr-FR"},{"@type":"Organization","@id":"https:\/\/takumifinch.com\/#organization","name":"Institut Takumi Finch","alternateName":"Takumi Finch","url":"https:\/\/takumifinch.com\/","logo":{"@type":"ImageObject","inLanguage":"fr-FR","@id":"https:\/\/takumifinch.com\/#\/schema\/logo\/image\/","url":"https:\/\/takumifinch.com\/wp-content\/uploads\/2025\/10\/logo.svg","contentUrl":"https:\/\/takumifinch.com\/wp-content\/uploads\/2025\/10\/logo.svg","caption":"Institut Takumi Finch"},"image":{"@id":"https:\/\/takumifinch.com\/#\/schema\/logo\/image\/"},"sameAs":["https:\/\/www.instagram.com\/institut_takumifinch\/","https:\/\/www.linkedin.com\/company\/takumi-finch\/","https:\/\/www.youtube.com\/channel\/UCFfkd6KPoJNy-gTVvA_u4mw"]}]}},"_links":{"self":[{"href":"https:\/\/takumifinch.com\/fr\/wp-json\/wp\/v2\/pages\/37360","targetHints":{"allow":["GET"]}}],"collection":[{"href":"https:\/\/takumifinch.com\/fr\/wp-json\/wp\/v2\/pages"}],"about":[{"href":"https:\/\/takumifinch.com\/fr\/wp-json\/wp\/v2\/types\/page"}],"author":[{"embeddable":true,"href":"https:\/\/takumifinch.com\/fr\/wp-json\/wp\/v2\/users\/1"}],"replies":[{"embeddable":true,"href":"https:\/\/takumifinch.com\/fr\/wp-json\/wp\/v2\/comments?post=37360"}],"version-history":[{"count":0,"href":"https:\/\/takumifinch.com\/fr\/wp-json\/wp\/v2\/pages\/37360\/revisions"}],"up":[{"embeddable":true,"href":"https:\/\/takumifinch.com\/fr\/wp-json\/wp\/v2\/pages\/37346"}],"wp:attachment":[{"href":"https:\/\/takumifinch.com\/fr\/wp-json\/wp\/v2\/media?parent=37360"}],"curies":[{"name":"wp","href":"https:\/\/api.w.org\/{rel}","templated":true}]}}