{"id":37383,"date":"2026-01-25T18:39:22","date_gmt":"2026-01-25T17:39:22","guid":{"rendered":"https:\/\/azure-crane-105192.hostingersite.com\/?page_id=37383"},"modified":"2026-01-27T15:04:31","modified_gmt":"2026-01-27T14:04:31","slug":"le-kyokute-de-takumi-finch","status":"publish","type":"page","link":"https:\/\/takumifinch.com\/fr\/our-treatments\/kyokute-by-takumi-finch\/","title":{"rendered":"Kyokut\u0113 by Takumi Finch\u200b"},"content":{"rendered":"<div data-elementor-type=\"wp-page\" data-elementor-id=\"37383\" class=\"elementor elementor-37383\" data-elementor-post-type=\"page\">\n\t\t\t\t<section class=\"elementor-element elementor-element-529e4ef e-flex e-con-boxed e-con e-parent\" data-id=\"529e4ef\" data-element_type=\"container\" data-e-type=\"container\" data-settings=\"{&quot;background_background&quot;:&quot;video&quot;,&quot;background_video_link&quot;:&quot;https:\\\/\\\/takumifinch.com\\\/wp-content\\\/uploads\\\/2026\\\/01\\\/nos_soins.mp4&quot;,&quot;background_play_on_mobile&quot;:&quot;yes&quot;}\">\n\t\t\t\t\t<div class=\"e-con-inner\">\n\t\t<div class=\"elementor-background-video-container\">\n\t\t\t\t\t\t\t<video class=\"elementor-background-video-hosted\" role=\"presentation\" autoplay muted playsinline loop><\/video>\n\t\t\t\t\t<\/div>\t\t<div class=\"elementor-element elementor-element-7c30821 elementor-widget elementor-widget-hfe-breadcrumbs-widget\" data-id=\"7c30821\" data-element_type=\"widget\" data-e-type=\"widget\" data-widget_type=\"hfe-breadcrumbs-widget.default\">\n\t\t\t\t<div class=\"elementor-widget-container\">\n\t\t\t\t\t<nav aria-label=\"Breadcrumb\"><ul class=\"hfe-breadcrumbs hfe-breadcrumbs-show-home\"><li class=\"hfe-breadcrumbs-item hfe-breadcrumbs-first\"><span class=\"hfe-breadcrumbs-home-icon\"><\/span><a href=\"https:\/\/takumifinch.com\/fr\"><span class=\"hfe-breadcrumbs-text\">Accueil<\/span><\/a><\/li><\/ul><\/nav>\t\t\t\t<\/div>\n\t\t\t\t<\/div>\n\t\t\t\t<div class=\"elementor-element elementor-element-5de5949 elementor-widget elementor-widget-heading\" data-id=\"5de5949\" data-element_type=\"widget\" data-e-type=\"widget\" data-widget_type=\"heading.default\">\n\t\t\t\t\t<h1 class=\"elementor-heading-title elementor-size-default\">Le Kyokut\u0113 de Takumi Finch<\/h1>\t\t\t\t<\/div>\n\t\t\t\t<div class=\"elementor-element elementor-element-8cdab70 elementor-widget__width-initial elementor-widget elementor-widget-text-editor\" data-id=\"8cdab70\" data-element_type=\"widget\" data-e-type=\"widget\" data-widget_type=\"text-editor.default\">\n\t\t\t\t\t\t\t\t\t<h3>G\u00e9rer les \u00e9motions fig\u00e9es. Se lib\u00e9rer des empreintes du pass\u00e9.<br \/>Ouvrir un nouvel espace int\u00e9rieur, plus l\u00e9ger, plus lumineux.<\/h3>\t\t\t\t\t\t\t\t<\/div>\n\t\t\t\t\t<\/div>\n\t\t\t\t<\/section>\n\t\t<section class=\"elementor-element elementor-element-2797ce9 e-flex e-con-boxed e-con e-parent\" data-id=\"2797ce9\" data-element_type=\"container\" data-e-type=\"container\" data-settings=\"{&quot;background_background&quot;:&quot;classic&quot;}\">\n\t\t\t\t\t<div class=\"e-con-inner\">\n\t\t<div class=\"elementor-element elementor-element-35eabed e-flex e-con-boxed e-con e-child\" data-id=\"35eabed\" data-element_type=\"container\" data-e-type=\"container\">\n\t\t\t\t\t<div class=\"e-con-inner\">\n\t\t\t\t<div class=\"elementor-element elementor-element-2c443a7 elementor-widget__width-inherit elementor-widget elementor-widget-text-editor\" data-id=\"2c443a7\" data-element_type=\"widget\" data-e-type=\"widget\" data-widget_type=\"text-editor.default\">\n\t\t\t\t\t\t\t\t\t<p>Dans ce soin, nous allons inviter le corps \u00e0 revisiter ces empreintes, \u00e0 ressentir sans s\u2019y attarder, \u00e0 lib\u00e9rer sans se figer.<\/p><p>Doucement, nous aidons la peau, les fascias et le cr\u00e2ne \u00e0 d\u00e9poser la douleur l\u00e0 o\u00f9 elle appartient \u2013 au pass\u00e9.<\/p><p>Parce que gu\u00e9rir, ce n\u2019est pas effacer. C\u2019est r\u00e9apprendre \u00e0 sourire, \u00e0 se reconstruire, \u00e0 habiter pleinement son visage.<\/p>\t\t\t\t\t\t\t\t<\/div>\n\t\t\t\t\t<\/div>\n\t\t\t\t<\/div>\n\t\t\t\t<div class=\"elementor-element elementor-element-19359e9 elementor-blockquote--skin-quotation elementor-widget__width-inherit elementor-widget elementor-widget-blockquote\" data-id=\"19359e9\" data-element_type=\"widget\" data-e-type=\"widget\" data-widget_type=\"blockquote.default\">\n\t\t\t\t\t\t\t<blockquote class=\"elementor-blockquote\">\n\t\t\t<p class=\"elementor-blockquote__content\">\n\t\t\t\tLe corps se souvient de ce que l\u2019esprit a tent\u00e9 d\u2019oublier. Les tensions s\u2019accrochent, sculptant des traces invisibles dans nos tissus.\t\t\t<\/p>\n\t\t\t\t\t<\/blockquote>\n\t\t\t\t\t\t<\/div>\n\t\t\t\t\t<\/div>\n\t\t\t\t<\/section>\n\t\t<section class=\"elementor-element elementor-element-fc63151 e-flex e-con-boxed e-con e-parent\" data-id=\"fc63151\" data-element_type=\"container\" data-e-type=\"container\" data-settings=\"{&quot;background_background&quot;:&quot;classic&quot;}\">\n\t\t\t\t\t<div class=\"e-con-inner\">\n\t\t<div class=\"elementor-element elementor-element-545cfd0 e-con-full e-flex e-con e-child\" data-id=\"545cfd0\" data-element_type=\"container\" data-e-type=\"container\">\n\t\t\t\t<div class=\"elementor-element elementor-element-f9a6e2a elementor-widget elementor-widget-heading\" data-id=\"f9a6e2a\" data-element_type=\"widget\" data-e-type=\"widget\" data-widget_type=\"heading.default\">\n\t\t\t\t\t<h3 class=\"elementor-heading-title elementor-size-default\">Une m\u00e9thode port\u00e9e par la recherche<\/h3>\t\t\t\t<\/div>\n\t\t\t\t<div class=\"elementor-element elementor-element-3a045b2 elementor-widget__width-inherit elementor-widget elementor-widget-text-editor\" data-id=\"3a045b2\" data-element_type=\"widget\" data-e-type=\"widget\" data-widget_type=\"text-editor.default\">\n\t\t\t\t\t\t\t\t\t<p>Nous travaillons en partenariat tripartite avec le <strong>IMN<\/strong>, le <strong>CNRS<\/strong>, et <strong>l\u2019Universit\u00e9 de Bordeaux<\/strong><\/p><p>Les bienfaits de nos recherches sont aujourd\u2019hui au c\u0153ur de la <strong>M\u00e9thode Takumi Finch<\/strong> et sont d\u00e9clin\u00e9s dans tous nos soins.<\/p>\t\t\t\t\t\t\t\t<\/div>\n\t\t\t\t<\/div>\n\t\t\t\t<div class=\"elementor-element elementor-element-44b1cb0 elementor-widget__width-inherit elementor-widget elementor-widget-image\" data-id=\"44b1cb0\" data-element_type=\"widget\" data-e-type=\"widget\" data-widget_type=\"image.default\">\n\t\t\t\t\t\t\t\t\t\t\t\t\t\t\t<picture><source srcset=\"https:\/\/takumifinch.com\/wp-content\/webp-express\/webp-images\/uploads\/2026\/01\/LOGO_MBW.png.webp 1500w, https:\/\/takumifinch.com\/wp-content\/webp-express\/webp-images\/uploads\/2026\/01\/LOGO_MBW-300x300.png.webp 300w, https:\/\/takumifinch.com\/wp-content\/webp-express\/webp-images\/uploads\/2026\/01\/LOGO_MBW-1024x1024.png.webp 1024w, https:\/\/takumifinch.com\/wp-content\/webp-express\/webp-images\/uploads\/2026\/01\/LOGO_MBW-150x150.png.webp 150w, https:\/\/takumifinch.com\/wp-content\/webp-express\/webp-images\/uploads\/2026\/01\/LOGO_MBW-768x768.png.webp 768w, https:\/\/takumifinch.com\/wp-content\/webp-express\/webp-images\/uploads\/2026\/01\/LOGO_MBW-100x100.png.webp 100w, https:\/\/takumifinch.com\/wp-content\/webp-express\/webp-images\/uploads\/2026\/01\/LOGO_MBW-12x12.png.webp 12w\" sizes=\"(max-width: 1500px) 100vw, 1500px\" type=\"image\/webp\"><img fetchpriority=\"high\" decoding=\"async\" width=\"1500\" height=\"1500\" src=\"https:\/\/takumifinch.com\/wp-content\/uploads\/2026\/01\/LOGO_MBW.png\" class=\"attachment-full size-full wp-image-37355 webpexpress-processed\" alt=\"\" srcset=\"https:\/\/takumifinch.com\/wp-content\/uploads\/2026\/01\/LOGO_MBW.png 1500w, https:\/\/takumifinch.com\/wp-content\/uploads\/2026\/01\/LOGO_MBW-300x300.png 300w, https:\/\/takumifinch.com\/wp-content\/uploads\/2026\/01\/LOGO_MBW-1024x1024.png 1024w, https:\/\/takumifinch.com\/wp-content\/uploads\/2026\/01\/LOGO_MBW-150x150.png 150w, https:\/\/takumifinch.com\/wp-content\/uploads\/2026\/01\/LOGO_MBW-768x768.png 768w, https:\/\/takumifinch.com\/wp-content\/uploads\/2026\/01\/LOGO_MBW-100x100.png 100w, https:\/\/takumifinch.com\/wp-content\/uploads\/2026\/01\/LOGO_MBW-12x12.png 12w\" sizes=\"(max-width: 1500px) 100vw, 1500px\"><\/picture>\t\t\t\t\t\t\t\t\t\t\t\t\t\t\t<\/div>\n\t\t\t\t\t<\/div>\n\t\t\t\t<\/section>\n\t\t<section class=\"elementor-element elementor-element-25b611a e-flex e-con-boxed e-con e-parent\" data-id=\"25b611a\" data-element_type=\"container\" data-e-type=\"container\" data-settings=\"{&quot;background_background&quot;:&quot;classic&quot;}\">\n\t\t\t\t\t<div class=\"e-con-inner\">\n\t\t<div class=\"elementor-element elementor-element-c02a4ca e-con-full e-flex e-con e-child\" data-id=\"c02a4ca\" data-element_type=\"container\" data-e-type=\"container\" data-settings=\"{&quot;background_background&quot;:&quot;classic&quot;}\">\n\t\t\t\t<\/div>\n\t\t<div class=\"elementor-element elementor-element-b35d6ca e-con-full e-flex e-con e-child\" data-id=\"b35d6ca\" data-element_type=\"container\" data-e-type=\"container\">\n\t\t\t\t<div class=\"elementor-element elementor-element-c322c96 elementor-widget elementor-widget-heading\" data-id=\"c322c96\" data-element_type=\"widget\" data-e-type=\"widget\" data-widget_type=\"heading.default\">\n\t\t\t\t\t<h2 class=\"elementor-heading-title elementor-size-default\">O\u00f9 recevoir un soin Kyokut\u0113 ?<\/h2>\t\t\t\t<\/div>\n\t\t\t\t<div class=\"elementor-element elementor-element-941967c elementor-widget elementor-widget-text-editor\" data-id=\"941967c\" data-element_type=\"widget\" data-e-type=\"widget\" data-widget_type=\"text-editor.default\">\n\t\t\t\t\t\t\t\t\t<p>Kyokut\u0113 est aujourd\u2019hui pratiqu\u00e9 par plus de 600 professionnels dans le monde.<\/p><p>Pour trouver un praticien certifi\u00e9 pr\u00e8s de chez vous, recherchez Takumi Finch dans votre pays.<\/p>\t\t\t\t\t\t\t\t<\/div>\n\t\t\t\t<div class=\"elementor-element elementor-element-c906c73 elementor-align-center elementor-widget elementor-widget-button\" data-id=\"c906c73\" data-element_type=\"widget\" data-e-type=\"widget\" data-widget_type=\"button.default\">\n\t\t\t\t\t\t\t\t\t\t<a class=\"elementor-button elementor-button-link elementor-size-sm\" href=\"https:\/\/takumifinch.com\/fr\/trouver-specialiste\/\">\n\t\t\t\t\t\t<span class=\"elementor-button-content-wrapper\">\n\t\t\t\t\t\t\t\t\t<span class=\"elementor-button-text\">Trouver un Sp\u00e9cialiste<\/span>\n\t\t\t\t\t<\/span>\n\t\t\t\t\t<\/a>\n\t\t\t\t\t\t\t\t<\/div>\n\t\t\t\t<\/div>\n\t\t\t\t\t<\/div>\n\t\t\t\t<\/section>\n\t\t\t\t<\/div>","protected":false},"excerpt":{"rendered":"<p>Home Kyokut\u0113 by Takumi Finch Find emotional release. Release what your body still carries.Create space for lightness, clarity, and presence. This treatment helps the body revisit stored emotion\u2014to feel without getting stuck, to release without force, to soften what\u2019s been held for too long. Through gentle, precise touch, we help the skin, fascia, and nervous [&hellip;]<\/p>\n","protected":false},"author":1,"featured_media":0,"parent":37346,"menu_order":0,"comment_status":"closed","ping_status":"closed","template":"","meta":{"inline_featured_image":false,"iawp_total_views":90,"footnotes":""},"class_list":["post-37383","page","type-page","status-publish","hentry"],"yoast_head":"<!-- This site is optimized with the Yoast SEO plugin v27.1.1 - https:\/\/yoast.com\/product\/yoast-seo-wordpress\/ -->\n<title>Kyokut\u0113 by Takumi Finch\u200b - Institut Takumi Finch<\/title>\n<meta name=\"robots\" content=\"index, follow, max-snippet:-1, max-image-preview:large, max-video-preview:-1\" \/>\n<link rel=\"canonical\" href=\"https:\/\/takumifinch.com\/fr\/nos-soins\/le-kyokute-de-takumi-finch\/\" \/>\n<meta property=\"og:locale\" content=\"fr_FR\" \/>\n<meta property=\"og:type\" content=\"article\" \/>\n<meta property=\"og:title\" content=\"Kyokut\u0113 by Takumi Finch\u200b - Institut Takumi Finch\" \/>\n<meta property=\"og:description\" content=\"Home Kyokut\u0113 by Takumi Finch Find emotional release. Release what your body still carries.Create space for lightness, clarity, and presence. This treatment helps the body revisit stored emotion\u2014to feel without getting stuck, to release without force, to soften what\u2019s been held for too long. Through gentle, precise touch, we help the skin, fascia, and nervous [&hellip;]\" \/>\n<meta property=\"og:url\" content=\"https:\/\/takumifinch.com\/fr\/nos-soins\/le-kyokute-de-takumi-finch\/\" \/>\n<meta property=\"og:site_name\" content=\"Institut Takumi Finch\" \/>\n<meta property=\"article:modified_time\" content=\"2026-01-27T14:04:31+00:00\" \/>\n<meta property=\"og:image\" content=\"https:\/\/azure-crane-105192.hostingersite.com\/wp-content\/uploads\/2026\/01\/LOGO_MBW.png\" \/>\n<meta name=\"twitter:card\" content=\"summary_large_image\" \/>\n<meta name=\"twitter:label1\" content=\"Dur\u00e9e de lecture estim\u00e9e\" \/>\n\t<meta name=\"twitter:data1\" content=\"1 minute\" \/>\n<script type=\"application\/ld+json\" class=\"yoast-schema-graph\">{\"@context\":\"https:\/\/schema.org\",\"@graph\":[{\"@type\":\"WebPage\",\"@id\":\"https:\/\/takumifinch.com\/our-treatments\/kyokute-by-takumi-finch\/\",\"url\":\"https:\/\/takumifinch.com\/our-treatments\/kyokute-by-takumi-finch\/\",\"name\":\"Kyokut\u0113 by Takumi Finch\u200b - Institut Takumi Finch\",\"isPartOf\":{\"@id\":\"https:\/\/takumifinch.com\/#website\"},\"primaryImageOfPage\":{\"@id\":\"https:\/\/takumifinch.com\/our-treatments\/kyokute-by-takumi-finch\/#primaryimage\"},\"image\":{\"@id\":\"https:\/\/takumifinch.com\/our-treatments\/kyokute-by-takumi-finch\/#primaryimage\"},\"thumbnailUrl\":\"https:\/\/azure-crane-105192.hostingersite.com\/wp-content\/uploads\/2026\/01\/LOGO_MBW.png\",\"datePublished\":\"2026-01-25T17:39:22+00:00\",\"dateModified\":\"2026-01-27T14:04:31+00:00\",\"breadcrumb\":{\"@id\":\"https:\/\/takumifinch.com\/our-treatments\/kyokute-by-takumi-finch\/#breadcrumb\"},\"inLanguage\":\"fr-FR\",\"potentialAction\":[{\"@type\":\"ReadAction\",\"target\":[\"https:\/\/takumifinch.com\/our-treatments\/kyokute-by-takumi-finch\/\"]}]},{\"@type\":\"ImageObject\",\"inLanguage\":\"fr-FR\",\"@id\":\"https:\/\/takumifinch.com\/our-treatments\/kyokute-by-takumi-finch\/#primaryimage\",\"url\":\"https:\/\/azure-crane-105192.hostingersite.com\/wp-content\/uploads\/2026\/01\/LOGO_MBW.png\",\"contentUrl\":\"https:\/\/azure-crane-105192.hostingersite.com\/wp-content\/uploads\/2026\/01\/LOGO_MBW.png\"},{\"@type\":\"BreadcrumbList\",\"@id\":\"https:\/\/takumifinch.com\/our-treatments\/kyokute-by-takumi-finch\/#breadcrumb\",\"itemListElement\":[{\"@type\":\"ListItem\",\"position\":1,\"name\":\"Home\",\"item\":\"https:\/\/takumifinch.com\/\"},{\"@type\":\"ListItem\",\"position\":2,\"name\":\"Our treatments\",\"item\":\"https:\/\/takumifinch.com\/our-treatments\/\"},{\"@type\":\"ListItem\",\"position\":3,\"name\":\"Kyokut\u0113 by Takumi Finch\u200b\"}]},{\"@type\":\"WebSite\",\"@id\":\"https:\/\/takumifinch.com\/#website\",\"url\":\"https:\/\/takumifinch.com\/\",\"name\":\"Institut Takumi Finch\",\"description\":\"Formations en bien-\u00eatre th\u00e9rapeutique\",\"publisher\":{\"@id\":\"https:\/\/takumifinch.com\/#organization\"},\"alternateName\":\"Takumi Finch\",\"potentialAction\":[{\"@type\":\"SearchAction\",\"target\":{\"@type\":\"EntryPoint\",\"urlTemplate\":\"https:\/\/takumifinch.com\/?s={search_term_string}\"},\"query-input\":{\"@type\":\"PropertyValueSpecification\",\"valueRequired\":true,\"valueName\":\"search_term_string\"}}],\"inLanguage\":\"fr-FR\"},{\"@type\":\"Organization\",\"@id\":\"https:\/\/takumifinch.com\/#organization\",\"name\":\"Institut Takumi Finch\",\"alternateName\":\"Takumi Finch\",\"url\":\"https:\/\/takumifinch.com\/\",\"logo\":{\"@type\":\"ImageObject\",\"inLanguage\":\"fr-FR\",\"@id\":\"https:\/\/takumifinch.com\/#\/schema\/logo\/image\/\",\"url\":\"https:\/\/takumifinch.com\/wp-content\/uploads\/2025\/10\/logo.svg\",\"contentUrl\":\"https:\/\/takumifinch.com\/wp-content\/uploads\/2025\/10\/logo.svg\",\"caption\":\"Institut Takumi Finch\"},\"image\":{\"@id\":\"https:\/\/takumifinch.com\/#\/schema\/logo\/image\/\"},\"sameAs\":[\"https:\/\/www.instagram.com\/institut_takumifinch\/\",\"https:\/\/www.linkedin.com\/company\/takumi-finch\/\",\"https:\/\/www.youtube.com\/channel\/UCFfkd6KPoJNy-gTVvA_u4mw\"]}]}<\/script>\n<!-- \/ Yoast SEO plugin. -->","yoast_head_json":{"title":"Le Kyokut\u0113 de Takumi Finch - Institut Takumi Finch","robots":{"index":"index","follow":"follow","max-snippet":"max-snippet:-1","max-image-preview":"max-image-preview:large","max-video-preview":"max-video-preview:-1"},"canonical":"https:\/\/takumifinch.com\/fr\/nos-soins\/le-kyokute-de-takumi-finch\/","og_locale":"fr_FR","og_type":"article","og_title":"Kyokut\u0113 by Takumi Finch\u200b - Institut Takumi Finch","og_description":"Home Kyokut\u0113 by Takumi Finch Find emotional release. Release what your body still carries.Create space for lightness, clarity, and presence. This treatment helps the body revisit stored emotion\u2014to feel without getting stuck, to release without force, to soften what\u2019s been held for too long. Through gentle, precise touch, we help the skin, fascia, and nervous [&hellip;]","og_url":"https:\/\/takumifinch.com\/fr\/nos-soins\/le-kyokute-de-takumi-finch\/","og_site_name":"Institut Takumi Finch","article_modified_time":"2026-01-27T14:04:31+00:00","og_image":[{"url":"https:\/\/azure-crane-105192.hostingersite.com\/wp-content\/uploads\/2026\/01\/LOGO_MBW.png","type":"","width":"","height":""}],"twitter_card":"summary_large_image","twitter_misc":{"Dur\u00e9e de lecture estim\u00e9e":"1 minute"},"schema":{"@context":"https:\/\/schema.org","@graph":[{"@type":"WebPage","@id":"https:\/\/takumifinch.com\/our-treatments\/kyokute-by-takumi-finch\/","url":"https:\/\/takumifinch.com\/our-treatments\/kyokute-by-takumi-finch\/","name":"Le Kyokut\u0113 de Takumi Finch - Institut Takumi Finch","isPartOf":{"@id":"https:\/\/takumifinch.com\/#website"},"primaryImageOfPage":{"@id":"https:\/\/takumifinch.com\/our-treatments\/kyokute-by-takumi-finch\/#primaryimage"},"image":{"@id":"https:\/\/takumifinch.com\/our-treatments\/kyokute-by-takumi-finch\/#primaryimage"},"thumbnailUrl":"https:\/\/azure-crane-105192.hostingersite.com\/wp-content\/uploads\/2026\/01\/LOGO_MBW.png","datePublished":"2026-01-25T17:39:22+00:00","dateModified":"2026-01-27T14:04:31+00:00","breadcrumb":{"@id":"https:\/\/takumifinch.com\/our-treatments\/kyokute-by-takumi-finch\/#breadcrumb"},"inLanguage":"fr-FR","potentialAction":[{"@type":"ReadAction","target":["https:\/\/takumifinch.com\/our-treatments\/kyokute-by-takumi-finch\/"]}]},{"@type":"ImageObject","inLanguage":"fr-FR","@id":"https:\/\/takumifinch.com\/our-treatments\/kyokute-by-takumi-finch\/#primaryimage","url":"https:\/\/azure-crane-105192.hostingersite.com\/wp-content\/uploads\/2026\/01\/LOGO_MBW.png","contentUrl":"https:\/\/azure-crane-105192.hostingersite.com\/wp-content\/uploads\/2026\/01\/LOGO_MBW.png"},{"@type":"BreadcrumbList","@id":"https:\/\/takumifinch.com\/our-treatments\/kyokute-by-takumi-finch\/#breadcrumb","itemListElement":[{"@type":"ListItem","position":1,"name":"Home","item":"https:\/\/takumifinch.com\/"},{"@type":"ListItem","position":2,"name":"Our treatments","item":"https:\/\/takumifinch.com\/our-treatments\/"},{"@type":"ListItem","position":3,"name":"Kyokut\u0113 by Takumi Finch\u200b"}]},{"@type":"WebSite","@id":"https:\/\/takumifinch.com\/#website","url":"https:\/\/takumifinch.com\/","name":"Institut Takumi Finch","description":"Formations en bien-\u00eatre th\u00e9rapeutique","publisher":{"@id":"https:\/\/takumifinch.com\/#organization"},"alternateName":"Takumi Finch","potentialAction":[{"@type":"SearchAction","target":{"@type":"EntryPoint","urlTemplate":"https:\/\/takumifinch.com\/?s={search_term_string}"},"query-input":{"@type":"PropertyValueSpecification","valueRequired":true,"valueName":"search_term_string"}}],"inLanguage":"fr-FR"},{"@type":"Organization","@id":"https:\/\/takumifinch.com\/#organization","name":"Institut Takumi Finch","alternateName":"Takumi Finch","url":"https:\/\/takumifinch.com\/","logo":{"@type":"ImageObject","inLanguage":"fr-FR","@id":"https:\/\/takumifinch.com\/#\/schema\/logo\/image\/","url":"https:\/\/takumifinch.com\/wp-content\/uploads\/2025\/10\/logo.svg","contentUrl":"https:\/\/takumifinch.com\/wp-content\/uploads\/2025\/10\/logo.svg","caption":"Institut Takumi Finch"},"image":{"@id":"https:\/\/takumifinch.com\/#\/schema\/logo\/image\/"},"sameAs":["https:\/\/www.instagram.com\/institut_takumifinch\/","https:\/\/www.linkedin.com\/company\/takumi-finch\/","https:\/\/www.youtube.com\/channel\/UCFfkd6KPoJNy-gTVvA_u4mw"]}]}},"_links":{"self":[{"href":"https:\/\/takumifinch.com\/fr\/wp-json\/wp\/v2\/pages\/37383","targetHints":{"allow":["GET"]}}],"collection":[{"href":"https:\/\/takumifinch.com\/fr\/wp-json\/wp\/v2\/pages"}],"about":[{"href":"https:\/\/takumifinch.com\/fr\/wp-json\/wp\/v2\/types\/page"}],"author":[{"embeddable":true,"href":"https:\/\/takumifinch.com\/fr\/wp-json\/wp\/v2\/users\/1"}],"replies":[{"embeddable":true,"href":"https:\/\/takumifinch.com\/fr\/wp-json\/wp\/v2\/comments?post=37383"}],"version-history":[{"count":0,"href":"https:\/\/takumifinch.com\/fr\/wp-json\/wp\/v2\/pages\/37383\/revisions"}],"up":[{"embeddable":true,"href":"https:\/\/takumifinch.com\/fr\/wp-json\/wp\/v2\/pages\/37346"}],"wp:attachment":[{"href":"https:\/\/takumifinch.com\/fr\/wp-json\/wp\/v2\/media?parent=37383"}],"curies":[{"name":"wp","href":"https:\/\/api.w.org\/{rel}","templated":true}]}}