{"id":37389,"date":"2026-01-25T18:45:27","date_gmt":"2026-01-25T17:45:27","guid":{"rendered":"https:\/\/azure-crane-105192.hostingersite.com\/?page_id=37389"},"modified":"2026-01-27T15:26:28","modified_gmt":"2026-01-27T14:26:28","slug":"la-fasciatherapie","status":"publish","type":"page","link":"https:\/\/takumifinch.com\/fr\/our-treatments\/fasciatherapy\/","title":{"rendered":"La fasciath\u00e9rapie"},"content":{"rendered":"<div data-elementor-type=\"wp-page\" data-elementor-id=\"37389\" class=\"elementor elementor-37389\" data-elementor-post-type=\"page\">\n\t\t\t\t<section class=\"elementor-element elementor-element-529e4ef e-flex e-con-boxed e-con e-parent\" data-id=\"529e4ef\" data-element_type=\"container\" data-e-type=\"container\" data-settings=\"{&quot;background_background&quot;:&quot;video&quot;,&quot;background_video_link&quot;:&quot;https:\\\/\\\/takumifinch.com\\\/wp-content\\\/uploads\\\/2026\\\/01\\\/nos_soins.mp4&quot;,&quot;background_play_on_mobile&quot;:&quot;yes&quot;}\">\n\t\t\t\t\t<div class=\"e-con-inner\">\n\t\t<div class=\"elementor-background-video-container\">\n\t\t\t\t\t\t\t<video class=\"elementor-background-video-hosted\" role=\"presentation\" autoplay muted playsinline loop><\/video>\n\t\t\t\t\t<\/div>\t\t<div class=\"elementor-element elementor-element-7c30821 elementor-widget elementor-widget-hfe-breadcrumbs-widget\" data-id=\"7c30821\" data-element_type=\"widget\" data-e-type=\"widget\" data-widget_type=\"hfe-breadcrumbs-widget.default\">\n\t\t\t\t<div class=\"elementor-widget-container\">\n\t\t\t\t\t<nav aria-label=\"Breadcrumb\"><ul class=\"hfe-breadcrumbs hfe-breadcrumbs-show-home\"><li class=\"hfe-breadcrumbs-item hfe-breadcrumbs-first\"><span class=\"hfe-breadcrumbs-home-icon\"><\/span><a href=\"https:\/\/takumifinch.com\/fr\"><span class=\"hfe-breadcrumbs-text\">Accueil<\/span><\/a><\/li><\/ul><\/nav>\t\t\t\t<\/div>\n\t\t\t\t<\/div>\n\t\t\t\t<div class=\"elementor-element elementor-element-5de5949 elementor-widget elementor-widget-heading\" data-id=\"5de5949\" data-element_type=\"widget\" data-e-type=\"widget\" data-widget_type=\"heading.default\">\n\t\t\t\t\t<h1 class=\"elementor-heading-title elementor-size-default\">La fasciath\u00e9rapie<\/h1>\t\t\t\t<\/div>\n\t\t\t\t<div class=\"elementor-element elementor-element-8cdab70 elementor-widget__width-initial elementor-widget elementor-widget-text-editor\" data-id=\"8cdab70\" data-element_type=\"widget\" data-e-type=\"widget\" data-widget_type=\"text-editor.default\">\n\t\t\t\t\t\t\t\t\t<h3>Lib\u00e9rer le corps du poids de l\u2019anxi\u00e9t\u00e9<\/h3>\t\t\t\t\t\t\t\t<\/div>\n\t\t\t\t\t<\/div>\n\t\t\t\t<\/section>\n\t\t<section class=\"elementor-element elementor-element-6acd4e0 e-flex e-con-boxed e-con e-parent\" data-id=\"6acd4e0\" data-element_type=\"container\" data-e-type=\"container\" data-settings=\"{&quot;background_background&quot;:&quot;classic&quot;}\">\n\t\t\t\t\t<div class=\"e-con-inner\">\n\t\t<div class=\"elementor-element elementor-element-4a893dd e-flex e-con-boxed e-con e-child\" data-id=\"4a893dd\" data-element_type=\"container\" data-e-type=\"container\">\n\t\t\t\t\t<div class=\"e-con-inner\">\n\t\t\t\t<div class=\"elementor-element elementor-element-7e9688b elementor-widget__width-inherit elementor-widget elementor-widget-text-editor\" data-id=\"7e9688b\" data-element_type=\"widget\" data-e-type=\"widget\" data-widget_type=\"text-editor.default\">\n\t\t\t\t\t\t\t\t\t<p><strong>Et si votre anxi\u00e9t\u00e9 \u00e9tait imprim\u00e9e dans votre corps ?<\/strong><\/p><p>Le stress, les \u00e9motions et les traumatismes ne disparaissent pas toujours avec le temps. Ils laissent des traces physiques, se logeant dans vos tissus comme une m\u00e9moire cach\u00e9e.<\/p><p>Vous ressentez des tensions, un mal de dos persistant ou une fatigue inexpliqu\u00e9e ?<\/p><p>Et si votre corps gardait en m\u00e9moire ce que votre esprit a oubli\u00e9 ?<\/p>\t\t\t\t\t\t\t\t<\/div>\n\t\t\t\t\t<\/div>\n\t\t\t\t<\/div>\n\t\t\t\t<div class=\"elementor-element elementor-element-1af535f elementor-blockquote--skin-quotation elementor-widget__width-inherit elementor-widget elementor-widget-blockquote\" data-id=\"1af535f\" data-element_type=\"widget\" data-e-type=\"widget\" data-widget_type=\"blockquote.default\">\n\t\t\t\t\t\t\t<blockquote class=\"elementor-blockquote\">\n\t\t\t<p class=\"elementor-blockquote__content\">\n\t\t\t\tCe soin est incontournable. Il permet de d\u00e9nouer des tensions enfouies, offrant un rel\u00e2chement \u00e0 la fois physique et \u00e9motionnel \t\t\t<\/p>\n\t\t\t\t\t\t\t<div class=\"e-q-footer\">\n\t\t\t\t\t\t\t\t\t\t\t<cite class=\"elementor-blockquote__author\">Avis d'Ana\u00efs, fasciath\u00e9rapeute<\/cite>\n\t\t\t\t\t\t\t\t\t\t\t\t\t\t<\/div>\n\t\t\t\t\t<\/blockquote>\n\t\t\t\t\t\t<\/div>\n\t\t\t\t\t<\/div>\n\t\t\t\t<\/section>\n\t\t<section class=\"elementor-element elementor-element-66e7c7c e-flex e-con-boxed e-con e-parent\" data-id=\"66e7c7c\" data-element_type=\"container\" data-e-type=\"container\" data-settings=\"{&quot;background_background&quot;:&quot;classic&quot;}\">\n\t\t\t\t\t<div class=\"e-con-inner\">\n\t\t\t\t<div class=\"elementor-element elementor-element-4ff1e71 elementor-widget__width-initial elementor-widget elementor-widget-heading\" data-id=\"4ff1e71\" data-element_type=\"widget\" data-e-type=\"widget\" data-widget_type=\"heading.default\">\n\t\t\t\t\t<h2 class=\"elementor-heading-title elementor-size-default\">Pourquoi \u00e7a fonctionne ?<\/h2>\t\t\t\t<\/div>\n\t\t\t\t<div class=\"elementor-element elementor-element-a550e11 elementor-widget__width-initial elementor-widget elementor-widget-text-editor\" data-id=\"a550e11\" data-element_type=\"widget\" data-e-type=\"widget\" data-widget_type=\"text-editor.default\">\n\t\t\t\t\t\t\t\t\t<p>Imaginez une orange : si vous appuyez sur un c\u00f4t\u00e9, la pression se diffuse partout.<\/p><p>Dans votre corps, les fascias jouent le m\u00eame r\u00f4le, maintenant muscles, organes et os en place. Lorsqu\u2019ils se contractent sous l\u2019effet du stress, ils cr\u00e9ent des tensions qui peuvent se r\u00e9percuter \u00e0 distance (Wilke et al., 2016).<\/p><p>La fasciath\u00e9rapie lib\u00e8re ces blocages, redonne au corps sa souplesse. Le corps s\u2019apaise et permet au cerveau de sortir de l\u2019\u00e9tat d\u2019alerte constant pour retrouver calme et \u00e9quilibre.<\/p>\t\t\t\t\t\t\t\t<\/div>\n\t\t\t\t\t<\/div>\n\t\t\t\t<\/section>\n\t\t<section class=\"elementor-element elementor-element-c588918 e-flex e-con-boxed e-con e-parent\" data-id=\"c588918\" data-element_type=\"container\" data-e-type=\"container\" data-settings=\"{&quot;background_background&quot;:&quot;classic&quot;}\">\n\t\t\t\t\t<div class=\"e-con-inner\">\n\t\t\t\t<div class=\"elementor-element elementor-element-e07dfd0 elementor-widget elementor-widget-heading\" data-id=\"e07dfd0\" data-element_type=\"widget\" data-e-type=\"widget\" data-widget_type=\"heading.default\">\n\t\t\t\t\t<h2 class=\"elementor-heading-title elementor-size-default\">Quels sont ses bienfaits ?\n<\/h2>\t\t\t\t<\/div>\n\t\t\t\t<div class=\"elementor-element elementor-element-f9fa3fb elementor-widget__width-initial elementor-widget elementor-widget-text-editor\" data-id=\"f9fa3fb\" data-element_type=\"widget\" data-e-type=\"widget\" data-widget_type=\"text-editor.default\">\n\t\t\t\t\t\t\t\t\t<p><strong>Rel\u00e2chement imm\u00e9diat<\/strong> \u2192 Moins de crispations, plus de fluidit\u00e9 (Schleip et al., 2012).<\/p><p><strong>Respiration plus libre<\/strong> \u2192 D\u00e9tente du diaphragme et sensation d\u2019espace.<\/p><p><b>Apaisement mental<\/b> \u2192 <span style=\"font-weight: 400;\">Sensation de l\u00e9g\u00e8ret\u00e9 et de calme.<\/span><\/p><p><strong>Moins de tensions dans la m\u00e2choire <b>et le cou<\/b><\/strong> \u2192 Maux de t\u00eate r\u00e9duits.<\/p><p><strong>Sommeil am\u00e9lior\u00e9<\/strong> \u2192 Le corps sort de l\u2019hypervigilance et se repose mieux (Meier et al., 2021).<\/p>\t\t\t\t\t\t\t\t<\/div>\n\t\t\t\t\t<\/div>\n\t\t\t\t<\/section>\n\t\t<section class=\"elementor-element elementor-element-9d5809c e-flex e-con-boxed e-con e-parent\" data-id=\"9d5809c\" data-element_type=\"container\" data-e-type=\"container\">\n\t\t\t\t\t<div class=\"e-con-inner\">\n\t\t\t\t<div class=\"elementor-element elementor-element-b91fc14 elementor-widget elementor-widget-heading\" data-id=\"b91fc14\" data-element_type=\"widget\" data-e-type=\"widget\" data-widget_type=\"heading.default\">\n\t\t\t\t\t<h2 class=\"elementor-heading-title elementor-size-default\">Quels autres probl\u00e8mes peut-elle soulager ?\n<\/h2>\t\t\t\t<\/div>\n\t\t\t\t<div class=\"elementor-element elementor-element-ac5d8d1 elementor-widget elementor-widget-text-editor\" data-id=\"ac5d8d1\" data-element_type=\"widget\" data-e-type=\"widget\" data-widget_type=\"text-editor.default\">\n\t\t\t\t\t\t\t\t\t<p>La fasciath\u00e9rapie ne se limite pas au stress et \u00e0 l\u2019anxi\u00e9t\u00e9. Elle aide aussi \u00e0 soulager les douleurs chroniques (dos, \u00e9paules, m\u00e2choire), am\u00e9liorer la r\u00e9cup\u00e9ration musculaire, r\u00e9\u00e9quilibrer la posture en lib\u00e9rant les tensions, apaiser les troubles digestifs en d\u00e9tendant le diaphragme et <b>accompagner le corps apr\u00e8s un traumatisme<\/b> en rel\u00e2chant les adh\u00e9rences post-op\u00e9ratoires ou post-blessures (voir un fasciath\u00e9rapeute m\u00e9dical). Une approche globale pour retrouver mobilit\u00e9 et bien-\u00eatre.<\/p>\t\t\t\t\t\t\t\t<\/div>\n\t\t\t\t\t<\/div>\n\t\t\t\t<\/section>\n\t\t<section class=\"elementor-element elementor-element-d0de63a e-flex e-con-boxed e-con e-parent\" data-id=\"d0de63a\" data-element_type=\"container\" data-e-type=\"container\" data-settings=\"{&quot;background_background&quot;:&quot;classic&quot;}\">\n\t\t\t\t\t<div class=\"e-con-inner\">\n\t\t<div class=\"elementor-element elementor-element-341aea9 e-con-full e-flex e-con e-child\" data-id=\"341aea9\" data-element_type=\"container\" data-e-type=\"container\" data-settings=\"{&quot;background_background&quot;:&quot;classic&quot;}\">\n\t\t\t\t<\/div>\n\t\t<div class=\"elementor-element elementor-element-f122682 e-con-full e-flex e-con e-child\" data-id=\"f122682\" data-element_type=\"container\" data-e-type=\"container\">\n\t\t\t\t<div class=\"elementor-element elementor-element-b3b43ee elementor-widget elementor-widget-heading\" data-id=\"b3b43ee\" data-element_type=\"widget\" data-e-type=\"widget\" data-widget_type=\"heading.default\">\n\t\t\t\t\t<h2 class=\"elementor-heading-title elementor-size-default\">Comment se d\u00e9roule une s\u00e9ance ?<\/h2>\t\t\t\t<\/div>\n\t\t\t\t<div class=\"elementor-element elementor-element-9f2195b elementor-widget elementor-widget-text-editor\" data-id=\"9f2195b\" data-element_type=\"widget\" data-e-type=\"widget\" data-widget_type=\"text-editor.default\">\n\t\t\t\t\t\t\t\t\t<p>Nous ne for\u00e7ons pas les zones douloureuses, mais nous pouvons les approcher doucement lorsque le corps est pr\u00eat.<\/p>\n<p>Le toucher est doux, mais il va en profondeur. Il invite \u00e0 la lib\u00e9ration, pas \u00e0 la r\u00e9sistance.<\/p>\n<p>D\u00e8s la premi\u00e8re s\u00e9ance, vous ressentirez :<br><img decoding=\"async\" draggable=\"false\" role=\"img\" class=\"emoji\" alt=\"\u2714\" src=\"https:\/\/s.w.org\/images\/core\/emoji\/17.0.2\/svg\/2714.svg\"> Un rel\u00e2chement musculaire et nerveux.<br><img decoding=\"async\" draggable=\"false\" role=\"img\" class=\"emoji\" alt=\"\u2714\" src=\"https:\/\/s.w.org\/images\/core\/emoji\/17.0.2\/svg\/2714.svg\"> Une meilleure circulation, une sensation de l\u00e9g\u00e8ret\u00e9.<br><img decoding=\"async\" draggable=\"false\" role=\"img\" class=\"emoji\" alt=\"\u2714\" src=\"https:\/\/s.w.org\/images\/core\/emoji\/17.0.2\/svg\/2714.svg\"> Une respiration plus fluide et un esprit plus apais\u00e9.<\/p>\t\t\t\t\t\t\t\t<\/div>\n\t\t\t\t<\/div>\n\t\t\t\t\t<\/div>\n\t\t\t\t<\/section>\n\t\t<section class=\"elementor-element elementor-element-88a259c e-flex e-con-boxed e-con e-parent\" data-id=\"88a259c\" data-element_type=\"container\" data-e-type=\"container\" data-settings=\"{&quot;background_background&quot;:&quot;classic&quot;}\">\n\t\t\t\t\t<div class=\"e-con-inner\">\n\t\t<div class=\"elementor-element elementor-element-5636d45 e-con-full e-flex e-con e-child\" data-id=\"5636d45\" data-element_type=\"container\" data-e-type=\"container\">\n\t\t\t\t<div class=\"elementor-element elementor-element-5927010 elementor-widget elementor-widget-heading\" data-id=\"5927010\" data-element_type=\"widget\" data-e-type=\"widget\" data-widget_type=\"heading.default\">\n\t\t\t\t\t<h3 class=\"elementor-heading-title elementor-size-default\">Une m\u00e9thode port\u00e9e par la recherche\n<\/h3>\t\t\t\t<\/div>\n\t\t\t\t<div class=\"elementor-element elementor-element-2905ae4 elementor-widget__width-inherit elementor-widget elementor-widget-text-editor\" data-id=\"2905ae4\" data-element_type=\"widget\" data-e-type=\"widget\" data-widget_type=\"text-editor.default\">\n\t\t\t\t\t\t\t\t\t<p>Nous travaillons en partenariat tripartite avec le <strong>IMN<\/strong>, le <strong>CNRS<\/strong>, et <strong>University of Bordeaux<\/strong>.<\/p><p>Les bienfaits de nos recherches sont aujourd\u2019hui au c\u0153ur de la <strong>M\u00e9thode Takumi Finch<\/strong> et sont d\u00e9clin\u00e9s dans tous nos soins.<\/p>\t\t\t\t\t\t\t\t<\/div>\n\t\t\t\t<\/div>\n\t\t\t\t<div class=\"elementor-element elementor-element-93422bc elementor-widget__width-inherit elementor-widget elementor-widget-image\" data-id=\"93422bc\" data-element_type=\"widget\" data-e-type=\"widget\" data-widget_type=\"image.default\">\n\t\t\t\t\t\t\t\t\t\t\t\t\t\t\t<picture><source srcset=\"https:\/\/takumifinch.com\/wp-content\/webp-express\/webp-images\/uploads\/2026\/01\/LOGO_MBW.png.webp 1500w, https:\/\/takumifinch.com\/wp-content\/webp-express\/webp-images\/uploads\/2026\/01\/LOGO_MBW-300x300.png.webp 300w, https:\/\/takumifinch.com\/wp-content\/webp-express\/webp-images\/uploads\/2026\/01\/LOGO_MBW-1024x1024.png.webp 1024w, https:\/\/takumifinch.com\/wp-content\/webp-express\/webp-images\/uploads\/2026\/01\/LOGO_MBW-150x150.png.webp 150w, https:\/\/takumifinch.com\/wp-content\/webp-express\/webp-images\/uploads\/2026\/01\/LOGO_MBW-768x768.png.webp 768w, https:\/\/takumifinch.com\/wp-content\/webp-express\/webp-images\/uploads\/2026\/01\/LOGO_MBW-100x100.png.webp 100w, https:\/\/takumifinch.com\/wp-content\/webp-express\/webp-images\/uploads\/2026\/01\/LOGO_MBW-12x12.png.webp 12w\" sizes=\"(max-width: 1500px) 100vw, 1500px\" type=\"image\/webp\"><img fetchpriority=\"high\" decoding=\"async\" width=\"1500\" height=\"1500\" src=\"https:\/\/takumifinch.com\/wp-content\/uploads\/2026\/01\/LOGO_MBW.png\" class=\"attachment-full size-full wp-image-37355 webpexpress-processed\" alt=\"\" srcset=\"https:\/\/takumifinch.com\/wp-content\/uploads\/2026\/01\/LOGO_MBW.png 1500w, https:\/\/takumifinch.com\/wp-content\/uploads\/2026\/01\/LOGO_MBW-300x300.png 300w, https:\/\/takumifinch.com\/wp-content\/uploads\/2026\/01\/LOGO_MBW-1024x1024.png 1024w, https:\/\/takumifinch.com\/wp-content\/uploads\/2026\/01\/LOGO_MBW-150x150.png 150w, https:\/\/takumifinch.com\/wp-content\/uploads\/2026\/01\/LOGO_MBW-768x768.png 768w, https:\/\/takumifinch.com\/wp-content\/uploads\/2026\/01\/LOGO_MBW-100x100.png 100w, https:\/\/takumifinch.com\/wp-content\/uploads\/2026\/01\/LOGO_MBW-12x12.png 12w\" sizes=\"(max-width: 1500px) 100vw, 1500px\"><\/picture>\t\t\t\t\t\t\t\t\t\t\t\t\t\t\t<\/div>\n\t\t\t\t\t<\/div>\n\t\t\t\t<\/section>\n\t\t<div class=\"elementor-element elementor-element-80d9d3c e-flex e-con-boxed e-con e-parent\" data-id=\"80d9d3c\" data-element_type=\"container\" data-e-type=\"container\" data-settings=\"{&quot;background_background&quot;:&quot;classic&quot;}\">\n\t\t\t\t\t<div class=\"e-con-inner\">\n\t\t\t\t<div class=\"elementor-element elementor-element-5f21905 elementor-widget elementor-widget-text-editor\" data-id=\"5f21905\" data-element_type=\"widget\" data-e-type=\"widget\" data-widget_type=\"text-editor.default\">\n\t\t\t\t\t\t\t\t\t<p style=\"text-align: center;\">Exp\u00e9rimentez les bienfaits de la fasciath\u00e9rapie. Prenez rendez-vous d\u00e8s aujourd\u2019hui et ressentez la diff\u00e9rence d\u00e8s la premi\u00e8re s\u00e9ance. <\/p>\n\t\t\t\t\t\t\t\t<\/div>\n\t\t\t\t<div class=\"elementor-element elementor-element-a39cb0f elementor-align-center elementor-widget elementor-widget-button\" data-id=\"a39cb0f\" data-element_type=\"widget\" data-e-type=\"widget\" data-widget_type=\"button.default\">\n\t\t\t\t\t\t\t\t\t\t<a class=\"elementor-button elementor-button-link elementor-size-sm\" href=\"https:\/\/takumifinch.com\/fr\/trouver-specialiste\/\">\n\t\t\t\t\t\t<span class=\"elementor-button-content-wrapper\">\n\t\t\t\t\t\t\t\t\t<span class=\"elementor-button-text\">Trouver un Sp\u00e9cialiste<\/span>\n\t\t\t\t\t<\/span>\n\t\t\t\t\t<\/a>\n\t\t\t\t\t\t\t\t<\/div>\n\t\t\t\t\t<\/div>\n\t\t\t\t<\/div>\n\t\t\t\t<\/div>","protected":false},"excerpt":{"rendered":"<p>Home Fasciatherapy Freeing the body from the weight of anxiety What if your anxiety was imprinted onto your body? Some experiences don\u2019t simply fade. Stress, emotion or trauma can leave physical traces, postures and habits, lodging in your tissues like a hidden memory. Over time, this can show up as fatigue, tension, or a chronic [&hellip;]<\/p>\n","protected":false},"author":1,"featured_media":0,"parent":37346,"menu_order":0,"comment_status":"closed","ping_status":"closed","template":"","meta":{"inline_featured_image":false,"iawp_total_views":140,"footnotes":""},"class_list":["post-37389","page","type-page","status-publish","hentry"],"yoast_head":"<!-- This site is optimized with the Yoast SEO plugin v27.1.1 - https:\/\/yoast.com\/product\/yoast-seo-wordpress\/ -->\n<title>Fasciatherapy - Institut Takumi Finch<\/title>\n<meta name=\"robots\" content=\"index, follow, max-snippet:-1, max-image-preview:large, max-video-preview:-1\" \/>\n<link rel=\"canonical\" href=\"https:\/\/takumifinch.com\/fr\/nos-soins\/la-fasciatherapie\/\" \/>\n<meta property=\"og:locale\" content=\"fr_FR\" \/>\n<meta property=\"og:type\" content=\"article\" \/>\n<meta property=\"og:title\" content=\"Fasciatherapy - Institut Takumi Finch\" \/>\n<meta property=\"og:description\" content=\"Home Fasciatherapy Freeing the body from the weight of anxiety What if your anxiety was imprinted onto your body? Some experiences don\u2019t simply fade. Stress, emotion or trauma can leave physical traces, postures and habits, lodging in your tissues like a hidden memory. Over time, this can show up as fatigue, tension, or a chronic [&hellip;]\" \/>\n<meta property=\"og:url\" content=\"https:\/\/takumifinch.com\/fr\/nos-soins\/la-fasciatherapie\/\" \/>\n<meta property=\"og:site_name\" content=\"Institut Takumi Finch\" \/>\n<meta property=\"article:modified_time\" content=\"2026-01-27T14:26:28+00:00\" \/>\n<meta property=\"og:image\" content=\"https:\/\/s.w.org\/images\/core\/emoji\/17.0.2\/svg\/2714.svg\" \/>\n<meta name=\"twitter:card\" content=\"summary_large_image\" \/>\n<meta name=\"twitter:label1\" content=\"Dur\u00e9e de lecture estim\u00e9e\" \/>\n\t<meta name=\"twitter:data1\" content=\"1 minute\" \/>\n<script type=\"application\/ld+json\" class=\"yoast-schema-graph\">{\"@context\":\"https:\/\/schema.org\",\"@graph\":[{\"@type\":\"WebPage\",\"@id\":\"https:\/\/takumifinch.com\/our-treatments\/fasciatherapy\/\",\"url\":\"https:\/\/takumifinch.com\/our-treatments\/fasciatherapy\/\",\"name\":\"Fasciatherapy - Institut Takumi Finch\",\"isPartOf\":{\"@id\":\"https:\/\/takumifinch.com\/#website\"},\"primaryImageOfPage\":{\"@id\":\"https:\/\/takumifinch.com\/our-treatments\/fasciatherapy\/#primaryimage\"},\"image\":{\"@id\":\"https:\/\/takumifinch.com\/our-treatments\/fasciatherapy\/#primaryimage\"},\"thumbnailUrl\":\"https:\/\/s.w.org\/images\/core\/emoji\/17.0.2\/svg\/2714.svg\",\"datePublished\":\"2026-01-25T17:45:27+00:00\",\"dateModified\":\"2026-01-27T14:26:28+00:00\",\"breadcrumb\":{\"@id\":\"https:\/\/takumifinch.com\/our-treatments\/fasciatherapy\/#breadcrumb\"},\"inLanguage\":\"fr-FR\",\"potentialAction\":[{\"@type\":\"ReadAction\",\"target\":[\"https:\/\/takumifinch.com\/our-treatments\/fasciatherapy\/\"]}]},{\"@type\":\"ImageObject\",\"inLanguage\":\"fr-FR\",\"@id\":\"https:\/\/takumifinch.com\/our-treatments\/fasciatherapy\/#primaryimage\",\"url\":\"https:\/\/s.w.org\/images\/core\/emoji\/17.0.2\/svg\/2714.svg\",\"contentUrl\":\"https:\/\/s.w.org\/images\/core\/emoji\/17.0.2\/svg\/2714.svg\"},{\"@type\":\"BreadcrumbList\",\"@id\":\"https:\/\/takumifinch.com\/our-treatments\/fasciatherapy\/#breadcrumb\",\"itemListElement\":[{\"@type\":\"ListItem\",\"position\":1,\"name\":\"Home\",\"item\":\"https:\/\/takumifinch.com\/\"},{\"@type\":\"ListItem\",\"position\":2,\"name\":\"Our treatments\",\"item\":\"https:\/\/takumifinch.com\/our-treatments\/\"},{\"@type\":\"ListItem\",\"position\":3,\"name\":\"Fasciatherapy\"}]},{\"@type\":\"WebSite\",\"@id\":\"https:\/\/takumifinch.com\/#website\",\"url\":\"https:\/\/takumifinch.com\/\",\"name\":\"Institut Takumi Finch\",\"description\":\"Formations en bien-\u00eatre th\u00e9rapeutique\",\"publisher\":{\"@id\":\"https:\/\/takumifinch.com\/#organization\"},\"alternateName\":\"Takumi Finch\",\"potentialAction\":[{\"@type\":\"SearchAction\",\"target\":{\"@type\":\"EntryPoint\",\"urlTemplate\":\"https:\/\/takumifinch.com\/?s={search_term_string}\"},\"query-input\":{\"@type\":\"PropertyValueSpecification\",\"valueRequired\":true,\"valueName\":\"search_term_string\"}}],\"inLanguage\":\"fr-FR\"},{\"@type\":\"Organization\",\"@id\":\"https:\/\/takumifinch.com\/#organization\",\"name\":\"Institut Takumi Finch\",\"alternateName\":\"Takumi Finch\",\"url\":\"https:\/\/takumifinch.com\/\",\"logo\":{\"@type\":\"ImageObject\",\"inLanguage\":\"fr-FR\",\"@id\":\"https:\/\/takumifinch.com\/#\/schema\/logo\/image\/\",\"url\":\"https:\/\/takumifinch.com\/wp-content\/uploads\/2025\/10\/logo.svg\",\"contentUrl\":\"https:\/\/takumifinch.com\/wp-content\/uploads\/2025\/10\/logo.svg\",\"caption\":\"Institut Takumi Finch\"},\"image\":{\"@id\":\"https:\/\/takumifinch.com\/#\/schema\/logo\/image\/\"},\"sameAs\":[\"https:\/\/www.instagram.com\/institut_takumifinch\/\",\"https:\/\/www.linkedin.com\/company\/takumi-finch\/\",\"https:\/\/www.youtube.com\/channel\/UCFfkd6KPoJNy-gTVvA_u4mw\"]}]}<\/script>\n<!-- \/ Yoast SEO plugin. -->","yoast_head_json":{"title":"La fasciath\u00e9rapie - Institut Takumi Finch","robots":{"index":"index","follow":"follow","max-snippet":"max-snippet:-1","max-image-preview":"max-image-preview:large","max-video-preview":"max-video-preview:-1"},"canonical":"https:\/\/takumifinch.com\/fr\/nos-soins\/la-fasciatherapie\/","og_locale":"fr_FR","og_type":"article","og_title":"Fasciatherapy - Institut Takumi Finch","og_description":"Home Fasciatherapy Freeing the body from the weight of anxiety What if your anxiety was imprinted onto your body? Some experiences don\u2019t simply fade. Stress, emotion or trauma can leave physical traces, postures and habits, lodging in your tissues like a hidden memory. Over time, this can show up as fatigue, tension, or a chronic [&hellip;]","og_url":"https:\/\/takumifinch.com\/fr\/nos-soins\/la-fasciatherapie\/","og_site_name":"Institut Takumi Finch","article_modified_time":"2026-01-27T14:26:28+00:00","og_image":[{"url":"https:\/\/s.w.org\/images\/core\/emoji\/17.0.2\/svg\/2714.svg","type":"","width":"","height":""}],"twitter_card":"summary_large_image","twitter_misc":{"Dur\u00e9e de lecture estim\u00e9e":"1 minute"},"schema":{"@context":"https:\/\/schema.org","@graph":[{"@type":"WebPage","@id":"https:\/\/takumifinch.com\/our-treatments\/fasciatherapy\/","url":"https:\/\/takumifinch.com\/our-treatments\/fasciatherapy\/","name":"La fasciath\u00e9rapie - Institut Takumi Finch","isPartOf":{"@id":"https:\/\/takumifinch.com\/#website"},"primaryImageOfPage":{"@id":"https:\/\/takumifinch.com\/our-treatments\/fasciatherapy\/#primaryimage"},"image":{"@id":"https:\/\/takumifinch.com\/our-treatments\/fasciatherapy\/#primaryimage"},"thumbnailUrl":"https:\/\/s.w.org\/images\/core\/emoji\/17.0.2\/svg\/2714.svg","datePublished":"2026-01-25T17:45:27+00:00","dateModified":"2026-01-27T14:26:28+00:00","breadcrumb":{"@id":"https:\/\/takumifinch.com\/our-treatments\/fasciatherapy\/#breadcrumb"},"inLanguage":"fr-FR","potentialAction":[{"@type":"ReadAction","target":["https:\/\/takumifinch.com\/our-treatments\/fasciatherapy\/"]}]},{"@type":"ImageObject","inLanguage":"fr-FR","@id":"https:\/\/takumifinch.com\/our-treatments\/fasciatherapy\/#primaryimage","url":"https:\/\/s.w.org\/images\/core\/emoji\/17.0.2\/svg\/2714.svg","contentUrl":"https:\/\/s.w.org\/images\/core\/emoji\/17.0.2\/svg\/2714.svg"},{"@type":"BreadcrumbList","@id":"https:\/\/takumifinch.com\/our-treatments\/fasciatherapy\/#breadcrumb","itemListElement":[{"@type":"ListItem","position":1,"name":"Home","item":"https:\/\/takumifinch.com\/"},{"@type":"ListItem","position":2,"name":"Our treatments","item":"https:\/\/takumifinch.com\/our-treatments\/"},{"@type":"ListItem","position":3,"name":"Fasciatherapy"}]},{"@type":"WebSite","@id":"https:\/\/takumifinch.com\/#website","url":"https:\/\/takumifinch.com\/","name":"Institut Takumi Finch","description":"Formations en bien-\u00eatre th\u00e9rapeutique","publisher":{"@id":"https:\/\/takumifinch.com\/#organization"},"alternateName":"Takumi Finch","potentialAction":[{"@type":"SearchAction","target":{"@type":"EntryPoint","urlTemplate":"https:\/\/takumifinch.com\/?s={search_term_string}"},"query-input":{"@type":"PropertyValueSpecification","valueRequired":true,"valueName":"search_term_string"}}],"inLanguage":"fr-FR"},{"@type":"Organization","@id":"https:\/\/takumifinch.com\/#organization","name":"Institut Takumi Finch","alternateName":"Takumi Finch","url":"https:\/\/takumifinch.com\/","logo":{"@type":"ImageObject","inLanguage":"fr-FR","@id":"https:\/\/takumifinch.com\/#\/schema\/logo\/image\/","url":"https:\/\/takumifinch.com\/wp-content\/uploads\/2025\/10\/logo.svg","contentUrl":"https:\/\/takumifinch.com\/wp-content\/uploads\/2025\/10\/logo.svg","caption":"Institut Takumi Finch"},"image":{"@id":"https:\/\/takumifinch.com\/#\/schema\/logo\/image\/"},"sameAs":["https:\/\/www.instagram.com\/institut_takumifinch\/","https:\/\/www.linkedin.com\/company\/takumi-finch\/","https:\/\/www.youtube.com\/channel\/UCFfkd6KPoJNy-gTVvA_u4mw"]}]}},"_links":{"self":[{"href":"https:\/\/takumifinch.com\/fr\/wp-json\/wp\/v2\/pages\/37389","targetHints":{"allow":["GET"]}}],"collection":[{"href":"https:\/\/takumifinch.com\/fr\/wp-json\/wp\/v2\/pages"}],"about":[{"href":"https:\/\/takumifinch.com\/fr\/wp-json\/wp\/v2\/types\/page"}],"author":[{"embeddable":true,"href":"https:\/\/takumifinch.com\/fr\/wp-json\/wp\/v2\/users\/1"}],"replies":[{"embeddable":true,"href":"https:\/\/takumifinch.com\/fr\/wp-json\/wp\/v2\/comments?post=37389"}],"version-history":[{"count":0,"href":"https:\/\/takumifinch.com\/fr\/wp-json\/wp\/v2\/pages\/37389\/revisions"}],"up":[{"embeddable":true,"href":"https:\/\/takumifinch.com\/fr\/wp-json\/wp\/v2\/pages\/37346"}],"wp:attachment":[{"href":"https:\/\/takumifinch.com\/fr\/wp-json\/wp\/v2\/media?parent=37389"}],"curies":[{"name":"wp","href":"https:\/\/api.w.org\/{rel}","templated":true}]}}