{"id":37411,"date":"2026-01-25T19:00:55","date_gmt":"2026-01-25T18:00:55","guid":{"rendered":"https:\/\/azure-crane-105192.hostingersite.com\/?page_id=37411"},"modified":"2026-01-30T17:35:47","modified_gmt":"2026-01-30T16:35:47","slug":"soin-kobido-lifting","status":"publish","type":"page","link":"https:\/\/takumifinch.com\/fr\/our-treatments\/treatment-kobido-facelift\/","title":{"rendered":"Kobido &amp; Facelift"},"content":{"rendered":"<div data-elementor-type=\"wp-page\" data-elementor-id=\"37411\" class=\"elementor elementor-37411\" data-elementor-post-type=\"page\">\n\t\t\t\t<section class=\"elementor-element elementor-element-75220c9 e-flex e-con-boxed e-con e-parent\" data-id=\"75220c9\" data-element_type=\"container\" data-e-type=\"container\" data-settings=\"{&quot;background_background&quot;:&quot;classic&quot;}\">\n\t\t\t\t\t<div class=\"e-con-inner\">\n\t\t\t\t<div class=\"elementor-element elementor-element-5fdab58 elementor-widget elementor-widget-hfe-breadcrumbs-widget\" data-id=\"5fdab58\" data-element_type=\"widget\" data-e-type=\"widget\" data-widget_type=\"hfe-breadcrumbs-widget.default\">\n\t\t\t\t<div class=\"elementor-widget-container\">\n\t\t\t\t\t<nav aria-label=\"Breadcrumb\"><ul class=\"hfe-breadcrumbs hfe-breadcrumbs-show-home\"><li class=\"hfe-breadcrumbs-item hfe-breadcrumbs-first\"><span class=\"hfe-breadcrumbs-home-icon\"><\/span><a href=\"https:\/\/takumifinch.com\/fr\"><span class=\"hfe-breadcrumbs-text\">Accueil<\/span><\/a><\/li><\/ul><\/nav>\t\t\t\t<\/div>\n\t\t\t\t<\/div>\n\t\t\t\t<div class=\"elementor-element elementor-element-283f48f elementor-widget elementor-widget-heading\" data-id=\"283f48f\" data-element_type=\"widget\" data-e-type=\"widget\" data-widget_type=\"heading.default\">\n\t\t\t\t\t<h1 class=\"elementor-heading-title elementor-size-default\">Kobido &amp; lifting<\/h1>\t\t\t\t<\/div>\n\t\t\t\t<div class=\"elementor-element elementor-element-4380ee3 elementor-widget__width-initial elementor-widget elementor-widget-heading\" data-id=\"4380ee3\" data-element_type=\"widget\" data-e-type=\"widget\" data-widget_type=\"heading.default\">\n\t\t\t\t\t<h2 class=\"elementor-heading-title elementor-size-default\">Lifting ancestral, rel\u00e2chement du stress<\/h2>\t\t\t\t<\/div>\n\t\t\t\t\t<\/div>\n\t\t\t\t<\/section>\n\t\t<div class=\"elementor-element elementor-element-7cc8559 e-flex e-con-boxed e-con e-parent\" data-id=\"7cc8559\" data-element_type=\"container\" data-e-type=\"container\" data-settings=\"{&quot;background_background&quot;:&quot;classic&quot;}\">\n\t\t\t\t\t<div class=\"e-con-inner\">\n\t\t\t\t<div class=\"elementor-element elementor-element-e8c0dcc elementor-widget elementor-widget-heading\" data-id=\"e8c0dcc\" data-element_type=\"widget\" data-e-type=\"widget\" data-widget_type=\"heading.default\">\n\t\t\t\t\t<h2 class=\"elementor-heading-title elementor-size-default\">Pr\u00e9sentation<\/h2>\t\t\t\t<\/div>\n\t\t\t\t<div class=\"elementor-element elementor-element-49b56fb elementor-widget elementor-widget-text-editor\" data-id=\"49b56fb\" data-element_type=\"widget\" data-e-type=\"widget\" data-widget_type=\"text-editor.default\">\n\t\t\t\t\t\t\t\t\t<p>Ce soin agit en profondeur sur la structure du visage. Il lib\u00e8re les tensions, stimule les fascias et relance la vitalit\u00e9 des tissus. Le visage s\u2019\u00e9claire, se redessine, retrouve du mouvement et de la fluidit\u00e9.<\/p><p>Issu de l\u2019expertise reconnue de Takumi Finch dans l\u2019art du kobido et prolong\u00e9 par la M\u00e9thode Takumi Finch, le lifting repose sur une gestuelle pr\u00e9cise, consciente, et toujours ajust\u00e9e \u00e0 votre \u00e9tat du jour. Rien n\u2019est fig\u00e9 : chaque s\u00e9ance est unique.<\/p>\t\t\t\t\t\t\t\t<\/div>\n\t\t\t\t<div class=\"elementor-element elementor-element-ad40921 elementor-widget elementor-widget-text-editor\" data-id=\"ad40921\" data-element_type=\"widget\" data-e-type=\"widget\" data-widget_type=\"text-editor.default\">\n\t\t\t\t\t\t\t\t\t<h3>Pour qui ?<\/h3><ul><li>Rel\u00e2chement ou fatigue install\u00e9e<\/li><li>Traits fig\u00e9s, perte d\u2019\u00e9lasticit\u00e9<\/li><li>Teint terne, manque d\u2019\u00e9clat<\/li><li>Besoin de \u201cr\u00e9veiller\u201d le visage<\/li><li>En pr\u00e9paration d\u2019un moment important (prise de parole, changement, c\u00e9l\u00e9bration)<\/li><\/ul>\t\t\t\t\t\t\t\t<\/div>\n\t\t\t\t<div class=\"elementor-element elementor-element-e2adfc0 elementor-widget elementor-widget-text-editor\" data-id=\"e2adfc0\" data-element_type=\"widget\" data-e-type=\"widget\" data-widget_type=\"text-editor.default\">\n\t\t\t\t\t\t\t\t\t<h3>Ce que vous pouvez ressentir<\/h3><ul><li>Un visage plus vivant, ouvert et dessin\u00e9<\/li><li>Une sensation de rel\u00e2chement profond<\/li><li>Un regain de vitalit\u00e9 et de clart\u00e9 dans le regard<\/li><li>Moins de crispation, plus de souplesse<\/li><li>Une l\u00e9g\u00e8ret\u00e9 retrouv\u00e9e<\/li><li>Une exp\u00e9rience \u00e0 la fois dynamique et profond\u00e9ment apaisante<\/li><\/ul>\t\t\t\t\t\t\t\t<\/div>\n\t\t\t\t<div class=\"elementor-element elementor-element-206142d elementor-widget elementor-widget-text-editor\" data-id=\"206142d\" data-element_type=\"widget\" data-e-type=\"widget\" data-widget_type=\"text-editor.default\">\n\t\t\t\t\t\t\t\t\t<h3>Ce que dit la science<\/h3><p>Le massage du visage augmente l\u2019ocytocine (hormone du lien), r\u00e9duit l\u2019ACTH (hormone du stress), et diminue les niveaux de cortisol, contribuant ainsi \u00e0 une am\u00e9lioration mesurable de l\u2019humeur et \u00e0 un \u00e9tat de bien-\u00eatre global (Morhenn et al., 2012).<\/p>\t\t\t\t\t\t\t\t<\/div>\n\t\t\t\t\t<\/div>\n\t\t\t\t<\/div>\n\t\t<div class=\"elementor-element elementor-element-1292bf8 e-flex e-con-boxed e-con e-parent\" data-id=\"1292bf8\" data-element_type=\"container\" data-e-type=\"container\">\n\t\t\t\t\t<div class=\"e-con-inner\">\n\t\t\t\t<div class=\"elementor-element elementor-element-845be0c elementor-widget elementor-widget-heading\" data-id=\"845be0c\" data-element_type=\"widget\" data-e-type=\"widget\" data-widget_type=\"heading.default\">\n\t\t\t\t\t<h2 class=\"elementor-heading-title elementor-size-default\">Informations pratiques<\/h2>\t\t\t\t<\/div>\n\t\t\t\t<div class=\"elementor-element elementor-element-8ffb103 elementor-widget elementor-widget-text-editor\" data-id=\"8ffb103\" data-element_type=\"widget\" data-e-type=\"widget\" data-widget_type=\"text-editor.default\">\n\t\t\t\t\t\t\t\t\t<p><strong>Dur\u00e9e :<\/strong>\u00a030-60-75 minutes<\/p><p><strong>Praticien :<\/strong> Sp\u00e9cialiste ou Expert certifi\u00e9 M\u00e9thode Takumi Finch<span style=\"font-weight: 400;\"><br \/><\/span><\/p><p>Peut s\u2019int\u00e9grer dans une cure ou se recevoir en soin unique.<br \/>Soin adaptable \u00e0 tout \u00e2ge, sans appareil, ni produits invasifs.<\/p>\t\t\t\t\t\t\t\t<\/div>\n\t\t\t\t<div class=\"elementor-element elementor-element-2f2cde4 elementor-align-center elementor-widget elementor-widget-button\" data-id=\"2f2cde4\" data-element_type=\"widget\" data-e-type=\"widget\" data-widget_type=\"button.default\">\n\t\t\t\t\t\t\t\t\t\t<a class=\"elementor-button elementor-button-link elementor-size-sm\" href=\"https:\/\/takumifinch.com\/fr\/trouver-specialiste\/\">\n\t\t\t\t\t\t<span class=\"elementor-button-content-wrapper\">\n\t\t\t\t\t\t\t\t\t<span class=\"elementor-button-text\">Trouver un Sp\u00e9cialiste<\/span>\n\t\t\t\t\t<\/span>\n\t\t\t\t\t<\/a>\n\t\t\t\t\t\t\t\t<\/div>\n\t\t\t\t<div class=\"elementor-element elementor-element-9c45ec7 elementor-widget-divider--view-line elementor-widget elementor-widget-divider\" data-id=\"9c45ec7\" data-element_type=\"widget\" data-e-type=\"widget\" data-widget_type=\"divider.default\">\n\t\t\t\t\t\t\t<div class=\"elementor-divider\">\n\t\t\t<span class=\"elementor-divider-separator\">\n\t\t\t\t\t\t<\/span>\n\t\t<\/div>\n\t\t\t\t\t\t<\/div>\n\t\t\t\t<div class=\"elementor-element elementor-element-426fe7e elementor-widget elementor-widget-text-editor\" data-id=\"426fe7e\" data-element_type=\"widget\" data-e-type=\"widget\" data-widget_type=\"text-editor.default\">\n\t\t\t\t\t\t\t\t\t<p><b>R\u00e9f\u00e9rence<\/b><\/p>\n<p><span style=\"font-weight: 400;\">Morhenn, V. B., Park, J. W., Piper, E., &amp; Zak, P. J. (2012). Massage increases oxytocin and reduces adrenocorticotropin hormone in humans.   <\/span><a href=\"https:\/\/www.alternative-therapies.com\/\"><i><span style=\"font-weight: 400;\">Alternative Therapies in Health and Medicine<\/span><\/i><\/a><span style=\"font-weight: 400;\">, 18(6), 11-18.<\/span><\/p><\/p>\n\t\t\t\t\t\t\t\t<\/div>\n\t\t\t\t\t<\/div>\n\t\t\t\t<\/div>\n\t\t\t\t<\/div>","protected":false},"excerpt":{"rendered":"<p>Home Kobido &amp; facelift Japanese ancestral facelift, profound reconnection Presentation This treatment is entirely dedicated to reshaping and lifting the contours of your face. Every touch is intentional, dynamic, and deeply sensitive\u2014awakening a feeling of being reconnected to your true self. The face is freed from tension, volume is gently restored, and your natural radiance [&hellip;]<\/p>\n","protected":false},"author":1,"featured_media":0,"parent":37346,"menu_order":0,"comment_status":"closed","ping_status":"closed","template":"","meta":{"inline_featured_image":false,"iawp_total_views":175,"footnotes":""},"class_list":["post-37411","page","type-page","status-publish","hentry"],"yoast_head":"<!-- This site is optimized with the Yoast SEO plugin v27.1.1 - https:\/\/yoast.com\/product\/yoast-seo-wordpress\/ -->\n<title>Kobido &amp; Facelift - Institut Takumi Finch<\/title>\n<meta name=\"robots\" content=\"index, follow, max-snippet:-1, max-image-preview:large, max-video-preview:-1\" \/>\n<link rel=\"canonical\" href=\"https:\/\/takumifinch.com\/fr\/nos-soins\/soin-kobido-lifting\/\" \/>\n<meta property=\"og:locale\" content=\"fr_FR\" \/>\n<meta property=\"og:type\" content=\"article\" \/>\n<meta property=\"og:title\" content=\"Kobido &amp; Facelift - Institut Takumi Finch\" \/>\n<meta property=\"og:description\" content=\"Home Kobido &amp; facelift Japanese ancestral facelift, profound reconnection Presentation This treatment is entirely dedicated to reshaping and lifting the contours of your face. Every touch is intentional, dynamic, and deeply sensitive\u2014awakening a feeling of being reconnected to your true self. The face is freed from tension, volume is gently restored, and your natural radiance [&hellip;]\" \/>\n<meta property=\"og:url\" content=\"https:\/\/takumifinch.com\/fr\/nos-soins\/soin-kobido-lifting\/\" \/>\n<meta property=\"og:site_name\" content=\"Institut Takumi Finch\" \/>\n<meta property=\"article:modified_time\" content=\"2026-01-30T16:35:47+00:00\" \/>\n<meta property=\"og:image\" content=\"https:\/\/takumifinch.com\/wp-content\/uploads\/2025\/12\/Laure-Normandin-Kobido-La-Rochelle.jpeg\" \/>\n\t<meta property=\"og:image:width\" content=\"1024\" \/>\n\t<meta property=\"og:image:height\" content=\"683\" \/>\n\t<meta property=\"og:image:type\" content=\"image\/jpeg\" \/>\n<meta name=\"twitter:card\" content=\"summary_large_image\" \/>\n<meta name=\"twitter:label1\" content=\"Dur\u00e9e de lecture estim\u00e9e\" \/>\n\t<meta name=\"twitter:data1\" content=\"1 minute\" \/>\n<script type=\"application\/ld+json\" class=\"yoast-schema-graph\">{\"@context\":\"https:\/\/schema.org\",\"@graph\":[{\"@type\":\"WebPage\",\"@id\":\"https:\/\/takumifinch.com\/our-treatments\/treatment-kobido-facelift\/\",\"url\":\"https:\/\/takumifinch.com\/our-treatments\/treatment-kobido-facelift\/\",\"name\":\"Kobido &amp; Facelift - Institut Takumi Finch\",\"isPartOf\":{\"@id\":\"https:\/\/takumifinch.com\/#website\"},\"datePublished\":\"2026-01-25T18:00:55+00:00\",\"dateModified\":\"2026-01-30T16:35:47+00:00\",\"breadcrumb\":{\"@id\":\"https:\/\/takumifinch.com\/our-treatments\/treatment-kobido-facelift\/#breadcrumb\"},\"inLanguage\":\"fr-FR\",\"potentialAction\":[{\"@type\":\"ReadAction\",\"target\":[\"https:\/\/takumifinch.com\/our-treatments\/treatment-kobido-facelift\/\"]}]},{\"@type\":\"BreadcrumbList\",\"@id\":\"https:\/\/takumifinch.com\/our-treatments\/treatment-kobido-facelift\/#breadcrumb\",\"itemListElement\":[{\"@type\":\"ListItem\",\"position\":1,\"name\":\"Home\",\"item\":\"https:\/\/takumifinch.com\/\"},{\"@type\":\"ListItem\",\"position\":2,\"name\":\"Our treatments\",\"item\":\"https:\/\/takumifinch.com\/our-treatments\/\"},{\"@type\":\"ListItem\",\"position\":3,\"name\":\"Kobido &amp; Facelift\"}]},{\"@type\":\"WebSite\",\"@id\":\"https:\/\/takumifinch.com\/#website\",\"url\":\"https:\/\/takumifinch.com\/\",\"name\":\"Institut Takumi Finch\",\"description\":\"Formations en bien-\u00eatre th\u00e9rapeutique\",\"publisher\":{\"@id\":\"https:\/\/takumifinch.com\/#organization\"},\"alternateName\":\"Takumi Finch\",\"potentialAction\":[{\"@type\":\"SearchAction\",\"target\":{\"@type\":\"EntryPoint\",\"urlTemplate\":\"https:\/\/takumifinch.com\/?s={search_term_string}\"},\"query-input\":{\"@type\":\"PropertyValueSpecification\",\"valueRequired\":true,\"valueName\":\"search_term_string\"}}],\"inLanguage\":\"fr-FR\"},{\"@type\":\"Organization\",\"@id\":\"https:\/\/takumifinch.com\/#organization\",\"name\":\"Institut Takumi Finch\",\"alternateName\":\"Takumi Finch\",\"url\":\"https:\/\/takumifinch.com\/\",\"logo\":{\"@type\":\"ImageObject\",\"inLanguage\":\"fr-FR\",\"@id\":\"https:\/\/takumifinch.com\/#\/schema\/logo\/image\/\",\"url\":\"https:\/\/takumifinch.com\/wp-content\/uploads\/2025\/10\/logo.svg\",\"contentUrl\":\"https:\/\/takumifinch.com\/wp-content\/uploads\/2025\/10\/logo.svg\",\"caption\":\"Institut Takumi Finch\"},\"image\":{\"@id\":\"https:\/\/takumifinch.com\/#\/schema\/logo\/image\/\"},\"sameAs\":[\"https:\/\/www.instagram.com\/institut_takumifinch\/\",\"https:\/\/www.linkedin.com\/company\/takumi-finch\/\",\"https:\/\/www.youtube.com\/channel\/UCFfkd6KPoJNy-gTVvA_u4mw\"]}]}<\/script>\n<!-- \/ Yoast SEO plugin. -->","yoast_head_json":{"title":"Kobido &amp; Facelift - Institut Takumi Finch","robots":{"index":"index","follow":"follow","max-snippet":"max-snippet:-1","max-image-preview":"max-image-preview:large","max-video-preview":"max-video-preview:-1"},"canonical":"https:\/\/takumifinch.com\/fr\/nos-soins\/soin-kobido-lifting\/","og_locale":"fr_FR","og_type":"article","og_title":"Kobido &amp; Facelift - Institut Takumi Finch","og_description":"Home Kobido &amp; facelift Japanese ancestral facelift, profound reconnection Presentation This treatment is entirely dedicated to reshaping and lifting the contours of your face. Every touch is intentional, dynamic, and deeply sensitive\u2014awakening a feeling of being reconnected to your true self. The face is freed from tension, volume is gently restored, and your natural radiance [&hellip;]","og_url":"https:\/\/takumifinch.com\/fr\/nos-soins\/soin-kobido-lifting\/","og_site_name":"Institut Takumi Finch","article_modified_time":"2026-01-30T16:35:47+00:00","og_image":[{"width":1024,"height":683,"url":"https:\/\/takumifinch.com\/wp-content\/uploads\/2025\/12\/Laure-Normandin-Kobido-La-Rochelle.jpeg","type":"image\/jpeg"}],"twitter_card":"summary_large_image","twitter_misc":{"Dur\u00e9e de lecture estim\u00e9e":"1 minute"},"schema":{"@context":"https:\/\/schema.org","@graph":[{"@type":"WebPage","@id":"https:\/\/takumifinch.com\/our-treatments\/treatment-kobido-facelift\/","url":"https:\/\/takumifinch.com\/our-treatments\/treatment-kobido-facelift\/","name":"Kobido &amp; Facelift - Institut Takumi Finch","isPartOf":{"@id":"https:\/\/takumifinch.com\/#website"},"datePublished":"2026-01-25T18:00:55+00:00","dateModified":"2026-01-30T16:35:47+00:00","breadcrumb":{"@id":"https:\/\/takumifinch.com\/our-treatments\/treatment-kobido-facelift\/#breadcrumb"},"inLanguage":"fr-FR","potentialAction":[{"@type":"ReadAction","target":["https:\/\/takumifinch.com\/our-treatments\/treatment-kobido-facelift\/"]}]},{"@type":"BreadcrumbList","@id":"https:\/\/takumifinch.com\/our-treatments\/treatment-kobido-facelift\/#breadcrumb","itemListElement":[{"@type":"ListItem","position":1,"name":"Home","item":"https:\/\/takumifinch.com\/"},{"@type":"ListItem","position":2,"name":"Our treatments","item":"https:\/\/takumifinch.com\/our-treatments\/"},{"@type":"ListItem","position":3,"name":"Kobido &amp; Facelift"}]},{"@type":"WebSite","@id":"https:\/\/takumifinch.com\/#website","url":"https:\/\/takumifinch.com\/","name":"Institut Takumi Finch","description":"Formations en bien-\u00eatre th\u00e9rapeutique","publisher":{"@id":"https:\/\/takumifinch.com\/#organization"},"alternateName":"Takumi Finch","potentialAction":[{"@type":"SearchAction","target":{"@type":"EntryPoint","urlTemplate":"https:\/\/takumifinch.com\/?s={search_term_string}"},"query-input":{"@type":"PropertyValueSpecification","valueRequired":true,"valueName":"search_term_string"}}],"inLanguage":"fr-FR"},{"@type":"Organization","@id":"https:\/\/takumifinch.com\/#organization","name":"Institut Takumi Finch","alternateName":"Takumi Finch","url":"https:\/\/takumifinch.com\/","logo":{"@type":"ImageObject","inLanguage":"fr-FR","@id":"https:\/\/takumifinch.com\/#\/schema\/logo\/image\/","url":"https:\/\/takumifinch.com\/wp-content\/uploads\/2025\/10\/logo.svg","contentUrl":"https:\/\/takumifinch.com\/wp-content\/uploads\/2025\/10\/logo.svg","caption":"Institut Takumi Finch"},"image":{"@id":"https:\/\/takumifinch.com\/#\/schema\/logo\/image\/"},"sameAs":["https:\/\/www.instagram.com\/institut_takumifinch\/","https:\/\/www.linkedin.com\/company\/takumi-finch\/","https:\/\/www.youtube.com\/channel\/UCFfkd6KPoJNy-gTVvA_u4mw"]}]}},"_links":{"self":[{"href":"https:\/\/takumifinch.com\/fr\/wp-json\/wp\/v2\/pages\/37411","targetHints":{"allow":["GET"]}}],"collection":[{"href":"https:\/\/takumifinch.com\/fr\/wp-json\/wp\/v2\/pages"}],"about":[{"href":"https:\/\/takumifinch.com\/fr\/wp-json\/wp\/v2\/types\/page"}],"author":[{"embeddable":true,"href":"https:\/\/takumifinch.com\/fr\/wp-json\/wp\/v2\/users\/1"}],"replies":[{"embeddable":true,"href":"https:\/\/takumifinch.com\/fr\/wp-json\/wp\/v2\/comments?post=37411"}],"version-history":[{"count":0,"href":"https:\/\/takumifinch.com\/fr\/wp-json\/wp\/v2\/pages\/37411\/revisions"}],"up":[{"embeddable":true,"href":"https:\/\/takumifinch.com\/fr\/wp-json\/wp\/v2\/pages\/37346"}],"wp:attachment":[{"href":"https:\/\/takumifinch.com\/fr\/wp-json\/wp\/v2\/media?parent=37411"}],"curies":[{"name":"wp","href":"https:\/\/api.w.org\/{rel}","templated":true}]}}