{"id":37424,"date":"2026-01-25T19:07:39","date_gmt":"2026-01-25T18:07:39","guid":{"rendered":"https:\/\/azure-crane-105192.hostingersite.com\/?page_id=37424"},"modified":"2026-01-30T17:36:20","modified_gmt":"2026-01-30T16:36:20","slug":"soin-eczema-hypersensibilite","status":"publish","type":"page","link":"https:\/\/takumifinch.com\/fr\/our-treatments\/treatment-eczema-hypersensitivity\/","title":{"rendered":"Eczema &#038; reactive skin\u200b"},"content":{"rendered":"<div data-elementor-type=\"wp-page\" data-elementor-id=\"37424\" class=\"elementor elementor-37424\" data-elementor-post-type=\"page\">\n\t\t\t\t<section class=\"elementor-element elementor-element-75220c9 e-flex e-con-boxed e-con e-parent\" data-id=\"75220c9\" data-element_type=\"container\" data-e-type=\"container\" data-settings=\"{&quot;background_background&quot;:&quot;classic&quot;}\">\n\t\t\t\t\t<div class=\"e-con-inner\">\n\t\t\t\t<div class=\"elementor-element elementor-element-5fdab58 elementor-widget elementor-widget-hfe-breadcrumbs-widget\" data-id=\"5fdab58\" data-element_type=\"widget\" data-e-type=\"widget\" data-widget_type=\"hfe-breadcrumbs-widget.default\">\n\t\t\t\t<div class=\"elementor-widget-container\">\n\t\t\t\t\t<nav aria-label=\"Breadcrumb\"><ul class=\"hfe-breadcrumbs hfe-breadcrumbs-show-home\"><li class=\"hfe-breadcrumbs-item hfe-breadcrumbs-first\"><span class=\"hfe-breadcrumbs-home-icon\"><\/span><a href=\"https:\/\/takumifinch.com\/fr\"><span class=\"hfe-breadcrumbs-text\">Accueil<\/span><\/a><\/li><\/ul><\/nav>\t\t\t\t<\/div>\n\t\t\t\t<\/div>\n\t\t\t\t<div class=\"elementor-element elementor-element-283f48f elementor-widget elementor-widget-heading\" data-id=\"283f48f\" data-element_type=\"widget\" data-e-type=\"widget\" data-widget_type=\"heading.default\">\n\t\t\t\t\t<h1 class=\"elementor-heading-title elementor-size-default\">Ecz\u00e9ma &amp; peaux r\u00e9actives<\/h1>\t\t\t\t<\/div>\n\t\t\t\t<div class=\"elementor-element elementor-element-4380ee3 elementor-widget__width-initial elementor-widget elementor-widget-heading\" data-id=\"4380ee3\" data-element_type=\"widget\" data-e-type=\"widget\" data-widget_type=\"heading.default\">\n\t\t\t\t\t<h2 class=\"elementor-heading-title elementor-size-default\">Apaiser, envelopper, r\u00e9\u00e9quilibrer<\/h2>\t\t\t\t<\/div>\n\t\t\t\t\t<\/div>\n\t\t\t\t<\/section>\n\t\t<div class=\"elementor-element elementor-element-7cc8559 e-flex e-con-boxed e-con e-parent\" data-id=\"7cc8559\" data-element_type=\"container\" data-e-type=\"container\" data-settings=\"{&quot;background_background&quot;:&quot;classic&quot;}\">\n\t\t\t\t\t<div class=\"e-con-inner\">\n\t\t\t\t<div class=\"elementor-element elementor-element-e8c0dcc elementor-widget elementor-widget-heading\" data-id=\"e8c0dcc\" data-element_type=\"widget\" data-e-type=\"widget\" data-widget_type=\"heading.default\">\n\t\t\t\t\t<h2 class=\"elementor-heading-title elementor-size-default\">Pr\u00e9sentation<\/h2>\t\t\t\t<\/div>\n\t\t\t\t<div class=\"elementor-element elementor-element-49b56fb elementor-widget elementor-widget-text-editor\" data-id=\"49b56fb\" data-element_type=\"widget\" data-e-type=\"widget\" data-widget_type=\"text-editor.default\">\n\t\t\t\t\t\t\t\t\t<p>Un soin doux pour les peaux sujettes \u00e0 l\u2019ecz\u00e9ma, aux d\u00e9mangeaisons ou aux rougeurs. Sans gestes intrusifs ni produits agressifs, il calme le syst\u00e8me nerveux et soutient l\u2019\u00e9quilibre cutan\u00e9.<\/p><ul><li>Toucher lent et r\u00e9gulateur<\/li><li>Limite les pics inflammatoires<\/li><li>Compl\u00e9ment possible \u00e0 un suivi m\u00e9dical<\/li><\/ul>\t\t\t\t\t\t\t\t<\/div>\n\t\t\t\t<div class=\"elementor-element elementor-element-ad40921 elementor-widget elementor-widget-text-editor\" data-id=\"ad40921\" data-element_type=\"widget\" data-e-type=\"widget\" data-widget_type=\"text-editor.default\">\n\t\t\t\t\t\t\t\t\t<h3>Pour qui ?<\/h3><ul><li>Peaux sujettes \u00e0 l\u2019ecz\u00e9ma ou aux crises inflammatoires r\u00e9currentes<\/li><li>Rougeurs diffuses, tiraillements, d\u00e9mangeaisons<\/li><li>Peau qui r\u00e9agit au moindre changement (stress, environnement, \u00e9motions)<\/li><li>Difficult\u00e9 \u00e0 se sentir en paix avec son visage<\/li><\/ul>\t\t\t\t\t\t\t\t<\/div>\n\t\t\t\t<div class=\"elementor-element elementor-element-e2adfc0 elementor-widget elementor-widget-text-editor\" data-id=\"e2adfc0\" data-element_type=\"widget\" data-e-type=\"widget\" data-widget_type=\"text-editor.default\">\n\t\t\t\t\t\t\t\t\t<h3>Ce que vous pouvez ressentir<\/h3><ul><li>Une peau plus calme, moins r\u00e9active<\/li><li>Une sensation de mieux respirer dans sa peau<\/li><li>Une enveloppe protectrice et bienveillante<\/li><li>Une reconnexion douce \u00e0 son visage<\/li><\/ul>\t\t\t\t\t\t\t\t<\/div>\n\t\t\t\t<div class=\"elementor-element elementor-element-206142d elementor-widget elementor-widget-text-editor\" data-id=\"206142d\" data-element_type=\"widget\" data-e-type=\"widget\" data-widget_type=\"text-editor.default\">\n\t\t\t\t\t\t\t\t\t<h3>Ce que dit la science<\/h3><p>Le stress psychologique aggrave l\u2019ecz\u00e9ma en fragilisant la peau et en amplifiant l\u2019inflammation. Le toucher lent lib\u00e8re de l\u2019ocytocine, r\u00e9duit le cortisol et aide \u00e0 calmer cette boucle stress-peau. Un apaisement global, cutan\u00e9 et \u00e9motionnel.<\/p><p><span style=\"font-weight: 400;\">(Kimyai-Asadi, 2001; Morhenn, 2012)<\/span><\/p>\t\t\t\t\t\t\t\t<\/div>\n\t\t\t\t\t<\/div>\n\t\t\t\t<\/div>\n\t\t<div class=\"elementor-element elementor-element-1292bf8 e-flex e-con-boxed e-con e-parent\" data-id=\"1292bf8\" data-element_type=\"container\" data-e-type=\"container\">\n\t\t\t\t\t<div class=\"e-con-inner\">\n\t\t\t\t<div class=\"elementor-element elementor-element-845be0c elementor-widget elementor-widget-heading\" data-id=\"845be0c\" data-element_type=\"widget\" data-e-type=\"widget\" data-widget_type=\"heading.default\">\n\t\t\t\t\t<h2 class=\"elementor-heading-title elementor-size-default\">Informations pratiques<\/h2>\t\t\t\t<\/div>\n\t\t\t\t<div class=\"elementor-element elementor-element-8ffb103 elementor-widget elementor-widget-text-editor\" data-id=\"8ffb103\" data-element_type=\"widget\" data-e-type=\"widget\" data-widget_type=\"text-editor.default\">\n\t\t\t\t\t\t\t\t\t<p><span style=\"font-weight: 400;\"><strong>Dur\u00e9e :<\/strong> 60 minutes<\/span><span style=\"font-weight: 400;\"><br \/><\/span><span style=\"font-weight: 400;\"><strong> Praticien :<\/strong> Sp\u00e9cialiste ou Expert certifi\u00e9 M\u00e9thode Takumi Finch<\/span><span style=\"font-weight: 400;\"><br \/><\/span><\/p><p>Peut s\u2019int\u00e9grer dans une cure ou \u00eatre propos\u00e9 en soin ponctuel.<\/p><p>Convient aux peaux fragilis\u00e9es, sans friction, ni extraction.<\/p>\t\t\t\t\t\t\t\t<\/div>\n\t\t\t\t<div class=\"elementor-element elementor-element-2f2cde4 elementor-align-center elementor-widget elementor-widget-button\" data-id=\"2f2cde4\" data-element_type=\"widget\" data-e-type=\"widget\" data-widget_type=\"button.default\">\n\t\t\t\t\t\t\t\t\t\t<a class=\"elementor-button elementor-button-link elementor-size-sm\" href=\"https:\/\/takumifinch.com\/fr\/trouver-specialiste\/\">\n\t\t\t\t\t\t<span class=\"elementor-button-content-wrapper\">\n\t\t\t\t\t\t\t\t\t<span class=\"elementor-button-text\">Trouver un Sp\u00e9cialiste<\/span>\n\t\t\t\t\t<\/span>\n\t\t\t\t\t<\/a>\n\t\t\t\t\t\t\t\t<\/div>\n\t\t\t\t<div class=\"elementor-element elementor-element-9c45ec7 elementor-widget-divider--view-line elementor-widget elementor-widget-divider\" data-id=\"9c45ec7\" data-element_type=\"widget\" data-e-type=\"widget\" data-widget_type=\"divider.default\">\n\t\t\t\t\t\t\t<div class=\"elementor-divider\">\n\t\t\t<span class=\"elementor-divider-separator\">\n\t\t\t\t\t\t<\/span>\n\t\t<\/div>\n\t\t\t\t\t\t<\/div>\n\t\t\t\t<div class=\"elementor-element elementor-element-426fe7e elementor-widget elementor-widget-text-editor\" data-id=\"426fe7e\" data-element_type=\"widget\" data-e-type=\"widget\" data-widget_type=\"text-editor.default\">\n\t\t\t\t\t\t\t\t\t<p><b>References<\/b><\/p><p>Morhenn, V. B., Park, J. W., Piper, E., &amp; Zak, P. J. (2012). Massage increases oxytocin and reduces adrenocorticotropin hormone in humans.<em> Alternative Therapies in Health and Medicine<\/em>, 18(6), 11-18.<\/p><p>Kimyai-Asadi, A., &amp; Usman, A. (2001). The role of psychological stress in skin disease. <em>Journal of Cutaneous Medicine and Surgery<\/em>, 5(2), 140-145. <a href=\"https:\/\/doi.org\/10.1177\/120347540100500208\">https:\/\/doi.org\/10.1177\/120347540100500208<\/a><\/p>\t\t\t\t\t\t\t\t<\/div>\n\t\t\t\t\t<\/div>\n\t\t\t\t<\/div>\n\t\t\t\t<\/div>","protected":false},"excerpt":{"rendered":"<p>Home Eczema &amp; reactive skin Soothe, protect, rebalance Presentation A gentle treatment specifically designed for skin prone to eczema, itching, or redness. Without invasive techniques or aggressive products, this method uses a few drops of natural oils to calm the nervous system and nourish the skin\u2019s natural protective barrier. Slow, steady touch Helps reduce inflammatory [&hellip;]<\/p>\n","protected":false},"author":1,"featured_media":0,"parent":37346,"menu_order":0,"comment_status":"closed","ping_status":"closed","template":"","meta":{"inline_featured_image":false,"iawp_total_views":7,"footnotes":""},"class_list":["post-37424","page","type-page","status-publish","hentry"],"yoast_head":"<!-- This site is optimized with the Yoast SEO plugin v27.1.1 - https:\/\/yoast.com\/product\/yoast-seo-wordpress\/ -->\n<title>Eczema &amp; reactive skin\u200b - Institut Takumi Finch<\/title>\n<meta name=\"robots\" content=\"index, follow, max-snippet:-1, max-image-preview:large, max-video-preview:-1\" \/>\n<link rel=\"canonical\" href=\"https:\/\/takumifinch.com\/fr\/nos-soins\/soin-eczema-hypersensibilite\/\" \/>\n<meta property=\"og:locale\" content=\"fr_FR\" \/>\n<meta property=\"og:type\" content=\"article\" \/>\n<meta property=\"og:title\" content=\"Eczema &amp; reactive skin\u200b - Institut Takumi Finch\" \/>\n<meta property=\"og:description\" content=\"Home Eczema &amp; reactive skin Soothe, protect, rebalance Presentation A gentle treatment specifically designed for skin prone to eczema, itching, or redness. Without invasive techniques or aggressive products, this method uses a few drops of natural oils to calm the nervous system and nourish the skin\u2019s natural protective barrier. Slow, steady touch Helps reduce inflammatory [&hellip;]\" \/>\n<meta property=\"og:url\" content=\"https:\/\/takumifinch.com\/fr\/nos-soins\/soin-eczema-hypersensibilite\/\" \/>\n<meta property=\"og:site_name\" content=\"Institut Takumi Finch\" \/>\n<meta property=\"article:modified_time\" content=\"2026-01-30T16:36:20+00:00\" \/>\n<meta property=\"og:image\" content=\"https:\/\/takumifinch.com\/wp-content\/uploads\/2025\/12\/Laure-Normandin-Kobido-La-Rochelle.jpeg\" \/>\n\t<meta property=\"og:image:width\" content=\"1024\" \/>\n\t<meta property=\"og:image:height\" content=\"683\" \/>\n\t<meta property=\"og:image:type\" content=\"image\/jpeg\" \/>\n<meta name=\"twitter:card\" content=\"summary_large_image\" \/>\n<meta name=\"twitter:label1\" content=\"Dur\u00e9e de lecture estim\u00e9e\" \/>\n\t<meta name=\"twitter:data1\" content=\"1 minute\" \/>\n<script type=\"application\/ld+json\" class=\"yoast-schema-graph\">{\"@context\":\"https:\/\/schema.org\",\"@graph\":[{\"@type\":\"WebPage\",\"@id\":\"https:\/\/takumifinch.com\/our-treatments\/treatment-eczema-hypersensitivity\/\",\"url\":\"https:\/\/takumifinch.com\/our-treatments\/treatment-eczema-hypersensitivity\/\",\"name\":\"Eczema & reactive skin\u200b - Institut Takumi Finch\",\"isPartOf\":{\"@id\":\"https:\/\/takumifinch.com\/#website\"},\"datePublished\":\"2026-01-25T18:07:39+00:00\",\"dateModified\":\"2026-01-30T16:36:20+00:00\",\"breadcrumb\":{\"@id\":\"https:\/\/takumifinch.com\/our-treatments\/treatment-eczema-hypersensitivity\/#breadcrumb\"},\"inLanguage\":\"fr-FR\",\"potentialAction\":[{\"@type\":\"ReadAction\",\"target\":[\"https:\/\/takumifinch.com\/our-treatments\/treatment-eczema-hypersensitivity\/\"]}]},{\"@type\":\"BreadcrumbList\",\"@id\":\"https:\/\/takumifinch.com\/our-treatments\/treatment-eczema-hypersensitivity\/#breadcrumb\",\"itemListElement\":[{\"@type\":\"ListItem\",\"position\":1,\"name\":\"Home\",\"item\":\"https:\/\/takumifinch.com\/\"},{\"@type\":\"ListItem\",\"position\":2,\"name\":\"Our treatments\",\"item\":\"https:\/\/takumifinch.com\/our-treatments\/\"},{\"@type\":\"ListItem\",\"position\":3,\"name\":\"Eczema &#038; reactive skin\u200b\"}]},{\"@type\":\"WebSite\",\"@id\":\"https:\/\/takumifinch.com\/#website\",\"url\":\"https:\/\/takumifinch.com\/\",\"name\":\"Institut Takumi Finch\",\"description\":\"Formations en bien-\u00eatre th\u00e9rapeutique\",\"publisher\":{\"@id\":\"https:\/\/takumifinch.com\/#organization\"},\"alternateName\":\"Takumi Finch\",\"potentialAction\":[{\"@type\":\"SearchAction\",\"target\":{\"@type\":\"EntryPoint\",\"urlTemplate\":\"https:\/\/takumifinch.com\/?s={search_term_string}\"},\"query-input\":{\"@type\":\"PropertyValueSpecification\",\"valueRequired\":true,\"valueName\":\"search_term_string\"}}],\"inLanguage\":\"fr-FR\"},{\"@type\":\"Organization\",\"@id\":\"https:\/\/takumifinch.com\/#organization\",\"name\":\"Institut Takumi Finch\",\"alternateName\":\"Takumi Finch\",\"url\":\"https:\/\/takumifinch.com\/\",\"logo\":{\"@type\":\"ImageObject\",\"inLanguage\":\"fr-FR\",\"@id\":\"https:\/\/takumifinch.com\/#\/schema\/logo\/image\/\",\"url\":\"https:\/\/takumifinch.com\/wp-content\/uploads\/2025\/10\/logo.svg\",\"contentUrl\":\"https:\/\/takumifinch.com\/wp-content\/uploads\/2025\/10\/logo.svg\",\"caption\":\"Institut Takumi Finch\"},\"image\":{\"@id\":\"https:\/\/takumifinch.com\/#\/schema\/logo\/image\/\"},\"sameAs\":[\"https:\/\/www.instagram.com\/institut_takumifinch\/\",\"https:\/\/www.linkedin.com\/company\/takumi-finch\/\",\"https:\/\/www.youtube.com\/channel\/UCFfkd6KPoJNy-gTVvA_u4mw\"]}]}<\/script>\n<!-- \/ Yoast SEO plugin. -->","yoast_head_json":{"title":"Ecz\u00e9ma &amp; peaux r\u00e9actives - Institut Takumi Finch","robots":{"index":"index","follow":"follow","max-snippet":"max-snippet:-1","max-image-preview":"max-image-preview:large","max-video-preview":"max-video-preview:-1"},"canonical":"https:\/\/takumifinch.com\/fr\/nos-soins\/soin-eczema-hypersensibilite\/","og_locale":"fr_FR","og_type":"article","og_title":"Eczema & reactive skin\u200b - Institut Takumi Finch","og_description":"Home Eczema &amp; reactive skin Soothe, protect, rebalance Presentation A gentle treatment specifically designed for skin prone to eczema, itching, or redness. Without invasive techniques or aggressive products, this method uses a few drops of natural oils to calm the nervous system and nourish the skin\u2019s natural protective barrier. Slow, steady touch Helps reduce inflammatory [&hellip;]","og_url":"https:\/\/takumifinch.com\/fr\/nos-soins\/soin-eczema-hypersensibilite\/","og_site_name":"Institut Takumi Finch","article_modified_time":"2026-01-30T16:36:20+00:00","og_image":[{"width":1024,"height":683,"url":"https:\/\/takumifinch.com\/wp-content\/uploads\/2025\/12\/Laure-Normandin-Kobido-La-Rochelle.jpeg","type":"image\/jpeg"}],"twitter_card":"summary_large_image","twitter_misc":{"Dur\u00e9e de lecture estim\u00e9e":"1 minute"},"schema":{"@context":"https:\/\/schema.org","@graph":[{"@type":"WebPage","@id":"https:\/\/takumifinch.com\/our-treatments\/treatment-eczema-hypersensitivity\/","url":"https:\/\/takumifinch.com\/our-treatments\/treatment-eczema-hypersensitivity\/","name":"Ecz\u00e9ma &amp; peaux r\u00e9actives - Institut Takumi Finch","isPartOf":{"@id":"https:\/\/takumifinch.com\/#website"},"datePublished":"2026-01-25T18:07:39+00:00","dateModified":"2026-01-30T16:36:20+00:00","breadcrumb":{"@id":"https:\/\/takumifinch.com\/our-treatments\/treatment-eczema-hypersensitivity\/#breadcrumb"},"inLanguage":"fr-FR","potentialAction":[{"@type":"ReadAction","target":["https:\/\/takumifinch.com\/our-treatments\/treatment-eczema-hypersensitivity\/"]}]},{"@type":"BreadcrumbList","@id":"https:\/\/takumifinch.com\/our-treatments\/treatment-eczema-hypersensitivity\/#breadcrumb","itemListElement":[{"@type":"ListItem","position":1,"name":"Home","item":"https:\/\/takumifinch.com\/"},{"@type":"ListItem","position":2,"name":"Our treatments","item":"https:\/\/takumifinch.com\/our-treatments\/"},{"@type":"ListItem","position":3,"name":"Eczema &#038; reactive skin\u200b"}]},{"@type":"WebSite","@id":"https:\/\/takumifinch.com\/#website","url":"https:\/\/takumifinch.com\/","name":"Institut Takumi Finch","description":"Formations en bien-\u00eatre th\u00e9rapeutique","publisher":{"@id":"https:\/\/takumifinch.com\/#organization"},"alternateName":"Takumi Finch","potentialAction":[{"@type":"SearchAction","target":{"@type":"EntryPoint","urlTemplate":"https:\/\/takumifinch.com\/?s={search_term_string}"},"query-input":{"@type":"PropertyValueSpecification","valueRequired":true,"valueName":"search_term_string"}}],"inLanguage":"fr-FR"},{"@type":"Organization","@id":"https:\/\/takumifinch.com\/#organization","name":"Institut Takumi Finch","alternateName":"Takumi Finch","url":"https:\/\/takumifinch.com\/","logo":{"@type":"ImageObject","inLanguage":"fr-FR","@id":"https:\/\/takumifinch.com\/#\/schema\/logo\/image\/","url":"https:\/\/takumifinch.com\/wp-content\/uploads\/2025\/10\/logo.svg","contentUrl":"https:\/\/takumifinch.com\/wp-content\/uploads\/2025\/10\/logo.svg","caption":"Institut Takumi Finch"},"image":{"@id":"https:\/\/takumifinch.com\/#\/schema\/logo\/image\/"},"sameAs":["https:\/\/www.instagram.com\/institut_takumifinch\/","https:\/\/www.linkedin.com\/company\/takumi-finch\/","https:\/\/www.youtube.com\/channel\/UCFfkd6KPoJNy-gTVvA_u4mw"]}]}},"_links":{"self":[{"href":"https:\/\/takumifinch.com\/fr\/wp-json\/wp\/v2\/pages\/37424","targetHints":{"allow":["GET"]}}],"collection":[{"href":"https:\/\/takumifinch.com\/fr\/wp-json\/wp\/v2\/pages"}],"about":[{"href":"https:\/\/takumifinch.com\/fr\/wp-json\/wp\/v2\/types\/page"}],"author":[{"embeddable":true,"href":"https:\/\/takumifinch.com\/fr\/wp-json\/wp\/v2\/users\/1"}],"replies":[{"embeddable":true,"href":"https:\/\/takumifinch.com\/fr\/wp-json\/wp\/v2\/comments?post=37424"}],"version-history":[{"count":0,"href":"https:\/\/takumifinch.com\/fr\/wp-json\/wp\/v2\/pages\/37424\/revisions"}],"up":[{"embeddable":true,"href":"https:\/\/takumifinch.com\/fr\/wp-json\/wp\/v2\/pages\/37346"}],"wp:attachment":[{"href":"https:\/\/takumifinch.com\/fr\/wp-json\/wp\/v2\/media?parent=37424"}],"curies":[{"name":"wp","href":"https:\/\/api.w.org\/{rel}","templated":true}]}}