{"id":37429,"date":"2026-01-25T19:09:11","date_gmt":"2026-01-25T18:09:11","guid":{"rendered":"https:\/\/azure-crane-105192.hostingersite.com\/?page_id=37429"},"modified":"2026-01-30T17:36:46","modified_gmt":"2026-01-30T16:36:46","slug":"soin-yeux-regard","status":"publish","type":"page","link":"https:\/\/takumifinch.com\/fr\/our-treatments\/treatment-eye-relaxation-and-lift\/","title":{"rendered":"Yeux &amp; regard"},"content":{"rendered":"<div data-elementor-type=\"wp-page\" data-elementor-id=\"37429\" class=\"elementor elementor-37429\" data-elementor-post-type=\"page\">\n\t\t\t\t<section class=\"elementor-element elementor-element-75220c9 e-flex e-con-boxed e-con e-parent\" data-id=\"75220c9\" data-element_type=\"container\" data-e-type=\"container\" data-settings=\"{&quot;background_background&quot;:&quot;classic&quot;}\">\n\t\t\t\t\t<div class=\"e-con-inner\">\n\t\t\t\t<div class=\"elementor-element elementor-element-5fdab58 elementor-widget elementor-widget-hfe-breadcrumbs-widget\" data-id=\"5fdab58\" data-element_type=\"widget\" data-e-type=\"widget\" data-widget_type=\"hfe-breadcrumbs-widget.default\">\n\t\t\t\t<div class=\"elementor-widget-container\">\n\t\t\t\t\t<nav aria-label=\"Breadcrumb\"><ul class=\"hfe-breadcrumbs hfe-breadcrumbs-show-home\"><li class=\"hfe-breadcrumbs-item hfe-breadcrumbs-first\"><span class=\"hfe-breadcrumbs-home-icon\"><\/span><a href=\"https:\/\/takumifinch.com\/fr\"><span class=\"hfe-breadcrumbs-text\">Accueil<\/span><\/a><\/li><\/ul><\/nav>\t\t\t\t<\/div>\n\t\t\t\t<\/div>\n\t\t\t\t<div class=\"elementor-element elementor-element-283f48f elementor-widget elementor-widget-heading\" data-id=\"283f48f\" data-element_type=\"widget\" data-e-type=\"widget\" data-widget_type=\"heading.default\">\n\t\t\t\t\t<h1 class=\"elementor-heading-title elementor-size-default\">Yeux &amp; regard<\/h1>\t\t\t\t<\/div>\n\t\t\t\t<div class=\"elementor-element elementor-element-4380ee3 elementor-widget__width-initial elementor-widget elementor-widget-heading\" data-id=\"4380ee3\" data-element_type=\"widget\" data-e-type=\"widget\" data-widget_type=\"heading.default\">\n\t\t\t\t\t<h2 class=\"elementor-heading-title elementor-size-default\">D\u00e9lasser, \u00e9clairer, ouvrir le regard. Apaiser les tensions.<\/h2>\t\t\t\t<\/div>\n\t\t\t\t\t<\/div>\n\t\t\t\t<\/section>\n\t\t<div class=\"elementor-element elementor-element-7cc8559 e-flex e-con-boxed e-con e-parent\" data-id=\"7cc8559\" data-element_type=\"container\" data-e-type=\"container\" data-settings=\"{&quot;background_background&quot;:&quot;classic&quot;}\">\n\t\t\t\t\t<div class=\"e-con-inner\">\n\t\t\t\t<div class=\"elementor-element elementor-element-e8c0dcc elementor-widget elementor-widget-heading\" data-id=\"e8c0dcc\" data-element_type=\"widget\" data-e-type=\"widget\" data-widget_type=\"heading.default\">\n\t\t\t\t\t<h2 class=\"elementor-heading-title elementor-size-default\">Pr\u00e9sentation<\/h2>\t\t\t\t<\/div>\n\t\t\t\t<div class=\"elementor-element elementor-element-49b56fb elementor-widget elementor-widget-text-editor\" data-id=\"49b56fb\" data-element_type=\"widget\" data-e-type=\"widget\" data-widget_type=\"text-editor.default\">\n\t\t\t\t\t\t\t\t\t<p>Un soin pour les yeux fatigu\u00e9s, les cernes, poches et paupi\u00e8res lourdes.<\/p><p>Nous allons chercher \u00e0 rel\u00e2cher les rides de tension du front et de la ride du lion, \u00e0 lisser les traits, et \u00e0 redonner au regard son ouverture et sa clart\u00e9 naturelle.<\/p>\t\t\t\t\t\t\t\t<\/div>\n\t\t\t\t<div class=\"elementor-element elementor-element-ad40921 elementor-widget elementor-widget-text-editor\" data-id=\"ad40921\" data-element_type=\"widget\" data-e-type=\"widget\" data-widget_type=\"text-editor.default\">\n\t\t\t\t\t\t\t\t\t<h3>Pour qui ?<\/h3><ul><li>Cernes, poches, regard gonfl\u00e9, rides des pattes d\u2019oies<\/li><li>Yeux fatigu\u00e9s ou sur sollicit\u00e9s (travail \u00e9cran, lumi\u00e8re artificielle)<\/li><li>Tensions cr\u00e2niennes ou orbiculaires<\/li><li>Sensation de lourdeur ou de voile dans le regard<\/li><li>Diminution de la vision<\/li><\/ul>\t\t\t\t\t\t\t\t<\/div>\n\t\t\t\t<div class=\"elementor-element elementor-element-e2adfc0 elementor-widget elementor-widget-text-editor\" data-id=\"e2adfc0\" data-element_type=\"widget\" data-e-type=\"widget\" data-widget_type=\"text-editor.default\">\n\t\t\t\t\t\t\t\t\t<h3>Ce que vous pouvez ressentir<\/h3><ul><li>Un regard plus ouvert et lumineux<\/li><li>Une nette sensation de l\u00e9g\u00e8ret\u00e9<\/li><li>Moins de tiraillements et de gonflements<\/li><li>Une sensation de calme dans le haut du visage<\/li><\/ul>\t\t\t\t\t\t\t\t<\/div>\n\t\t\t\t<div class=\"elementor-element elementor-element-206142d elementor-widget elementor-widget-text-editor\" data-id=\"206142d\" data-element_type=\"widget\" data-e-type=\"widget\" data-widget_type=\"text-editor.default\">\n\t\t\t\t\t\t\t\t\t<h3>Ce que dit la science<\/h3><p>\u00a0La fatigue oculaire li\u00e9e \u00e0 l\u2019usage prolong\u00e9 des \u00e9crans est associ\u00e9e \u00e0 une tension musculaire autour des yeux, une diminution du clignement et une hyperstimulation du syst\u00e8me nerveux sympathique.<\/p><p>Des interventions locales comme le massage p\u00e9rioculaire peuvent soulager ces tensions et am\u00e9liorer significativement le confort visuel (Sheppard &amp; Wolffsohn, 2018).<\/p>\t\t\t\t\t\t\t\t<\/div>\n\t\t\t\t\t<\/div>\n\t\t\t\t<\/div>\n\t\t<div class=\"elementor-element elementor-element-1292bf8 e-flex e-con-boxed e-con e-parent\" data-id=\"1292bf8\" data-element_type=\"container\" data-e-type=\"container\">\n\t\t\t\t\t<div class=\"e-con-inner\">\n\t\t\t\t<div class=\"elementor-element elementor-element-845be0c elementor-widget elementor-widget-heading\" data-id=\"845be0c\" data-element_type=\"widget\" data-e-type=\"widget\" data-widget_type=\"heading.default\">\n\t\t\t\t\t<h2 class=\"elementor-heading-title elementor-size-default\">Informations pratiques<\/h2>\t\t\t\t<\/div>\n\t\t\t\t<div class=\"elementor-element elementor-element-8ffb103 elementor-widget elementor-widget-text-editor\" data-id=\"8ffb103\" data-element_type=\"widget\" data-e-type=\"widget\" data-widget_type=\"text-editor.default\">\n\t\t\t\t\t\t\t\t\t<p><span style=\"font-weight: 400;\"><strong>Dur\u00e9e :<\/strong> 40-60 minutes<\/span><\/p><p>Peut s\u2019int\u00e9grer dans une cure visage ou \u00eatre propos\u00e9 seul<\/p>\t\t\t\t\t\t\t\t<\/div>\n\t\t\t\t<div class=\"elementor-element elementor-element-2f2cde4 elementor-align-center elementor-widget elementor-widget-button\" data-id=\"2f2cde4\" data-element_type=\"widget\" data-e-type=\"widget\" data-widget_type=\"button.default\">\n\t\t\t\t\t\t\t\t\t\t<a class=\"elementor-button elementor-button-link elementor-size-sm\" href=\"https:\/\/takumifinch.com\/fr\/trouver-specialiste\/\">\n\t\t\t\t\t\t<span class=\"elementor-button-content-wrapper\">\n\t\t\t\t\t\t\t\t\t<span class=\"elementor-button-text\">Trouver un Sp\u00e9cialiste<\/span>\n\t\t\t\t\t<\/span>\n\t\t\t\t\t<\/a>\n\t\t\t\t\t\t\t\t<\/div>\n\t\t\t\t<div class=\"elementor-element elementor-element-9c45ec7 elementor-widget-divider--view-line elementor-widget elementor-widget-divider\" data-id=\"9c45ec7\" data-element_type=\"widget\" data-e-type=\"widget\" data-widget_type=\"divider.default\">\n\t\t\t\t\t\t\t<div class=\"elementor-divider\">\n\t\t\t<span class=\"elementor-divider-separator\">\n\t\t\t\t\t\t<\/span>\n\t\t<\/div>\n\t\t\t\t\t\t<\/div>\n\t\t\t\t<div class=\"elementor-element elementor-element-426fe7e elementor-widget elementor-widget-text-editor\" data-id=\"426fe7e\" data-element_type=\"widget\" data-e-type=\"widget\" data-widget_type=\"text-editor.default\">\n\t\t\t\t\t\t\t\t\t<p><b>References<\/b><\/p><p>Sheppard, A. L., &amp; Wolffsohn, J. S. (2018). Digital eye strain: Prevalence, measurement and amelioration. <em>BMJ Open Ophthalmology<\/em>, 3(1), e000146. <a href=\"https:\/\/doi.org\/10.1136\/bmjophth-2018-000146\">https:\/\/doi.org\/10.1136\/bmjophth-2018-000146<\/a><\/p>\t\t\t\t\t\t\t\t<\/div>\n\t\t\t\t\t<\/div>\n\t\t\t\t<\/div>\n\t\t\t\t<\/div>","protected":false},"excerpt":{"rendered":"<p>Home Eye relaxation and lift (eyes &amp; eye area)\u200b Relax, brighten, and refresh the eyes. Relieve tension. Presentation This treatment targets tired eyes, dark circles, puffiness, and heavy eyelids. Gentle manual techniques relax tension in the forehead, between the eyebrows, and around the eyes, smoothing facial features and restoring a naturally open and refreshed appearance. [&hellip;]<\/p>\n","protected":false},"author":1,"featured_media":0,"parent":37346,"menu_order":0,"comment_status":"closed","ping_status":"closed","template":"","meta":{"inline_featured_image":false,"iawp_total_views":19,"footnotes":""},"class_list":["post-37429","page","type-page","status-publish","hentry"],"yoast_head":"<!-- This site is optimized with the Yoast SEO plugin v27.1.1 - https:\/\/yoast.com\/product\/yoast-seo-wordpress\/ -->\n<title>Eye relaxation and lift - Institut Takumi Finch<\/title>\n<meta name=\"robots\" content=\"index, follow, max-snippet:-1, max-image-preview:large, max-video-preview:-1\" \/>\n<link rel=\"canonical\" href=\"https:\/\/takumifinch.com\/fr\/nos-soins\/soin-yeux-regard\/\" \/>\n<meta property=\"og:locale\" content=\"fr_FR\" \/>\n<meta property=\"og:type\" content=\"article\" \/>\n<meta property=\"og:title\" content=\"Eye relaxation and lift - Institut Takumi Finch\" \/>\n<meta property=\"og:description\" content=\"Home Eye relaxation and lift (eyes &amp; eye area)\u200b Relax, brighten, and refresh the eyes. Relieve tension. Presentation This treatment targets tired eyes, dark circles, puffiness, and heavy eyelids. Gentle manual techniques relax tension in the forehead, between the eyebrows, and around the eyes, smoothing facial features and restoring a naturally open and refreshed appearance. [&hellip;]\" \/>\n<meta property=\"og:url\" content=\"https:\/\/takumifinch.com\/fr\/nos-soins\/soin-yeux-regard\/\" \/>\n<meta property=\"og:site_name\" content=\"Institut Takumi Finch\" \/>\n<meta property=\"article:modified_time\" content=\"2026-01-30T16:36:46+00:00\" \/>\n<meta property=\"og:image\" content=\"https:\/\/takumifinch.com\/wp-content\/uploads\/2025\/12\/Laure-Normandin-Kobido-La-Rochelle.jpeg\" \/>\n\t<meta property=\"og:image:width\" content=\"1024\" \/>\n\t<meta property=\"og:image:height\" content=\"683\" \/>\n\t<meta property=\"og:image:type\" content=\"image\/jpeg\" \/>\n<meta name=\"twitter:card\" content=\"summary_large_image\" \/>\n<meta name=\"twitter:label1\" content=\"Dur\u00e9e de lecture estim\u00e9e\" \/>\n\t<meta name=\"twitter:data1\" content=\"1 minute\" \/>\n<script type=\"application\/ld+json\" class=\"yoast-schema-graph\">{\"@context\":\"https:\/\/schema.org\",\"@graph\":[{\"@type\":\"WebPage\",\"@id\":\"https:\/\/takumifinch.com\/our-treatments\/treatment-eye-relaxation-and-lift\/\",\"url\":\"https:\/\/takumifinch.com\/our-treatments\/treatment-eye-relaxation-and-lift\/\",\"name\":\"Eye relaxation and lift - Institut Takumi Finch\",\"isPartOf\":{\"@id\":\"https:\/\/takumifinch.com\/#website\"},\"datePublished\":\"2026-01-25T18:09:11+00:00\",\"dateModified\":\"2026-01-30T16:36:46+00:00\",\"breadcrumb\":{\"@id\":\"https:\/\/takumifinch.com\/our-treatments\/treatment-eye-relaxation-and-lift\/#breadcrumb\"},\"inLanguage\":\"fr-FR\",\"potentialAction\":[{\"@type\":\"ReadAction\",\"target\":[\"https:\/\/takumifinch.com\/our-treatments\/treatment-eye-relaxation-and-lift\/\"]}]},{\"@type\":\"BreadcrumbList\",\"@id\":\"https:\/\/takumifinch.com\/our-treatments\/treatment-eye-relaxation-and-lift\/#breadcrumb\",\"itemListElement\":[{\"@type\":\"ListItem\",\"position\":1,\"name\":\"Home\",\"item\":\"https:\/\/takumifinch.com\/\"},{\"@type\":\"ListItem\",\"position\":2,\"name\":\"Our treatments\",\"item\":\"https:\/\/takumifinch.com\/our-treatments\/\"},{\"@type\":\"ListItem\",\"position\":3,\"name\":\"Eye relaxation and lift\"}]},{\"@type\":\"WebSite\",\"@id\":\"https:\/\/takumifinch.com\/#website\",\"url\":\"https:\/\/takumifinch.com\/\",\"name\":\"Institut Takumi Finch\",\"description\":\"Formations en bien-\u00eatre th\u00e9rapeutique\",\"publisher\":{\"@id\":\"https:\/\/takumifinch.com\/#organization\"},\"alternateName\":\"Takumi Finch\",\"potentialAction\":[{\"@type\":\"SearchAction\",\"target\":{\"@type\":\"EntryPoint\",\"urlTemplate\":\"https:\/\/takumifinch.com\/?s={search_term_string}\"},\"query-input\":{\"@type\":\"PropertyValueSpecification\",\"valueRequired\":true,\"valueName\":\"search_term_string\"}}],\"inLanguage\":\"fr-FR\"},{\"@type\":\"Organization\",\"@id\":\"https:\/\/takumifinch.com\/#organization\",\"name\":\"Institut Takumi Finch\",\"alternateName\":\"Takumi Finch\",\"url\":\"https:\/\/takumifinch.com\/\",\"logo\":{\"@type\":\"ImageObject\",\"inLanguage\":\"fr-FR\",\"@id\":\"https:\/\/takumifinch.com\/#\/schema\/logo\/image\/\",\"url\":\"https:\/\/takumifinch.com\/wp-content\/uploads\/2025\/10\/logo.svg\",\"contentUrl\":\"https:\/\/takumifinch.com\/wp-content\/uploads\/2025\/10\/logo.svg\",\"caption\":\"Institut Takumi Finch\"},\"image\":{\"@id\":\"https:\/\/takumifinch.com\/#\/schema\/logo\/image\/\"},\"sameAs\":[\"https:\/\/www.instagram.com\/institut_takumifinch\/\",\"https:\/\/www.linkedin.com\/company\/takumi-finch\/\",\"https:\/\/www.youtube.com\/channel\/UCFfkd6KPoJNy-gTVvA_u4mw\"]}]}<\/script>\n<!-- \/ Yoast SEO plugin. -->","yoast_head_json":{"title":"Yeux &amp; regard - Institut Takumi Finch","robots":{"index":"index","follow":"follow","max-snippet":"max-snippet:-1","max-image-preview":"max-image-preview:large","max-video-preview":"max-video-preview:-1"},"canonical":"https:\/\/takumifinch.com\/fr\/nos-soins\/soin-yeux-regard\/","og_locale":"fr_FR","og_type":"article","og_title":"Eye relaxation and lift - Institut Takumi Finch","og_description":"Home Eye relaxation and lift (eyes &amp; eye area)\u200b Relax, brighten, and refresh the eyes. Relieve tension. Presentation This treatment targets tired eyes, dark circles, puffiness, and heavy eyelids. Gentle manual techniques relax tension in the forehead, between the eyebrows, and around the eyes, smoothing facial features and restoring a naturally open and refreshed appearance. [&hellip;]","og_url":"https:\/\/takumifinch.com\/fr\/nos-soins\/soin-yeux-regard\/","og_site_name":"Institut Takumi Finch","article_modified_time":"2026-01-30T16:36:46+00:00","og_image":[{"width":1024,"height":683,"url":"https:\/\/takumifinch.com\/wp-content\/uploads\/2025\/12\/Laure-Normandin-Kobido-La-Rochelle.jpeg","type":"image\/jpeg"}],"twitter_card":"summary_large_image","twitter_misc":{"Dur\u00e9e de lecture estim\u00e9e":"1 minute"},"schema":{"@context":"https:\/\/schema.org","@graph":[{"@type":"WebPage","@id":"https:\/\/takumifinch.com\/our-treatments\/treatment-eye-relaxation-and-lift\/","url":"https:\/\/takumifinch.com\/our-treatments\/treatment-eye-relaxation-and-lift\/","name":"Yeux &amp; regard - Institut Takumi Finch","isPartOf":{"@id":"https:\/\/takumifinch.com\/#website"},"datePublished":"2026-01-25T18:09:11+00:00","dateModified":"2026-01-30T16:36:46+00:00","breadcrumb":{"@id":"https:\/\/takumifinch.com\/our-treatments\/treatment-eye-relaxation-and-lift\/#breadcrumb"},"inLanguage":"fr-FR","potentialAction":[{"@type":"ReadAction","target":["https:\/\/takumifinch.com\/our-treatments\/treatment-eye-relaxation-and-lift\/"]}]},{"@type":"BreadcrumbList","@id":"https:\/\/takumifinch.com\/our-treatments\/treatment-eye-relaxation-and-lift\/#breadcrumb","itemListElement":[{"@type":"ListItem","position":1,"name":"Home","item":"https:\/\/takumifinch.com\/"},{"@type":"ListItem","position":2,"name":"Our treatments","item":"https:\/\/takumifinch.com\/our-treatments\/"},{"@type":"ListItem","position":3,"name":"Eye relaxation and lift"}]},{"@type":"WebSite","@id":"https:\/\/takumifinch.com\/#website","url":"https:\/\/takumifinch.com\/","name":"Institut Takumi Finch","description":"Formations en bien-\u00eatre th\u00e9rapeutique","publisher":{"@id":"https:\/\/takumifinch.com\/#organization"},"alternateName":"Takumi Finch","potentialAction":[{"@type":"SearchAction","target":{"@type":"EntryPoint","urlTemplate":"https:\/\/takumifinch.com\/?s={search_term_string}"},"query-input":{"@type":"PropertyValueSpecification","valueRequired":true,"valueName":"search_term_string"}}],"inLanguage":"fr-FR"},{"@type":"Organization","@id":"https:\/\/takumifinch.com\/#organization","name":"Institut Takumi Finch","alternateName":"Takumi Finch","url":"https:\/\/takumifinch.com\/","logo":{"@type":"ImageObject","inLanguage":"fr-FR","@id":"https:\/\/takumifinch.com\/#\/schema\/logo\/image\/","url":"https:\/\/takumifinch.com\/wp-content\/uploads\/2025\/10\/logo.svg","contentUrl":"https:\/\/takumifinch.com\/wp-content\/uploads\/2025\/10\/logo.svg","caption":"Institut Takumi Finch"},"image":{"@id":"https:\/\/takumifinch.com\/#\/schema\/logo\/image\/"},"sameAs":["https:\/\/www.instagram.com\/institut_takumifinch\/","https:\/\/www.linkedin.com\/company\/takumi-finch\/","https:\/\/www.youtube.com\/channel\/UCFfkd6KPoJNy-gTVvA_u4mw"]}]}},"_links":{"self":[{"href":"https:\/\/takumifinch.com\/fr\/wp-json\/wp\/v2\/pages\/37429","targetHints":{"allow":["GET"]}}],"collection":[{"href":"https:\/\/takumifinch.com\/fr\/wp-json\/wp\/v2\/pages"}],"about":[{"href":"https:\/\/takumifinch.com\/fr\/wp-json\/wp\/v2\/types\/page"}],"author":[{"embeddable":true,"href":"https:\/\/takumifinch.com\/fr\/wp-json\/wp\/v2\/users\/1"}],"replies":[{"embeddable":true,"href":"https:\/\/takumifinch.com\/fr\/wp-json\/wp\/v2\/comments?post=37429"}],"version-history":[{"count":0,"href":"https:\/\/takumifinch.com\/fr\/wp-json\/wp\/v2\/pages\/37429\/revisions"}],"up":[{"embeddable":true,"href":"https:\/\/takumifinch.com\/fr\/wp-json\/wp\/v2\/pages\/37346"}],"wp:attachment":[{"href":"https:\/\/takumifinch.com\/fr\/wp-json\/wp\/v2\/media?parent=37429"}],"curies":[{"name":"wp","href":"https:\/\/api.w.org\/{rel}","templated":true}]}}