{"id":37439,"date":"2026-01-25T19:22:43","date_gmt":"2026-01-25T18:22:43","guid":{"rendered":"https:\/\/azure-crane-105192.hostingersite.com\/?page_id=37439"},"modified":"2026-01-30T17:37:12","modified_gmt":"2026-01-30T16:37:12","slug":"soin-massage-intra-buccal","status":"publish","type":"page","link":"https:\/\/takumifinch.com\/fr\/our-treatments\/treatment-intra-oral-massage\/","title":{"rendered":"Massage intra-buccal"},"content":{"rendered":"<div data-elementor-type=\"wp-page\" data-elementor-id=\"37439\" class=\"elementor elementor-37439\" data-elementor-post-type=\"page\">\n\t\t\t\t<section class=\"elementor-element elementor-element-75220c9 e-flex e-con-boxed e-con e-parent\" data-id=\"75220c9\" data-element_type=\"container\" data-e-type=\"container\" data-settings=\"{&quot;background_background&quot;:&quot;classic&quot;}\">\n\t\t\t\t\t<div class=\"e-con-inner\">\n\t\t\t\t<div class=\"elementor-element elementor-element-5fdab58 elementor-widget elementor-widget-hfe-breadcrumbs-widget\" data-id=\"5fdab58\" data-element_type=\"widget\" data-e-type=\"widget\" data-widget_type=\"hfe-breadcrumbs-widget.default\">\n\t\t\t\t<div class=\"elementor-widget-container\">\n\t\t\t\t\t<nav aria-label=\"Breadcrumb\"><ul class=\"hfe-breadcrumbs hfe-breadcrumbs-show-home\"><li class=\"hfe-breadcrumbs-item hfe-breadcrumbs-first\"><span class=\"hfe-breadcrumbs-home-icon\"><\/span><a href=\"https:\/\/takumifinch.com\/fr\"><span class=\"hfe-breadcrumbs-text\">Accueil<\/span><\/a><\/li><\/ul><\/nav>\t\t\t\t<\/div>\n\t\t\t\t<\/div>\n\t\t\t\t<div class=\"elementor-element elementor-element-283f48f elementor-widget elementor-widget-heading\" data-id=\"283f48f\" data-element_type=\"widget\" data-e-type=\"widget\" data-widget_type=\"heading.default\">\n\t\t\t\t\t<h1 class=\"elementor-heading-title elementor-size-default\">Massage intrabuccal<\/h1>\t\t\t\t<\/div>\n\t\t\t\t<div class=\"elementor-element elementor-element-4380ee3 elementor-widget__width-initial elementor-widget elementor-widget-heading\" data-id=\"4380ee3\" data-element_type=\"widget\" data-e-type=\"widget\" data-widget_type=\"heading.default\">\n\t\t\t\t\t<h2 class=\"elementor-heading-title elementor-size-default\">Rel\u00e2cher en profondeur, lifting des joues et pommettes<\/h2>\t\t\t\t<\/div>\n\t\t\t\t\t<\/div>\n\t\t\t\t<\/section>\n\t\t<div class=\"elementor-element elementor-element-7cc8559 e-flex e-con-boxed e-con e-parent\" data-id=\"7cc8559\" data-element_type=\"container\" data-e-type=\"container\" data-settings=\"{&quot;background_background&quot;:&quot;classic&quot;}\">\n\t\t\t\t\t<div class=\"e-con-inner\">\n\t\t\t\t<div class=\"elementor-element elementor-element-e8c0dcc elementor-widget elementor-widget-heading\" data-id=\"e8c0dcc\" data-element_type=\"widget\" data-e-type=\"widget\" data-widget_type=\"heading.default\">\n\t\t\t\t\t<h2 class=\"elementor-heading-title elementor-size-default\">Pr\u00e9sentation<\/h2>\t\t\t\t<\/div>\n\t\t\t\t<div class=\"elementor-element elementor-element-49b56fb elementor-widget elementor-widget-text-editor\" data-id=\"49b56fb\" data-element_type=\"widget\" data-e-type=\"widget\" data-widget_type=\"text-editor.default\">\n\t\t\t\t\t\t\t\t\t<p>Ce soin rare agit directement sur les tensions profondes des muscles du visage, en particulier ceux de la m\u00e2choire, des joues et du contour de la bouche. Il est r\u00e9alis\u00e9 avec un gant, par voie intra-buccale, dans le plus grand respect du rythme et du confort de la personne.<\/p><p>Il est particuli\u00e8rement indiqu\u00e9 pour lib\u00e9rer les tensions chroniques li\u00e9es au stress, au bruxisme, \u00e0 la fatigue \u00e9motionnelle ou \u00e0 une perte de mobilit\u00e9 faciale. Cette lib\u00e9ration profonde procure un rel\u00e2chement souvent ressenti jusqu\u2019aux \u00e9paules et au thorax.<\/p><p>Ce soin ne remplace pas un suivi m\u00e9dical, mais il peut en \u00eatre un excellent compl\u00e9ment en cas de tensions persistantes ou de douleurs diffuses.<\/p>\t\t\t\t\t\t\t\t<\/div>\n\t\t\t\t<div class=\"elementor-element elementor-element-ad40921 elementor-widget elementor-widget-text-editor\" data-id=\"ad40921\" data-element_type=\"widget\" data-e-type=\"widget\" data-widget_type=\"text-editor.default\">\n\t\t\t\t\t\t\t\t\t<h3>Pour qui ?<\/h3><ul><li>Bruxisme, m\u00e2choires serr\u00e9es, douleurs temporo-mandibulaires (ATM)<\/li><li>Tensions profondes dans les joues, l\u00e8vres, zone p\u00e9ribuccale<\/li><li>S\u00e9quelles \u00e9motionnelles ou post-traumatiques au niveau du visage<\/li><li>Fatigue faciale, blocage de l\u2019expression<\/li><li>Recherche d\u2019un soin de rel\u00e2chement profond au niveau tissulaire<\/li><\/ul>\t\t\t\t\t\t\t\t<\/div>\n\t\t\t\t<div class=\"elementor-element elementor-element-e2adfc0 elementor-widget elementor-widget-text-editor\" data-id=\"e2adfc0\" data-element_type=\"widget\" data-e-type=\"widget\" data-widget_type=\"text-editor.default\">\n\t\t\t\t\t\t\t\t\t<h3>Ce que vous pouvez ressentir<\/h3><ul><li>Une sensation de rel\u00e2chement durable<\/li><li>Un visage plus libre dans ses expressions<\/li><li>Une d\u00e9tente qui se diffuse jusqu\u2019aux \u00e9paules<\/li><li>Moins de crispations inconscientes<\/li><li>Une meilleure respiration et pr\u00e9sence dans la zone buccale<\/li><\/ul>\t\t\t\t\t\t\t\t<\/div>\n\t\t\t\t<div class=\"elementor-element elementor-element-206142d elementor-widget elementor-widget-text-editor\" data-id=\"206142d\" data-element_type=\"widget\" data-e-type=\"widget\" data-widget_type=\"text-editor.default\">\n\t\t\t\t\t\t\t\t\t<h3>Ce que dit la science<\/h3><p>Des \u00e9tudes ont montr\u00e9 que la th\u00e9rapie intra-orale manuelle peut significativement r\u00e9duire les douleurs de l\u2019ATM, am\u00e9liorer la mobilit\u00e9 mandibulaire et diminuer les tensions myofasciales (Wijer et al., 1996). Le toucher lent et structur\u00e9 active par ailleurs les circuits neuro-hormonaux du soulagement (Field, 2014).<\/p>\t\t\t\t\t\t\t\t<\/div>\n\t\t\t\t\t<\/div>\n\t\t\t\t<\/div>\n\t\t<div class=\"elementor-element elementor-element-1292bf8 e-flex e-con-boxed e-con e-parent\" data-id=\"1292bf8\" data-element_type=\"container\" data-e-type=\"container\">\n\t\t\t\t\t<div class=\"e-con-inner\">\n\t\t\t\t<div class=\"elementor-element elementor-element-845be0c elementor-widget elementor-widget-heading\" data-id=\"845be0c\" data-element_type=\"widget\" data-e-type=\"widget\" data-widget_type=\"heading.default\">\n\t\t\t\t\t<h2 class=\"elementor-heading-title elementor-size-default\">Informations pratiques<\/h2>\t\t\t\t<\/div>\n\t\t\t\t<div class=\"elementor-element elementor-element-8ffb103 elementor-widget elementor-widget-text-editor\" data-id=\"8ffb103\" data-element_type=\"widget\" data-e-type=\"widget\" data-widget_type=\"text-editor.default\">\n\t\t\t\t\t\t\t\t\t<p><span style=\"font-weight: 400;\"><strong>Dur\u00e9e :<\/strong> 60 minutes<\/span><\/p><p><strong>Praticien :<\/strong> Certified Specialist or Expert in the Takumi Finch Method<\/p><p>Soin r\u00e9alis\u00e9 avec gants, dans le respect strict des r\u00e8gles d\u2019hygi\u00e8ne.<\/p><p>Peut \u00eatre int\u00e9gr\u00e9 \u00e0 une cure ou propos\u00e9 en soin isol\u00e9.<\/p><p>Ce soin n\u2019est jamais pratiqu\u00e9 en premi\u00e8re s\u00e9ance : il n\u00e9cessite un temps de confiance avant d\u2019\u00eatre propos\u00e9.<\/p>\t\t\t\t\t\t\t\t<\/div>\n\t\t\t\t<div class=\"elementor-element elementor-element-2f2cde4 elementor-align-center elementor-widget elementor-widget-button\" data-id=\"2f2cde4\" data-element_type=\"widget\" data-e-type=\"widget\" data-widget_type=\"button.default\">\n\t\t\t\t\t\t\t\t\t\t<a class=\"elementor-button elementor-button-link elementor-size-sm\" href=\"https:\/\/takumifinch.com\/fr\/trouver-specialiste\/\">\n\t\t\t\t\t\t<span class=\"elementor-button-content-wrapper\">\n\t\t\t\t\t\t\t\t\t<span class=\"elementor-button-text\">Trouver un Sp\u00e9cialiste<\/span>\n\t\t\t\t\t<\/span>\n\t\t\t\t\t<\/a>\n\t\t\t\t\t\t\t\t<\/div>\n\t\t\t\t<div class=\"elementor-element elementor-element-9c45ec7 elementor-widget-divider--view-line elementor-widget elementor-widget-divider\" data-id=\"9c45ec7\" data-element_type=\"widget\" data-e-type=\"widget\" data-widget_type=\"divider.default\">\n\t\t\t\t\t\t\t<div class=\"elementor-divider\">\n\t\t\t<span class=\"elementor-divider-separator\">\n\t\t\t\t\t\t<\/span>\n\t\t<\/div>\n\t\t\t\t\t\t<\/div>\n\t\t\t\t<div class=\"elementor-element elementor-element-426fe7e elementor-widget elementor-widget-text-editor\" data-id=\"426fe7e\" data-element_type=\"widget\" data-e-type=\"widget\" data-widget_type=\"text-editor.default\">\n\t\t\t\t\t\t\t\t\t<p><b>References<\/b><\/p><p>de Wijer, A., Lobbezoo, F., &amp; Steenks, M. H. (1996). Characteristics of oral motor behavior in healthy persons and patients with mandibular dysfunction. <em>Journal of Oral Rehabilitation<\/em>, 23(11), 622-629. <a href=\"https:\/\/doi.org\/10.1046\/j.1365-2842.1996.00913.x\">https:\/\/doi.org\/10.1046\/j.1365-2842.1996.00913.x<\/a><\/p><p>Field, T. (2014). Massage therapy research review. <em>Complementary Therapies in Clinical Practice<\/em>, 20(4), 224-229. <a href=\"https:\/\/doi.org\/10.1016\/j.ctcp.2014.07.002\">https:\/\/doi.org\/10.1016\/j.ctcp.2014.07.002<\/a><\/p>\t\t\t\t\t\t\t\t<\/div>\n\t\t\t\t\t<\/div>\n\t\t\t\t<\/div>\n\t\t\t\t<\/div>","protected":false},"excerpt":{"rendered":"<p>Home Intra-oral massage\u200b Deep relaxation, lifted cheeks and cheekbones Presentation This specialised treatment works directly on deep-seated muscular tension in the face, particularly in the jaw, cheeks, and area around the mouth. The massage is performed intraorally, using gloves, with complete respect for your comfort and pace. It is particularly effective for releasing chronic tension [&hellip;]<\/p>\n","protected":false},"author":1,"featured_media":0,"parent":37346,"menu_order":0,"comment_status":"closed","ping_status":"closed","template":"","meta":{"inline_featured_image":false,"iawp_total_views":40,"footnotes":""},"class_list":["post-37439","page","type-page","status-publish","hentry"],"yoast_head":"<!-- This site is optimized with the Yoast SEO plugin v27.1.1 - https:\/\/yoast.com\/product\/yoast-seo-wordpress\/ -->\n<title>Intra-oral massage - Institut Takumi Finch<\/title>\n<meta name=\"robots\" content=\"index, follow, max-snippet:-1, max-image-preview:large, max-video-preview:-1\" \/>\n<link rel=\"canonical\" href=\"https:\/\/takumifinch.com\/fr\/nos-soins\/soin-massage-intra-buccal\/\" \/>\n<meta property=\"og:locale\" content=\"fr_FR\" \/>\n<meta property=\"og:type\" content=\"article\" \/>\n<meta property=\"og:title\" content=\"Intra-oral massage - Institut Takumi Finch\" \/>\n<meta property=\"og:description\" content=\"Home Intra-oral massage\u200b Deep relaxation, lifted cheeks and cheekbones Presentation This specialised treatment works directly on deep-seated muscular tension in the face, particularly in the jaw, cheeks, and area around the mouth. The massage is performed intraorally, using gloves, with complete respect for your comfort and pace. It is particularly effective for releasing chronic tension [&hellip;]\" \/>\n<meta property=\"og:url\" content=\"https:\/\/takumifinch.com\/fr\/nos-soins\/soin-massage-intra-buccal\/\" \/>\n<meta property=\"og:site_name\" content=\"Institut Takumi Finch\" \/>\n<meta property=\"article:modified_time\" content=\"2026-01-30T16:37:12+00:00\" \/>\n<meta property=\"og:image\" content=\"https:\/\/takumifinch.com\/wp-content\/uploads\/2025\/12\/Laure-Normandin-Kobido-La-Rochelle.jpeg\" \/>\n\t<meta property=\"og:image:width\" content=\"1024\" \/>\n\t<meta property=\"og:image:height\" content=\"683\" \/>\n\t<meta property=\"og:image:type\" content=\"image\/jpeg\" \/>\n<meta name=\"twitter:card\" content=\"summary_large_image\" \/>\n<meta name=\"twitter:label1\" content=\"Dur\u00e9e de lecture estim\u00e9e\" \/>\n\t<meta name=\"twitter:data1\" content=\"1 minute\" \/>\n<script type=\"application\/ld+json\" class=\"yoast-schema-graph\">{\"@context\":\"https:\/\/schema.org\",\"@graph\":[{\"@type\":\"WebPage\",\"@id\":\"https:\/\/takumifinch.com\/our-treatments\/treatment-intra-oral-massage\/\",\"url\":\"https:\/\/takumifinch.com\/our-treatments\/treatment-intra-oral-massage\/\",\"name\":\"Intra-oral massage - Institut Takumi Finch\",\"isPartOf\":{\"@id\":\"https:\/\/takumifinch.com\/#website\"},\"datePublished\":\"2026-01-25T18:22:43+00:00\",\"dateModified\":\"2026-01-30T16:37:12+00:00\",\"breadcrumb\":{\"@id\":\"https:\/\/takumifinch.com\/our-treatments\/treatment-intra-oral-massage\/#breadcrumb\"},\"inLanguage\":\"fr-FR\",\"potentialAction\":[{\"@type\":\"ReadAction\",\"target\":[\"https:\/\/takumifinch.com\/our-treatments\/treatment-intra-oral-massage\/\"]}]},{\"@type\":\"BreadcrumbList\",\"@id\":\"https:\/\/takumifinch.com\/our-treatments\/treatment-intra-oral-massage\/#breadcrumb\",\"itemListElement\":[{\"@type\":\"ListItem\",\"position\":1,\"name\":\"Home\",\"item\":\"https:\/\/takumifinch.com\/\"},{\"@type\":\"ListItem\",\"position\":2,\"name\":\"Our treatments\",\"item\":\"https:\/\/takumifinch.com\/our-treatments\/\"},{\"@type\":\"ListItem\",\"position\":3,\"name\":\"Intra-oral massage\"}]},{\"@type\":\"WebSite\",\"@id\":\"https:\/\/takumifinch.com\/#website\",\"url\":\"https:\/\/takumifinch.com\/\",\"name\":\"Institut Takumi Finch\",\"description\":\"Formations en bien-\u00eatre th\u00e9rapeutique\",\"publisher\":{\"@id\":\"https:\/\/takumifinch.com\/#organization\"},\"alternateName\":\"Takumi Finch\",\"potentialAction\":[{\"@type\":\"SearchAction\",\"target\":{\"@type\":\"EntryPoint\",\"urlTemplate\":\"https:\/\/takumifinch.com\/?s={search_term_string}\"},\"query-input\":{\"@type\":\"PropertyValueSpecification\",\"valueRequired\":true,\"valueName\":\"search_term_string\"}}],\"inLanguage\":\"fr-FR\"},{\"@type\":\"Organization\",\"@id\":\"https:\/\/takumifinch.com\/#organization\",\"name\":\"Institut Takumi Finch\",\"alternateName\":\"Takumi Finch\",\"url\":\"https:\/\/takumifinch.com\/\",\"logo\":{\"@type\":\"ImageObject\",\"inLanguage\":\"fr-FR\",\"@id\":\"https:\/\/takumifinch.com\/#\/schema\/logo\/image\/\",\"url\":\"https:\/\/takumifinch.com\/wp-content\/uploads\/2025\/10\/logo.svg\",\"contentUrl\":\"https:\/\/takumifinch.com\/wp-content\/uploads\/2025\/10\/logo.svg\",\"caption\":\"Institut Takumi Finch\"},\"image\":{\"@id\":\"https:\/\/takumifinch.com\/#\/schema\/logo\/image\/\"},\"sameAs\":[\"https:\/\/www.instagram.com\/institut_takumifinch\/\",\"https:\/\/www.linkedin.com\/company\/takumi-finch\/\",\"https:\/\/www.youtube.com\/channel\/UCFfkd6KPoJNy-gTVvA_u4mw\"]}]}<\/script>\n<!-- \/ Yoast SEO plugin. -->","yoast_head_json":{"title":"Massage intrabuccal - Institut Takumi Finch","robots":{"index":"index","follow":"follow","max-snippet":"max-snippet:-1","max-image-preview":"max-image-preview:large","max-video-preview":"max-video-preview:-1"},"canonical":"https:\/\/takumifinch.com\/fr\/nos-soins\/soin-massage-intra-buccal\/","og_locale":"fr_FR","og_type":"article","og_title":"Intra-oral massage - Institut Takumi Finch","og_description":"Home Intra-oral massage\u200b Deep relaxation, lifted cheeks and cheekbones Presentation This specialised treatment works directly on deep-seated muscular tension in the face, particularly in the jaw, cheeks, and area around the mouth. The massage is performed intraorally, using gloves, with complete respect for your comfort and pace. It is particularly effective for releasing chronic tension [&hellip;]","og_url":"https:\/\/takumifinch.com\/fr\/nos-soins\/soin-massage-intra-buccal\/","og_site_name":"Institut Takumi Finch","article_modified_time":"2026-01-30T16:37:12+00:00","og_image":[{"width":1024,"height":683,"url":"https:\/\/takumifinch.com\/wp-content\/uploads\/2025\/12\/Laure-Normandin-Kobido-La-Rochelle.jpeg","type":"image\/jpeg"}],"twitter_card":"summary_large_image","twitter_misc":{"Dur\u00e9e de lecture estim\u00e9e":"1 minute"},"schema":{"@context":"https:\/\/schema.org","@graph":[{"@type":"WebPage","@id":"https:\/\/takumifinch.com\/our-treatments\/treatment-intra-oral-massage\/","url":"https:\/\/takumifinch.com\/our-treatments\/treatment-intra-oral-massage\/","name":"Massage intrabuccal - Institut Takumi Finch","isPartOf":{"@id":"https:\/\/takumifinch.com\/#website"},"datePublished":"2026-01-25T18:22:43+00:00","dateModified":"2026-01-30T16:37:12+00:00","breadcrumb":{"@id":"https:\/\/takumifinch.com\/our-treatments\/treatment-intra-oral-massage\/#breadcrumb"},"inLanguage":"fr-FR","potentialAction":[{"@type":"ReadAction","target":["https:\/\/takumifinch.com\/our-treatments\/treatment-intra-oral-massage\/"]}]},{"@type":"BreadcrumbList","@id":"https:\/\/takumifinch.com\/our-treatments\/treatment-intra-oral-massage\/#breadcrumb","itemListElement":[{"@type":"ListItem","position":1,"name":"Home","item":"https:\/\/takumifinch.com\/"},{"@type":"ListItem","position":2,"name":"Our treatments","item":"https:\/\/takumifinch.com\/our-treatments\/"},{"@type":"ListItem","position":3,"name":"Intra-oral massage"}]},{"@type":"WebSite","@id":"https:\/\/takumifinch.com\/#website","url":"https:\/\/takumifinch.com\/","name":"Institut Takumi Finch","description":"Formations en bien-\u00eatre th\u00e9rapeutique","publisher":{"@id":"https:\/\/takumifinch.com\/#organization"},"alternateName":"Takumi Finch","potentialAction":[{"@type":"SearchAction","target":{"@type":"EntryPoint","urlTemplate":"https:\/\/takumifinch.com\/?s={search_term_string}"},"query-input":{"@type":"PropertyValueSpecification","valueRequired":true,"valueName":"search_term_string"}}],"inLanguage":"fr-FR"},{"@type":"Organization","@id":"https:\/\/takumifinch.com\/#organization","name":"Institut Takumi Finch","alternateName":"Takumi Finch","url":"https:\/\/takumifinch.com\/","logo":{"@type":"ImageObject","inLanguage":"fr-FR","@id":"https:\/\/takumifinch.com\/#\/schema\/logo\/image\/","url":"https:\/\/takumifinch.com\/wp-content\/uploads\/2025\/10\/logo.svg","contentUrl":"https:\/\/takumifinch.com\/wp-content\/uploads\/2025\/10\/logo.svg","caption":"Institut Takumi Finch"},"image":{"@id":"https:\/\/takumifinch.com\/#\/schema\/logo\/image\/"},"sameAs":["https:\/\/www.instagram.com\/institut_takumifinch\/","https:\/\/www.linkedin.com\/company\/takumi-finch\/","https:\/\/www.youtube.com\/channel\/UCFfkd6KPoJNy-gTVvA_u4mw"]}]}},"_links":{"self":[{"href":"https:\/\/takumifinch.com\/fr\/wp-json\/wp\/v2\/pages\/37439","targetHints":{"allow":["GET"]}}],"collection":[{"href":"https:\/\/takumifinch.com\/fr\/wp-json\/wp\/v2\/pages"}],"about":[{"href":"https:\/\/takumifinch.com\/fr\/wp-json\/wp\/v2\/types\/page"}],"author":[{"embeddable":true,"href":"https:\/\/takumifinch.com\/fr\/wp-json\/wp\/v2\/users\/1"}],"replies":[{"embeddable":true,"href":"https:\/\/takumifinch.com\/fr\/wp-json\/wp\/v2\/comments?post=37439"}],"version-history":[{"count":0,"href":"https:\/\/takumifinch.com\/fr\/wp-json\/wp\/v2\/pages\/37439\/revisions"}],"up":[{"embeddable":true,"href":"https:\/\/takumifinch.com\/fr\/wp-json\/wp\/v2\/pages\/37346"}],"wp:attachment":[{"href":"https:\/\/takumifinch.com\/fr\/wp-json\/wp\/v2\/media?parent=37439"}],"curies":[{"name":"wp","href":"https:\/\/api.w.org\/{rel}","templated":true}]}}