{"id":37461,"date":"2026-01-25T19:31:51","date_gmt":"2026-01-25T18:31:51","guid":{"rendered":"https:\/\/azure-crane-105192.hostingersite.com\/?page_id=37461"},"modified":"2026-01-30T17:33:57","modified_gmt":"2026-01-30T16:33:57","slug":"soin-kyokute","status":"publish","type":"page","link":"https:\/\/takumifinch.com\/fr\/our-treatments\/treatment-kyokute\/","title":{"rendered":"Kyokut\u0113"},"content":{"rendered":"<div data-elementor-type=\"wp-page\" data-elementor-id=\"37461\" class=\"elementor elementor-37461\" data-elementor-post-type=\"page\">\n\t\t\t\t<section class=\"elementor-element elementor-element-75220c9 e-flex e-con-boxed e-con e-parent\" data-id=\"75220c9\" data-element_type=\"container\" data-e-type=\"container\" data-settings=\"{&quot;background_background&quot;:&quot;classic&quot;}\">\n\t\t\t\t\t<div class=\"e-con-inner\">\n\t\t\t\t<div class=\"elementor-element elementor-element-5fdab58 elementor-widget elementor-widget-hfe-breadcrumbs-widget\" data-id=\"5fdab58\" data-element_type=\"widget\" data-e-type=\"widget\" data-widget_type=\"hfe-breadcrumbs-widget.default\">\n\t\t\t\t<div class=\"elementor-widget-container\">\n\t\t\t\t\t<nav aria-label=\"Breadcrumb\"><ul class=\"hfe-breadcrumbs hfe-breadcrumbs-show-home\"><li class=\"hfe-breadcrumbs-item hfe-breadcrumbs-first\"><span class=\"hfe-breadcrumbs-home-icon\"><\/span><a href=\"https:\/\/takumifinch.com\/fr\"><span class=\"hfe-breadcrumbs-text\">Accueil<\/span><\/a><\/li><\/ul><\/nav>\t\t\t\t<\/div>\n\t\t\t\t<\/div>\n\t\t\t\t<div class=\"elementor-element elementor-element-283f48f elementor-widget elementor-widget-heading\" data-id=\"283f48f\" data-element_type=\"widget\" data-e-type=\"widget\" data-widget_type=\"heading.default\">\n\t\t\t\t\t<h1 class=\"elementor-heading-title elementor-size-default\">Kyokut\u0113\n<\/h1>\t\t\t\t<\/div>\n\t\t\t\t<div class=\"elementor-element elementor-element-4380ee3 elementor-widget__width-initial elementor-widget elementor-widget-heading\" data-id=\"4380ee3\" data-element_type=\"widget\" data-e-type=\"widget\" data-widget_type=\"heading.default\">\n\t\t\t\t\t<h2 class=\"elementor-heading-title elementor-size-default\">Le visage a une \u00e2me, et l\u2019\u00e2me a un visage.\n<\/h2>\t\t\t\t<\/div>\n\t\t\t\t\t<\/div>\n\t\t\t\t<\/section>\n\t\t<div class=\"elementor-element elementor-element-7cc8559 e-flex e-con-boxed e-con e-parent\" data-id=\"7cc8559\" data-element_type=\"container\" data-e-type=\"container\" data-settings=\"{&quot;background_background&quot;:&quot;classic&quot;}\">\n\t\t\t\t\t<div class=\"e-con-inner\">\n\t\t\t\t<div class=\"elementor-element elementor-element-e8c0dcc elementor-widget elementor-widget-heading\" data-id=\"e8c0dcc\" data-element_type=\"widget\" data-e-type=\"widget\" data-widget_type=\"heading.default\">\n\t\t\t\t\t<h2 class=\"elementor-heading-title elementor-size-default\">Pr\u00e9sentation<\/h2>\t\t\t\t<\/div>\n\t\t\t\t<div class=\"elementor-element elementor-element-49b56fb elementor-widget elementor-widget-text-editor\" data-id=\"49b56fb\" data-element_type=\"widget\" data-e-type=\"widget\" data-widget_type=\"text-editor.default\">\n\t\t\t\t\t\t\t\t\t<p>Ce soin accompagne les visages marqu\u00e9s par le stress, la surcharge mentale ou des \u00e9motions non exprim\u00e9es. Il invite \u00e0 une d\u00e9tente profonde, sans brusquer ni chercher \u00e0 forcer : un rel\u00e2chement doux, en profondeur, o\u00f9 le visage retrouve sa respiration naturelle.<\/p><p>Issu de l\u2019expertise reconnue de Takumi Finch dans l\u2019art du massage ancestral japonais et prolong\u00e9 par la M\u00e9thode Takumi Finch, le Kyokut\u0113 privil\u00e9gie un rythme lent, un toucher enveloppant, et une \u00e9coute subtile du tissu.<\/p><p>Chaque s\u00e9ance est unique, et respecte votre personnalit\u00e9.<\/p>\t\t\t\t\t\t\t\t<\/div>\n\t\t\t\t<div class=\"elementor-element elementor-element-ad40921 elementor-widget elementor-widget-text-editor\" data-id=\"ad40921\" data-element_type=\"widget\" data-e-type=\"widget\" data-widget_type=\"text-editor.default\">\n\t\t\t\t\t\t\t\t\t<h3>Pour qui ?<\/h3><ul><li>Visages marqu\u00e9s par le stress chronique<\/li><li>\u00c9tats de fatigue mentale ou \u00e9motionnelle<\/li><li>Post-burnout, deuil, transitions de vie<\/li><li>Tensions inexpliqu\u00e9es, figement des traits<\/li><li>Recherche d\u2019un soin doux, r\u00e9parateur, non intrusif<\/li><\/ul>\t\t\t\t\t\t\t\t<\/div>\n\t\t\t\t<div class=\"elementor-element elementor-element-e2adfc0 elementor-widget elementor-widget-text-editor\" data-id=\"e2adfc0\" data-element_type=\"widget\" data-e-type=\"widget\" data-widget_type=\"text-editor.default\">\n\t\t\t\t\t\t\t\t\t<h3>Ce que vous pouvez ressentir<\/h3><ul><li>Une sensation de calme profond<\/li><li>Un visage plus libre, plus d\u00e9tendu<\/li><li>Une respiration relanc\u00e9e dans les tissus<\/li><li>Une meilleure connexion au corps<\/li><li>Moins de charge int\u00e9rieure, plus de clart\u00e9<\/li><\/ul>\t\t\t\t\t\t\t\t<\/div>\n\t\t\t\t<div class=\"elementor-element elementor-element-206142d elementor-widget elementor-widget-text-editor\" data-id=\"206142d\" data-element_type=\"widget\" data-e-type=\"widget\" data-widget_type=\"text-editor.default\">\n\t\t\t\t\t\t\t\t\t<h3>Ce que dit la science<\/h3><p>Des recherches montrent que les th\u00e9rapies par le toucher peuvent r\u00e9duire significativement les sympt\u00f4mes de stress, d\u2019anxi\u00e9t\u00e9 et d\u2019\u00e9puisement, en activant les r\u00e9ponses de r\u00e9gulation du syst\u00e8me nerveux autonome (Field, 2014).<\/p><p>Ce type de toucher contribue aussi \u00e0 modifier notre disposition int\u00e9rieure, en facilitant l\u2019\u00e9mergence de sensations de s\u00e9curit\u00e9, de calme, et de disponibilit\u00e9 \u00e0 soi.<\/p>\t\t\t\t\t\t\t\t<\/div>\n\t\t\t\t\t<\/div>\n\t\t\t\t<\/div>\n\t\t<div class=\"elementor-element elementor-element-1292bf8 e-flex e-con-boxed e-con e-parent\" data-id=\"1292bf8\" data-element_type=\"container\" data-e-type=\"container\">\n\t\t\t\t\t<div class=\"e-con-inner\">\n\t\t\t\t<div class=\"elementor-element elementor-element-845be0c elementor-widget elementor-widget-heading\" data-id=\"845be0c\" data-element_type=\"widget\" data-e-type=\"widget\" data-widget_type=\"heading.default\">\n\t\t\t\t\t<h2 class=\"elementor-heading-title elementor-size-default\">Informations pratiques<\/h2>\t\t\t\t<\/div>\n\t\t\t\t<div class=\"elementor-element elementor-element-8ffb103 elementor-widget elementor-widget-text-editor\" data-id=\"8ffb103\" data-element_type=\"widget\" data-e-type=\"widget\" data-widget_type=\"text-editor.default\">\n\t\t\t\t\t\t\t\t\t<p><strong>Dur\u00e9e :<\/strong>\u00a060 to 75 minutes<br \/><strong>Praticien :<\/strong>\u00a0Expert certifi\u00e9 M\u00e9thode Takumi Finch<\/p><p>Peut s\u2019int\u00e9grer dans une cure ou se recevoir en soin unique.<\/p><p>Recommand\u00e9 lors de phases de surcharge, changement ou besoin d\u2019ancrage.<\/p>\t\t\t\t\t\t\t\t<\/div>\n\t\t\t\t<div class=\"elementor-element elementor-element-2f2cde4 elementor-align-center elementor-widget elementor-widget-button\" data-id=\"2f2cde4\" data-element_type=\"widget\" data-e-type=\"widget\" data-widget_type=\"button.default\">\n\t\t\t\t\t\t\t\t\t\t<a class=\"elementor-button elementor-button-link elementor-size-sm\" href=\"https:\/\/takumifinch.com\/fr\/trouver-specialiste\/\">\n\t\t\t\t\t\t<span class=\"elementor-button-content-wrapper\">\n\t\t\t\t\t\t\t\t\t<span class=\"elementor-button-text\">Trouver un Sp\u00e9cialiste<\/span>\n\t\t\t\t\t<\/span>\n\t\t\t\t\t<\/a>\n\t\t\t\t\t\t\t\t<\/div>\n\t\t\t\t<div class=\"elementor-element elementor-element-9c45ec7 elementor-widget-divider--view-line elementor-widget elementor-widget-divider\" data-id=\"9c45ec7\" data-element_type=\"widget\" data-e-type=\"widget\" data-widget_type=\"divider.default\">\n\t\t\t\t\t\t\t<div class=\"elementor-divider\">\n\t\t\t<span class=\"elementor-divider-separator\">\n\t\t\t\t\t\t<\/span>\n\t\t<\/div>\n\t\t\t\t\t\t<\/div>\n\t\t\t\t<div class=\"elementor-element elementor-element-426fe7e elementor-widget elementor-widget-text-editor\" data-id=\"426fe7e\" data-element_type=\"widget\" data-e-type=\"widget\" data-widget_type=\"text-editor.default\">\n\t\t\t\t\t\t\t\t\t<p><b>References<\/b><\/p><main id=\"content\" class=\"site-main post-15193 page type-page status-publish has-post-thumbnail hentry\"><div class=\"page-content\"><div class=\"elementor elementor-15193 elementor-14876\" data-elementor-type=\"wp-page\" data-elementor-id=\"15193\" data-elementor-post-type=\"page\"><div class=\"elementor-element elementor-element-2560013 e-flex e-con-boxed e-con e-parent e-lazyloaded\" data-id=\"2560013\" data-element_type=\"container\"><div class=\"e-con-inner\"><div class=\"elementor-element elementor-element-64c77b8 elementor-widget elementor-widget-text-editor\" data-id=\"64c77b8\" data-element_type=\"widget\" data-widget_type=\"text-editor.default\"><div class=\"elementor-widget-container\"><p>Field, T. (2014). Massage therapy research review.\u00a0<em>Complementary Therapies in Clinical Practice<\/em>, 20(4), 224-229.\u00a0<a href=\"https:\/\/doi.org\/10.1016\/j.ctcp.2014.07.002\">https:\/\/doi.org\/10.1016\/j.ctcp.2014.07.002<\/a><\/p><\/div><\/div><\/div><\/div><\/div><\/div><\/main>\t\t\t\t\t\t\t\t<\/div>\n\t\t\t\t\t<\/div>\n\t\t\t\t<\/div>\n\t\t\t\t<\/div>","protected":false},"excerpt":{"rendered":"<p>Home Kyokut\u0113 Deep restorative facial, emotional and mental relief Presentation This treatment has been thoughtfully created for those facing burnout, or navigating intense pressure, or overwhelming life experiences. It gently releases emotional fatigue stored within the tissues of your face. Stress melts away softly, without pressure. Your face regains its natural ease and vitality. Kyokut\u0113 [&hellip;]<\/p>\n","protected":false},"author":1,"featured_media":0,"parent":37346,"menu_order":0,"comment_status":"closed","ping_status":"closed","template":"","meta":{"inline_featured_image":false,"iawp_total_views":46,"footnotes":""},"class_list":["post-37461","page","type-page","status-publish","hentry"],"yoast_head":"<!-- This site is optimized with the Yoast SEO plugin v27.1.1 - https:\/\/yoast.com\/product\/yoast-seo-wordpress\/ -->\n<title>Kyokut\u0113 - Institut Takumi Finch<\/title>\n<meta name=\"robots\" content=\"index, follow, max-snippet:-1, max-image-preview:large, max-video-preview:-1\" \/>\n<link rel=\"canonical\" href=\"https:\/\/takumifinch.com\/fr\/nos-soins\/soin-kyokute\/\" \/>\n<meta property=\"og:locale\" content=\"fr_FR\" \/>\n<meta property=\"og:type\" content=\"article\" \/>\n<meta property=\"og:title\" content=\"Kyokut\u0113 - Institut Takumi Finch\" \/>\n<meta property=\"og:description\" content=\"Home Kyokut\u0113 Deep restorative facial, emotional and mental relief Presentation This treatment has been thoughtfully created for those facing burnout, or navigating intense pressure, or overwhelming life experiences. It gently releases emotional fatigue stored within the tissues of your face. Stress melts away softly, without pressure. Your face regains its natural ease and vitality. Kyokut\u0113 [&hellip;]\" \/>\n<meta property=\"og:url\" content=\"https:\/\/takumifinch.com\/fr\/nos-soins\/soin-kyokute\/\" \/>\n<meta property=\"og:site_name\" content=\"Institut Takumi Finch\" \/>\n<meta property=\"article:modified_time\" content=\"2026-01-30T16:33:57+00:00\" \/>\n<meta property=\"og:image\" content=\"https:\/\/takumifinch.com\/wp-content\/uploads\/2025\/12\/Laure-Normandin-Kobido-La-Rochelle.jpeg\" \/>\n\t<meta property=\"og:image:width\" content=\"1024\" \/>\n\t<meta property=\"og:image:height\" content=\"683\" \/>\n\t<meta property=\"og:image:type\" content=\"image\/jpeg\" \/>\n<meta name=\"twitter:card\" content=\"summary_large_image\" \/>\n<meta name=\"twitter:label1\" content=\"Dur\u00e9e de lecture estim\u00e9e\" \/>\n\t<meta name=\"twitter:data1\" content=\"1 minute\" \/>\n<script type=\"application\/ld+json\" class=\"yoast-schema-graph\">{\"@context\":\"https:\/\/schema.org\",\"@graph\":[{\"@type\":\"WebPage\",\"@id\":\"https:\/\/takumifinch.com\/our-treatments\/treatment-kyokute\/\",\"url\":\"https:\/\/takumifinch.com\/our-treatments\/treatment-kyokute\/\",\"name\":\"Kyokut\u0113 - Institut Takumi Finch\",\"isPartOf\":{\"@id\":\"https:\/\/takumifinch.com\/#website\"},\"datePublished\":\"2026-01-25T18:31:51+00:00\",\"dateModified\":\"2026-01-30T16:33:57+00:00\",\"breadcrumb\":{\"@id\":\"https:\/\/takumifinch.com\/our-treatments\/treatment-kyokute\/#breadcrumb\"},\"inLanguage\":\"fr-FR\",\"potentialAction\":[{\"@type\":\"ReadAction\",\"target\":[\"https:\/\/takumifinch.com\/our-treatments\/treatment-kyokute\/\"]}]},{\"@type\":\"BreadcrumbList\",\"@id\":\"https:\/\/takumifinch.com\/our-treatments\/treatment-kyokute\/#breadcrumb\",\"itemListElement\":[{\"@type\":\"ListItem\",\"position\":1,\"name\":\"Home\",\"item\":\"https:\/\/takumifinch.com\/\"},{\"@type\":\"ListItem\",\"position\":2,\"name\":\"Our treatments\",\"item\":\"https:\/\/takumifinch.com\/our-treatments\/\"},{\"@type\":\"ListItem\",\"position\":3,\"name\":\"Kyokut\u0113\"}]},{\"@type\":\"WebSite\",\"@id\":\"https:\/\/takumifinch.com\/#website\",\"url\":\"https:\/\/takumifinch.com\/\",\"name\":\"Institut Takumi Finch\",\"description\":\"Formations en bien-\u00eatre th\u00e9rapeutique\",\"publisher\":{\"@id\":\"https:\/\/takumifinch.com\/#organization\"},\"alternateName\":\"Takumi Finch\",\"potentialAction\":[{\"@type\":\"SearchAction\",\"target\":{\"@type\":\"EntryPoint\",\"urlTemplate\":\"https:\/\/takumifinch.com\/?s={search_term_string}\"},\"query-input\":{\"@type\":\"PropertyValueSpecification\",\"valueRequired\":true,\"valueName\":\"search_term_string\"}}],\"inLanguage\":\"fr-FR\"},{\"@type\":\"Organization\",\"@id\":\"https:\/\/takumifinch.com\/#organization\",\"name\":\"Institut Takumi Finch\",\"alternateName\":\"Takumi Finch\",\"url\":\"https:\/\/takumifinch.com\/\",\"logo\":{\"@type\":\"ImageObject\",\"inLanguage\":\"fr-FR\",\"@id\":\"https:\/\/takumifinch.com\/#\/schema\/logo\/image\/\",\"url\":\"https:\/\/takumifinch.com\/wp-content\/uploads\/2025\/10\/logo.svg\",\"contentUrl\":\"https:\/\/takumifinch.com\/wp-content\/uploads\/2025\/10\/logo.svg\",\"caption\":\"Institut Takumi Finch\"},\"image\":{\"@id\":\"https:\/\/takumifinch.com\/#\/schema\/logo\/image\/\"},\"sameAs\":[\"https:\/\/www.instagram.com\/institut_takumifinch\/\",\"https:\/\/www.linkedin.com\/company\/takumi-finch\/\",\"https:\/\/www.youtube.com\/channel\/UCFfkd6KPoJNy-gTVvA_u4mw\"]}]}<\/script>\n<!-- \/ Yoast SEO plugin. -->","yoast_head_json":{"title":"Kyokut\u0113 - Institut Takumi Finch","robots":{"index":"index","follow":"follow","max-snippet":"max-snippet:-1","max-image-preview":"max-image-preview:large","max-video-preview":"max-video-preview:-1"},"canonical":"https:\/\/takumifinch.com\/fr\/nos-soins\/soin-kyokute\/","og_locale":"fr_FR","og_type":"article","og_title":"Kyokut\u0113 - Institut Takumi Finch","og_description":"Home Kyokut\u0113 Deep restorative facial, emotional and mental relief Presentation This treatment has been thoughtfully created for those facing burnout, or navigating intense pressure, or overwhelming life experiences. It gently releases emotional fatigue stored within the tissues of your face. Stress melts away softly, without pressure. Your face regains its natural ease and vitality. Kyokut\u0113 [&hellip;]","og_url":"https:\/\/takumifinch.com\/fr\/nos-soins\/soin-kyokute\/","og_site_name":"Institut Takumi Finch","article_modified_time":"2026-01-30T16:33:57+00:00","og_image":[{"width":1024,"height":683,"url":"https:\/\/takumifinch.com\/wp-content\/uploads\/2025\/12\/Laure-Normandin-Kobido-La-Rochelle.jpeg","type":"image\/jpeg"}],"twitter_card":"summary_large_image","twitter_misc":{"Dur\u00e9e de lecture estim\u00e9e":"1 minute"},"schema":{"@context":"https:\/\/schema.org","@graph":[{"@type":"WebPage","@id":"https:\/\/takumifinch.com\/our-treatments\/treatment-kyokute\/","url":"https:\/\/takumifinch.com\/our-treatments\/treatment-kyokute\/","name":"Kyokut\u0113 - Institut Takumi Finch","isPartOf":{"@id":"https:\/\/takumifinch.com\/#website"},"datePublished":"2026-01-25T18:31:51+00:00","dateModified":"2026-01-30T16:33:57+00:00","breadcrumb":{"@id":"https:\/\/takumifinch.com\/our-treatments\/treatment-kyokute\/#breadcrumb"},"inLanguage":"fr-FR","potentialAction":[{"@type":"ReadAction","target":["https:\/\/takumifinch.com\/our-treatments\/treatment-kyokute\/"]}]},{"@type":"BreadcrumbList","@id":"https:\/\/takumifinch.com\/our-treatments\/treatment-kyokute\/#breadcrumb","itemListElement":[{"@type":"ListItem","position":1,"name":"Home","item":"https:\/\/takumifinch.com\/"},{"@type":"ListItem","position":2,"name":"Our treatments","item":"https:\/\/takumifinch.com\/our-treatments\/"},{"@type":"ListItem","position":3,"name":"Kyokut\u0113"}]},{"@type":"WebSite","@id":"https:\/\/takumifinch.com\/#website","url":"https:\/\/takumifinch.com\/","name":"Institut Takumi Finch","description":"Formations en bien-\u00eatre th\u00e9rapeutique","publisher":{"@id":"https:\/\/takumifinch.com\/#organization"},"alternateName":"Takumi Finch","potentialAction":[{"@type":"SearchAction","target":{"@type":"EntryPoint","urlTemplate":"https:\/\/takumifinch.com\/?s={search_term_string}"},"query-input":{"@type":"PropertyValueSpecification","valueRequired":true,"valueName":"search_term_string"}}],"inLanguage":"fr-FR"},{"@type":"Organization","@id":"https:\/\/takumifinch.com\/#organization","name":"Institut Takumi Finch","alternateName":"Takumi Finch","url":"https:\/\/takumifinch.com\/","logo":{"@type":"ImageObject","inLanguage":"fr-FR","@id":"https:\/\/takumifinch.com\/#\/schema\/logo\/image\/","url":"https:\/\/takumifinch.com\/wp-content\/uploads\/2025\/10\/logo.svg","contentUrl":"https:\/\/takumifinch.com\/wp-content\/uploads\/2025\/10\/logo.svg","caption":"Institut Takumi Finch"},"image":{"@id":"https:\/\/takumifinch.com\/#\/schema\/logo\/image\/"},"sameAs":["https:\/\/www.instagram.com\/institut_takumifinch\/","https:\/\/www.linkedin.com\/company\/takumi-finch\/","https:\/\/www.youtube.com\/channel\/UCFfkd6KPoJNy-gTVvA_u4mw"]}]}},"_links":{"self":[{"href":"https:\/\/takumifinch.com\/fr\/wp-json\/wp\/v2\/pages\/37461","targetHints":{"allow":["GET"]}}],"collection":[{"href":"https:\/\/takumifinch.com\/fr\/wp-json\/wp\/v2\/pages"}],"about":[{"href":"https:\/\/takumifinch.com\/fr\/wp-json\/wp\/v2\/types\/page"}],"author":[{"embeddable":true,"href":"https:\/\/takumifinch.com\/fr\/wp-json\/wp\/v2\/users\/1"}],"replies":[{"embeddable":true,"href":"https:\/\/takumifinch.com\/fr\/wp-json\/wp\/v2\/comments?post=37461"}],"version-history":[{"count":0,"href":"https:\/\/takumifinch.com\/fr\/wp-json\/wp\/v2\/pages\/37461\/revisions"}],"up":[{"embeddable":true,"href":"https:\/\/takumifinch.com\/fr\/wp-json\/wp\/v2\/pages\/37346"}],"wp:attachment":[{"href":"https:\/\/takumifinch.com\/fr\/wp-json\/wp\/v2\/media?parent=37461"}],"curies":[{"name":"wp","href":"https:\/\/api.w.org\/{rel}","templated":true}]}}