{"id":37603,"date":"2026-01-26T11:55:00","date_gmt":"2026-01-26T10:55:00","guid":{"rendered":"https:\/\/azure-crane-105192.hostingersite.com\/?page_id=37603"},"modified":"2026-01-26T12:03:00","modified_gmt":"2026-01-26T11:03:00","slug":"mentions-legales","status":"publish","type":"page","link":"https:\/\/takumifinch.com\/fr\/legal-notice\/","title":{"rendered":"Mentions l\u00e9gales"},"content":{"rendered":"<div data-elementor-type=\"wp-page\" data-elementor-id=\"37603\" class=\"elementor elementor-37603\" data-elementor-post-type=\"page\">\n\t\t\t\t<div class=\"elementor-element elementor-element-5ade181 e-flex e-con-boxed e-con e-parent\" data-id=\"5ade181\" data-element_type=\"container\" data-e-type=\"container\">\n\t\t\t\t\t<div class=\"e-con-inner\">\n\t\t\t\t<div class=\"elementor-element elementor-element-ebf5f87 elementor-widget elementor-widget-hfe-breadcrumbs-widget\" data-id=\"ebf5f87\" data-element_type=\"widget\" data-e-type=\"widget\" data-widget_type=\"hfe-breadcrumbs-widget.default\">\n\t\t\t\t<div class=\"elementor-widget-container\">\n\t\t\t\t\t<nav aria-label=\"Breadcrumb\"><ul class=\"hfe-breadcrumbs hfe-breadcrumbs-show-home\"><li class=\"hfe-breadcrumbs-item hfe-breadcrumbs-first\"><span class=\"hfe-breadcrumbs-home-icon\"><\/span><a href=\"https:\/\/takumifinch.com\/fr\"><span class=\"hfe-breadcrumbs-text\">Accueil<\/span><\/a><\/li><\/ul><\/nav>\t\t\t\t<\/div>\n\t\t\t\t<\/div>\n\t\t\t\t<div class=\"elementor-element elementor-element-d4ee10a elementor-widget elementor-widget-heading\" data-id=\"d4ee10a\" data-element_type=\"widget\" data-e-type=\"widget\" data-widget_type=\"heading.default\">\n\t\t\t\t\t<h1 class=\"elementor-heading-title elementor-size-default\">Mentions l\u00e9gales\n<\/h1>\t\t\t\t<\/div>\n\t\t\t\t\t<\/div>\n\t\t\t\t<\/div>\n\t\t<div class=\"elementor-element elementor-element-0b64c12 e-flex e-con-boxed e-con e-parent\" data-id=\"0b64c12\" data-element_type=\"container\" data-e-type=\"container\">\n\t\t\t\t\t<div class=\"e-con-inner\">\n\t\t\t\t<div class=\"elementor-element elementor-element-bede6ae elementor-widget elementor-widget-text-editor\" data-id=\"bede6ae\" data-element_type=\"widget\" data-e-type=\"widget\" data-widget_type=\"text-editor.default\">\n\t\t\t\t\t\t\t\t\t<p><strong>Raison sociale :<\/strong> Institut Takumi Finch<br><strong>Statut juridique :<\/strong> SARL au capital de 5000 \u20ac<br><strong>Si\u00e8ge social :<\/strong> 30 avenue de Moutille, 33360 C\u00e9nac, France<br><strong>Siret No.:<\/strong> 832 632 269 00011<br><strong>N\u00b0 de d\u00e9claration d\u2019activit\u00e9 :<\/strong> Centre de Formation enregistr\u00e9e sous le num\u00e9ro 75331152133 aupr\u00e8s Pr\u00e9fet de r\u00e9gion Nouvelle-Aquitaine<em><br><\/em><strong style=\"font-size: 1.6rem;\"><br><\/strong><\/p><p><strong style=\"font-size: 1.6rem;\">Directeur de la publication :<\/strong><span style=\"font-size: 1.6rem;\"> Sandrine Finch<\/span><strong><\/strong><\/p><p><span style=\"font-weight: bolder;\">Email :<\/span>&nbsp;admin@takumifinch.com<\/p><div><strong style=\"font-size: 1.6rem;\">H\u00e9bergeur du site :<\/strong><span style=\"font-size: 1.6rem;\"> Hostinger UAB,&nbsp;<\/span><span style=\"font-size: 1.6rem; color: rgb(34, 34, 37);\">\u0160vitrigailos str. 34, Vilnius 03230 Lithuania. <\/span><span style=\"font-size: 1.6rem; color: rgb(34, 34, 37);\">Localisation du serveur de ce site web : France<\/span><\/div>\n<p><strong><br><br>Derni\u00e8re mise \u00e0 jour de cette page :<\/strong> 26\/01\/2026<\/p>\t\t\t\t\t\t\t\t<\/div>\n\t\t\t\t\t<\/div>\n\t\t\t\t<\/div>\n\t\t\t\t<\/div>","protected":false},"excerpt":{"rendered":"<p>Home Legal Notice Company name: Institut Takumi FinchLegal status: SARL with a capital of \u20ac5000Registered office: 30 avenue de Moutille, 33360 C\u00e9nac, FranceSiret No.: 832 632 269 00011Activity declaration No.: Training Center registered under number 75331152133 with the Prefect of the Nouvelle-Aquitaine region Publication Director: Sandrine Finch Email:&nbsp;admin@takumifinch.com Website host: Hostinger UAB,&nbsp;\u0160vitrigailos str. 34, Vilnius [&hellip;]<\/p>\n","protected":false},"author":1,"featured_media":0,"parent":0,"menu_order":0,"comment_status":"closed","ping_status":"closed","template":"","meta":{"inline_featured_image":false,"iawp_total_views":21,"footnotes":""},"class_list":["post-37603","page","type-page","status-publish","hentry"],"yoast_head":"<!-- This site is optimized with the Yoast SEO plugin v27.1.1 - https:\/\/yoast.com\/product\/yoast-seo-wordpress\/ -->\n<title>Legal Notice - Institut Takumi Finch<\/title>\n<meta name=\"robots\" content=\"index, follow, max-snippet:-1, max-image-preview:large, max-video-preview:-1\" \/>\n<link rel=\"canonical\" href=\"https:\/\/takumifinch.com\/fr\/mentions-legales\/\" \/>\n<meta property=\"og:locale\" content=\"fr_FR\" \/>\n<meta property=\"og:type\" content=\"article\" \/>\n<meta property=\"og:title\" content=\"Legal Notice - Institut Takumi Finch\" \/>\n<meta property=\"og:description\" content=\"Home Legal Notice Company name: Institut Takumi FinchLegal status: SARL with a capital of \u20ac5000Registered office: 30 avenue de Moutille, 33360 C\u00e9nac, FranceSiret No.: 832 632 269 00011Activity declaration No.: Training Center registered under number 75331152133 with the Prefect of the Nouvelle-Aquitaine region Publication Director: Sandrine Finch Email:&nbsp;admin@takumifinch.com Website host: Hostinger UAB,&nbsp;\u0160vitrigailos str. 34, Vilnius [&hellip;]\" \/>\n<meta property=\"og:url\" content=\"https:\/\/takumifinch.com\/fr\/mentions-legales\/\" \/>\n<meta property=\"og:site_name\" content=\"Institut Takumi Finch\" \/>\n<meta property=\"article:modified_time\" content=\"2026-01-26T11:03:00+00:00\" \/>\n<meta property=\"og:image\" content=\"https:\/\/takumifinch.com\/wp-content\/uploads\/2025\/12\/Laure-Normandin-Kobido-La-Rochelle.jpeg\" \/>\n\t<meta property=\"og:image:width\" content=\"1024\" \/>\n\t<meta property=\"og:image:height\" content=\"683\" \/>\n\t<meta property=\"og:image:type\" content=\"image\/jpeg\" \/>\n<meta name=\"twitter:card\" content=\"summary_large_image\" \/>\n<meta name=\"twitter:label1\" content=\"Dur\u00e9e de lecture estim\u00e9e\" \/>\n\t<meta name=\"twitter:data1\" content=\"1 minute\" \/>\n<script type=\"application\/ld+json\" class=\"yoast-schema-graph\">{\"@context\":\"https:\/\/schema.org\",\"@graph\":[{\"@type\":\"WebPage\",\"@id\":\"https:\/\/takumifinch.com\/legal-notice\/\",\"url\":\"https:\/\/takumifinch.com\/legal-notice\/\",\"name\":\"Legal Notice - Institut Takumi Finch\",\"isPartOf\":{\"@id\":\"https:\/\/takumifinch.com\/#website\"},\"datePublished\":\"2026-01-26T10:55:00+00:00\",\"dateModified\":\"2026-01-26T11:03:00+00:00\",\"breadcrumb\":{\"@id\":\"https:\/\/takumifinch.com\/legal-notice\/#breadcrumb\"},\"inLanguage\":\"fr-FR\",\"potentialAction\":[{\"@type\":\"ReadAction\",\"target\":[\"https:\/\/takumifinch.com\/legal-notice\/\"]}]},{\"@type\":\"BreadcrumbList\",\"@id\":\"https:\/\/takumifinch.com\/legal-notice\/#breadcrumb\",\"itemListElement\":[{\"@type\":\"ListItem\",\"position\":1,\"name\":\"Home\",\"item\":\"https:\/\/takumifinch.com\/\"},{\"@type\":\"ListItem\",\"position\":2,\"name\":\"Legal Notice\"}]},{\"@type\":\"WebSite\",\"@id\":\"https:\/\/takumifinch.com\/#website\",\"url\":\"https:\/\/takumifinch.com\/\",\"name\":\"Institut Takumi Finch\",\"description\":\"Formations en bien-\u00eatre th\u00e9rapeutique\",\"publisher\":{\"@id\":\"https:\/\/takumifinch.com\/#organization\"},\"alternateName\":\"Takumi Finch\",\"potentialAction\":[{\"@type\":\"SearchAction\",\"target\":{\"@type\":\"EntryPoint\",\"urlTemplate\":\"https:\/\/takumifinch.com\/?s={search_term_string}\"},\"query-input\":{\"@type\":\"PropertyValueSpecification\",\"valueRequired\":true,\"valueName\":\"search_term_string\"}}],\"inLanguage\":\"fr-FR\"},{\"@type\":\"Organization\",\"@id\":\"https:\/\/takumifinch.com\/#organization\",\"name\":\"Institut Takumi Finch\",\"alternateName\":\"Takumi Finch\",\"url\":\"https:\/\/takumifinch.com\/\",\"logo\":{\"@type\":\"ImageObject\",\"inLanguage\":\"fr-FR\",\"@id\":\"https:\/\/takumifinch.com\/#\/schema\/logo\/image\/\",\"url\":\"https:\/\/takumifinch.com\/wp-content\/uploads\/2025\/10\/logo.svg\",\"contentUrl\":\"https:\/\/takumifinch.com\/wp-content\/uploads\/2025\/10\/logo.svg\",\"caption\":\"Institut Takumi Finch\"},\"image\":{\"@id\":\"https:\/\/takumifinch.com\/#\/schema\/logo\/image\/\"},\"sameAs\":[\"https:\/\/www.instagram.com\/institut_takumifinch\/\",\"https:\/\/www.linkedin.com\/company\/takumi-finch\/\",\"https:\/\/www.youtube.com\/channel\/UCFfkd6KPoJNy-gTVvA_u4mw\"]}]}<\/script>\n<!-- \/ Yoast SEO plugin. -->","yoast_head_json":{"title":"Mentions l\u00e9gales - Institut Takumi Finch","robots":{"index":"index","follow":"follow","max-snippet":"max-snippet:-1","max-image-preview":"max-image-preview:large","max-video-preview":"max-video-preview:-1"},"canonical":"https:\/\/takumifinch.com\/fr\/mentions-legales\/","og_locale":"fr_FR","og_type":"article","og_title":"Legal Notice - Institut Takumi Finch","og_description":"Home Legal Notice Company name: Institut Takumi FinchLegal status: SARL with a capital of \u20ac5000Registered office: 30 avenue de Moutille, 33360 C\u00e9nac, FranceSiret No.: 832 632 269 00011Activity declaration No.: Training Center registered under number 75331152133 with the Prefect of the Nouvelle-Aquitaine region Publication Director: Sandrine Finch Email:&nbsp;admin@takumifinch.com Website host: Hostinger UAB,&nbsp;\u0160vitrigailos str. 34, Vilnius [&hellip;]","og_url":"https:\/\/takumifinch.com\/fr\/mentions-legales\/","og_site_name":"Institut Takumi Finch","article_modified_time":"2026-01-26T11:03:00+00:00","og_image":[{"width":1024,"height":683,"url":"https:\/\/takumifinch.com\/wp-content\/uploads\/2025\/12\/Laure-Normandin-Kobido-La-Rochelle.jpeg","type":"image\/jpeg"}],"twitter_card":"summary_large_image","twitter_misc":{"Dur\u00e9e de lecture estim\u00e9e":"1 minute"},"schema":{"@context":"https:\/\/schema.org","@graph":[{"@type":"WebPage","@id":"https:\/\/takumifinch.com\/legal-notice\/","url":"https:\/\/takumifinch.com\/legal-notice\/","name":"Mentions l\u00e9gales - Institut Takumi Finch","isPartOf":{"@id":"https:\/\/takumifinch.com\/#website"},"datePublished":"2026-01-26T10:55:00+00:00","dateModified":"2026-01-26T11:03:00+00:00","breadcrumb":{"@id":"https:\/\/takumifinch.com\/legal-notice\/#breadcrumb"},"inLanguage":"fr-FR","potentialAction":[{"@type":"ReadAction","target":["https:\/\/takumifinch.com\/legal-notice\/"]}]},{"@type":"BreadcrumbList","@id":"https:\/\/takumifinch.com\/legal-notice\/#breadcrumb","itemListElement":[{"@type":"ListItem","position":1,"name":"Home","item":"https:\/\/takumifinch.com\/"},{"@type":"ListItem","position":2,"name":"Legal Notice"}]},{"@type":"WebSite","@id":"https:\/\/takumifinch.com\/#website","url":"https:\/\/takumifinch.com\/","name":"Institut Takumi Finch","description":"Formations en bien-\u00eatre th\u00e9rapeutique","publisher":{"@id":"https:\/\/takumifinch.com\/#organization"},"alternateName":"Takumi Finch","potentialAction":[{"@type":"SearchAction","target":{"@type":"EntryPoint","urlTemplate":"https:\/\/takumifinch.com\/?s={search_term_string}"},"query-input":{"@type":"PropertyValueSpecification","valueRequired":true,"valueName":"search_term_string"}}],"inLanguage":"fr-FR"},{"@type":"Organization","@id":"https:\/\/takumifinch.com\/#organization","name":"Institut Takumi Finch","alternateName":"Takumi Finch","url":"https:\/\/takumifinch.com\/","logo":{"@type":"ImageObject","inLanguage":"fr-FR","@id":"https:\/\/takumifinch.com\/#\/schema\/logo\/image\/","url":"https:\/\/takumifinch.com\/wp-content\/uploads\/2025\/10\/logo.svg","contentUrl":"https:\/\/takumifinch.com\/wp-content\/uploads\/2025\/10\/logo.svg","caption":"Institut Takumi Finch"},"image":{"@id":"https:\/\/takumifinch.com\/#\/schema\/logo\/image\/"},"sameAs":["https:\/\/www.instagram.com\/institut_takumifinch\/","https:\/\/www.linkedin.com\/company\/takumi-finch\/","https:\/\/www.youtube.com\/channel\/UCFfkd6KPoJNy-gTVvA_u4mw"]}]}},"_links":{"self":[{"href":"https:\/\/takumifinch.com\/fr\/wp-json\/wp\/v2\/pages\/37603","targetHints":{"allow":["GET"]}}],"collection":[{"href":"https:\/\/takumifinch.com\/fr\/wp-json\/wp\/v2\/pages"}],"about":[{"href":"https:\/\/takumifinch.com\/fr\/wp-json\/wp\/v2\/types\/page"}],"author":[{"embeddable":true,"href":"https:\/\/takumifinch.com\/fr\/wp-json\/wp\/v2\/users\/1"}],"replies":[{"embeddable":true,"href":"https:\/\/takumifinch.com\/fr\/wp-json\/wp\/v2\/comments?post=37603"}],"version-history":[{"count":0,"href":"https:\/\/takumifinch.com\/fr\/wp-json\/wp\/v2\/pages\/37603\/revisions"}],"wp:attachment":[{"href":"https:\/\/takumifinch.com\/fr\/wp-json\/wp\/v2\/media?parent=37603"}],"curies":[{"name":"wp","href":"https:\/\/api.w.org\/{rel}","templated":true}]}}